{"id":65,"date":"2022-01-17T13:56:08","date_gmt":"2022-01-17T10:56:08","guid":{"rendered":"https:\/\/bogazicisu.com\/magaza\/?post_type=product&#038;p=65"},"modified":"2026-04-23T15:02:00","modified_gmt":"2026-04-23T12:02:00","slug":"11-ve-20-galon-tank-plastik-baglanti-parcasi","status":"publish","type":"product","link":"https:\/\/bogazicisu.com\/magaza\/urun\/11-ve-20-galon-tank-plastik-baglanti-parcasi\/","title":{"rendered":"11 ve 20 Galon Tank Plastik Ba\u011flant\u0131 Par\u00e7as\u0131"},"content":{"rendered":"","protected":false},"excerpt":{"rendered":"","protected":false},"featured_media":95,"comment_status":"open","ping_status":"closed","template":"","meta":{"_themeisle_gutenberg_block_has_review":false},"product_cat":[25],"product_tag":[26,27,28,29,30,31],"class_list":{"0":"post-65","1":"product","2":"type-product","3":"status-publish","4":"has-post-thumbnail","6":"product_brand-bogazici","7":"product_cat-baglanti-aparatlari","8":"product_tag-aparat","9":"product_tag-aparatlar","10":"product_tag-baglanti","11":"product_tag-baglanti-ekipmanlari","12":"product_tag-ekipman","13":"product_tag-su","15":"first","16":"instock","17":"taxable","18":"shipping-taxable","19":"purchasable","20":"product-type-simple","21":"col-xs-6 col-sm-4","22":"col-md-3 col-lg-3","23":"un-4-cols"},"_links":{"self":[{"href":"https:\/\/bogazicisu.com\/magaza\/wp-json\/wp\/v2\/product\/65","targetHints":{"allow":["GET"]}}],"collection":[{"href":"https:\/\/bogazicisu.com\/magaza\/wp-json\/wp\/v2\/product"}],"about":[{"href":"https:\/\/bogazicisu.com\/magaza\/wp-json\/wp\/v2\/types\/product"}],"replies":[{"embeddable":true,"href":"https:\/\/bogazicisu.com\/magaza\/wp-json\/wp\/v2\/comments?post=65"}],"wp:featuredmedia":[{"embeddable":true,"href":"https:\/\/bogazicisu.com\/magaza\/wp-json\/wp\/v2\/media\/95"}],"wp:attachment":[{"href":"https:\/\/bogazicisu.com\/magaza\/wp-json\/wp\/v2\/media?parent=65"}],"wp:term":[{"taxonomy":"product_cat","embeddable":true,"href":"https:\/\/bogazicisu.com\/magaza\/wp-json\/wp\/v2\/product_cat?post=65"},{"taxonomy":"product_tag","embeddable":true,"href":"https:\/\/bogazicisu.com\/magaza\/wp-json\/wp\/v2\/product_tag?post=65"}],"curies":[{"name":"wp","href":"https:\/\/api.w.org\/{rel}","templated":true}]}}