{"id":5100,"date":"2023-08-17T12:16:32","date_gmt":"2023-08-17T09:16:32","guid":{"rendered":"https:\/\/bogazicisu.com\/magaza\/?post_type=product&#038;p=5100"},"modified":"2025-05-24T10:33:31","modified_gmt":"2025-05-24T07:33:31","slug":"gri-su-aritma-sistemleri","status":"publish","type":"product","link":"https:\/\/bogazicisu.com\/magaza\/urun\/gri-su-aritma-sistemleri\/","title":{"rendered":"Gri Su Ar\u0131tma Sistemleri"},"content":{"rendered":"<p><strong>MBR \u0130LE GR\u0130 SU ARITIM S\u0130STEMLER\u0130<\/strong><br \/>\nGri su, at\u0131k suyun siyah su ve gri su olarak iki kategoriye ayr\u0131ld\u0131\u011f\u0131 bir s\u00fcre\u00e7te \u00f6nemli bir yer tutar. Gri su, d\u00fc\u015f\u00fck besin i\u00e7eri\u011fi nedeniyle ar\u0131tma maliyeti a\u00e7\u0131s\u0131ndan daha ekonomik bir se\u00e7enektir. El y\u0131kama lavabolar\u0131, du\u015flar ve banyolardan kaynaklanan gri su, yerinde geri d\u00f6n\u00fc\u015ft\u00fcr\u00fclerek klozet sifonlar\u0131, bah\u00e7e sulamalar\u0131 ve ara\u00e7 y\u0131kama gibi ama\u00e7lar i\u00e7in kullan\u0131labilir. Greyline Gri Su ar\u0131t\u0131m tesislerinde kullan\u0131lan teknoloji, temel olarak PTFE MBR Sistemine dayan\u0131r. Bu sistemler, genellikle kullan\u0131ma haz\u0131r olup, ihtiyaca \u00f6zel olarak uyarlanabilir \u015fekilde tasarlanabilir.<\/p>\n<p><strong>UF \u0130LE GR\u0130 SU ARITIM S\u0130STEMLER\u0130<\/strong><br \/>\nUF (Ultrafiltrasyon) y\u00f6ntemi ile de gri su ar\u0131t\u0131m\u0131 ger\u00e7ekle\u015ftirilebilir. Gri su, genellikle el y\u0131kama lavabolar\u0131, banyo ve du\u015flardan gelen sular\u0131 i\u00e7erir. UF sistemleri, kum ve karbon filtre sistemleri veya havaland\u0131rmal\u0131 ve biyolojik medya ile dolu dengeleme tanklar\u0131 ile birlikte kullan\u0131labilir. Son a\u015famada, ar\u0131t\u0131lm\u0131\u015f su, UV sisteminden ge\u00e7irilerek veya klor ile dezenfekte edilerek kullan\u0131labilir hale getirilir. Ar\u0131t\u0131lm\u0131\u015f gri su, ara\u00e7 y\u0131kama, bah\u00e7e sulama ve tuvalet y\u0131kama gibi alanlarda tekrar kullan\u0131labilir.<\/p>\n","protected":false},"excerpt":{"rendered":"<p><strong>MBR \u0130LE GR\u0130 SU ARITIM S\u0130STEMLER\u0130<\/strong><br \/>\nGri su, at\u0131k suyun siyah su ve gri su olarak iki kategoriye ayr\u0131ld\u0131\u011f\u0131 bir s\u00fcre\u00e7te \u00f6nemli bir yer tutar. Gri su, d\u00fc\u015f\u00fck besin i\u00e7eri\u011fi nedeniyle ar\u0131tma maliyeti a\u00e7\u0131s\u0131ndan daha ekonomik bir se\u00e7enektir. El y\u0131kama lavabolar\u0131, du\u015flar ve banyolardan kaynaklanan gri su, yerinde geri d\u00f6n\u00fc\u015ft\u00fcr\u00fclerek klozet sifonlar\u0131, bah\u00e7e sulamalar\u0131 ve ara\u00e7 y\u0131kama gibi ama\u00e7lar i\u00e7in kullan\u0131labilir. Greyline Gri Su ar\u0131t\u0131m tesislerinde kullan\u0131lan teknoloji, temel olarak PTFE MBR Sistemine dayan\u0131r. Bu sistemler, genellikle kullan\u0131ma haz\u0131r olup, ihtiyaca \u00f6zel olarak uyarlanabilir \u015fekilde tasarlanabilir.<\/p>\n<p><strong>UF \u0130LE GR\u0130 SU ARITIM S\u0130STEMLER\u0130<\/strong><br \/>\nUF (Ultrafiltrasyon) y\u00f6ntemi ile de gri su ar\u0131t\u0131m\u0131 ger\u00e7ekle\u015ftirilebilir. Gri su, genellikle el y\u0131kama lavabolar\u0131, banyo ve du\u015flardan gelen sular\u0131 i\u00e7erir. UF sistemleri, kum ve karbon filtre sistemleri veya havaland\u0131rmal\u0131 ve biyolojik medya ile dolu dengeleme tanklar\u0131 ile birlikte kullan\u0131labilir. Son a\u015famada, ar\u0131t\u0131lm\u0131\u015f su, UV sisteminden ge\u00e7irilerek veya klor ile dezenfekte edilerek kullan\u0131labilir hale getirilir. Ar\u0131t\u0131lm\u0131\u015f gri su, ara\u00e7 y\u0131kama, bah\u00e7e sulama ve tuvalet y\u0131kama gibi alanlarda tekrar kullan\u0131labilir.<\/p>\n","protected":false},"featured_media":5101,"comment_status":"open","ping_status":"closed","template":"","meta":{"_themeisle_gutenberg_block_has_review":false},"product_cat":[334],"product_tag":[],"class_list":{"0":"post-5100","1":"product","2":"type-product","3":"status-publish","4":"has-post-thumbnail","6":"product_brand-bogazici","7":"product_cat-gri-su-aritma-sistemleri","9":"first","10":"instock","11":"taxable","12":"shipping-taxable","13":"product-type-simple","14":"col-xs-6 col-sm-4","15":"col-md-3 col-lg-3","16":"un-4-cols"},"_links":{"self":[{"href":"https:\/\/bogazicisu.com\/magaza\/wp-json\/wp\/v2\/product\/5100","targetHints":{"allow":["GET"]}}],"collection":[{"href":"https:\/\/bogazicisu.com\/magaza\/wp-json\/wp\/v2\/product"}],"about":[{"href":"https:\/\/bogazicisu.com\/magaza\/wp-json\/wp\/v2\/types\/product"}],"replies":[{"embeddable":true,"href":"https:\/\/bogazicisu.com\/magaza\/wp-json\/wp\/v2\/comments?post=5100"}],"wp:featuredmedia":[{"embeddable":true,"href":"https:\/\/bogazicisu.com\/magaza\/wp-json\/wp\/v2\/media\/5101"}],"wp:attachment":[{"href":"https:\/\/bogazicisu.com\/magaza\/wp-json\/wp\/v2\/media?parent=5100"}],"wp:term":[{"taxonomy":"product_cat","embeddable":true,"href":"https:\/\/bogazicisu.com\/magaza\/wp-json\/wp\/v2\/product_cat?post=5100"},{"taxonomy":"product_tag","embeddable":true,"href":"https:\/\/bogazicisu.com\/magaza\/wp-json\/wp\/v2\/product_tag?post=5100"}],"curies":[{"name":"wp","href":"https:\/\/api.w.org\/{rel}","templated":true}]}}