{"id":5082,"date":"2023-08-15T18:34:14","date_gmt":"2023-08-15T15:34:14","guid":{"rendered":"https:\/\/bogazicisu.com\/magaza\/?post_type=product&#038;p=5082"},"modified":"2025-05-24T10:35:37","modified_gmt":"2025-05-24T07:35:37","slug":"portatif-ve-endustriyel-ozonlama-sistemleri","status":"publish","type":"product","link":"https:\/\/bogazicisu.com\/magaza\/urun\/portatif-ve-endustriyel-ozonlama-sistemleri\/","title":{"rendered":"Portatif ve End\u00fcstriyel Ozonlama Sistemleri"},"content":{"rendered":"<p>Ta\u015f\u0131nabilir ve End\u00fcstriyel Ozonlama Sistemleri, portatif hava temizleyici \u00fcr\u00fcnlerimiz, h\u0131zl\u0131 bir \u015fekilde bakteri, vir\u00fcs, sigara kokusu ve istenmeyen kokular\u0131 ortadan kald\u0131r\u0131r. Ara\u00e7 i\u00e7i sterilizasyondan su sebillerinin dezenfeksiyonuna, Ar-Ge \u00e7al\u0131\u015fmalar\u0131ndan di\u011fer kullan\u0131m alanlar\u0131na kadar geni\u015f bir yelpazede m\u00fckemmel sonu\u00e7lar elde edilir.<\/p>\n<p>Cihaz \u00fczerindeki dijital zamanlay\u0131c\u0131, \u00e7al\u0131\u015fma s\u00fcresini 0 ile 60 dakika aras\u0131nda ayarlamak i\u00e7in kullan\u0131labilir. Paslanmaz \u00e7elikten imal edilen cihaz uzun y\u0131llar boyunca g\u00fcvenle kullan\u0131labilir.<\/p>\n<p>Cihaz\u0131n i\u00e7eri\u011finde, s\u0131v\u0131larda veya hava uygulamalar\u0131nda kullan\u0131lmak \u00fczere \u00f6zel uygulama aparatlar\u0131 bulunmaktad\u0131r.<\/p>\n<p>Ba\u015fl\u0131ca Uygulama Alanlar\u0131<\/p>\n<p>Ara\u00e7 Servisleri<br \/>\nOto Kuaf\u00f6rleri<br \/>\nSu Sebilleri<br \/>\nAR-GE Uygulamalar\u0131<br \/>\nHastaneler<br \/>\nG\u0131da Depolar\u0131<br \/>\nTicari Buzdolaplar\u0131<br \/>\nRestoran Mutfaklar\u0131<br \/>\nHayvan Bar\u0131naklar\u0131<br \/>\nBodrum Katlar\u0131<\/p>\n","protected":false},"excerpt":{"rendered":"<p>Ta\u015f\u0131nabilir ve End\u00fcstriyel Ozonlama Sistemleri, portatif hava temizleyici \u00fcr\u00fcnlerimiz, h\u0131zl\u0131 bir \u015fekilde bakteri, vir\u00fcs, sigara kokusu ve istenmeyen kokular\u0131 ortadan kald\u0131r\u0131r. Ara\u00e7 i\u00e7i sterilizasyondan su sebillerinin dezenfeksiyonuna, Ar-Ge \u00e7al\u0131\u015fmalar\u0131ndan di\u011fer kullan\u0131m alanlar\u0131na kadar geni\u015f bir yelpazede m\u00fckemmel sonu\u00e7lar elde edilir.<\/p>\n","protected":false},"featured_media":5083,"comment_status":"open","ping_status":"closed","template":"","meta":{"_themeisle_gutenberg_block_has_review":false},"product_cat":[331],"product_tag":[],"class_list":{"0":"post-5082","1":"product","2":"type-product","3":"status-publish","4":"has-post-thumbnail","6":"product_brand-bogazici","7":"product_cat-dezenfeksiyon-cihazlari","9":"first","10":"instock","11":"taxable","12":"shipping-taxable","13":"product-type-simple","14":"col-xs-6 col-sm-4","15":"col-md-3 col-lg-3","16":"un-4-cols"},"_links":{"self":[{"href":"https:\/\/bogazicisu.com\/magaza\/wp-json\/wp\/v2\/product\/5082","targetHints":{"allow":["GET"]}}],"collection":[{"href":"https:\/\/bogazicisu.com\/magaza\/wp-json\/wp\/v2\/product"}],"about":[{"href":"https:\/\/bogazicisu.com\/magaza\/wp-json\/wp\/v2\/types\/product"}],"replies":[{"embeddable":true,"href":"https:\/\/bogazicisu.com\/magaza\/wp-json\/wp\/v2\/comments?post=5082"}],"wp:featuredmedia":[{"embeddable":true,"href":"https:\/\/bogazicisu.com\/magaza\/wp-json\/wp\/v2\/media\/5083"}],"wp:attachment":[{"href":"https:\/\/bogazicisu.com\/magaza\/wp-json\/wp\/v2\/media?parent=5082"}],"wp:term":[{"taxonomy":"product_cat","embeddable":true,"href":"https:\/\/bogazicisu.com\/magaza\/wp-json\/wp\/v2\/product_cat?post=5082"},{"taxonomy":"product_tag","embeddable":true,"href":"https:\/\/bogazicisu.com\/magaza\/wp-json\/wp\/v2\/product_tag?post=5082"}],"curies":[{"name":"wp","href":"https:\/\/api.w.org\/{rel}","templated":true}]}}