{"id":5069,"date":"2023-08-15T18:21:00","date_gmt":"2023-08-15T15:21:00","guid":{"rendered":"https:\/\/bogazicisu.com\/magaza\/?post_type=product&#038;p=5069"},"modified":"2025-05-26T16:37:40","modified_gmt":"2025-05-26T13:37:40","slug":"cp5000-dezenfeksiyon-cihazi","status":"publish","type":"product","link":"https:\/\/bogazicisu.com\/magaza\/urun\/cp5000-dezenfeksiyon-cihazi\/","title":{"rendered":"CP5000 Dezenfeksiyon Cihaz\u0131"},"content":{"rendered":"<p>Model: CP5000<\/p>\n<p>Kapasite: 5000 mg\/saat<\/p>\n<p>Etki Alan\u0131: Hava 90 m2<\/p>\n<p>A\u00e7\u0131klama: Zaman kontroll\u00fc (timer), Fan Sirk\u00fclasyonlu, Epoxy Kapl\u0131 \u00c7elik Kasa<\/p>\n","protected":false},"excerpt":{"rendered":"<p>Model: CP5000<\/p>\n<p>Kapasite: 5000 mg\/saat<\/p>\n<p>Etki Alan\u0131: Hava 90 m2<\/p>\n<p>A\u00e7\u0131klama: Zaman kontroll\u00fc (timer), Fan Sirk\u00fclasyonlu, Epoxy Kapl\u0131 \u00c7elik Kasa<\/p>\n","protected":false},"featured_media":5070,"comment_status":"open","ping_status":"closed","template":"","meta":{"_themeisle_gutenberg_block_has_review":false},"product_cat":[331],"product_tag":[],"class_list":{"0":"post-5069","1":"product","2":"type-product","3":"status-publish","4":"has-post-thumbnail","6":"product_brand-bogazici","7":"product_cat-dezenfeksiyon-cihazlari","9":"first","10":"instock","11":"taxable","12":"shipping-taxable","13":"product-type-simple","14":"col-xs-6 col-sm-4","15":"col-md-3 col-lg-3","16":"un-4-cols"},"_links":{"self":[{"href":"https:\/\/bogazicisu.com\/magaza\/wp-json\/wp\/v2\/product\/5069","targetHints":{"allow":["GET"]}}],"collection":[{"href":"https:\/\/bogazicisu.com\/magaza\/wp-json\/wp\/v2\/product"}],"about":[{"href":"https:\/\/bogazicisu.com\/magaza\/wp-json\/wp\/v2\/types\/product"}],"replies":[{"embeddable":true,"href":"https:\/\/bogazicisu.com\/magaza\/wp-json\/wp\/v2\/comments?post=5069"}],"wp:featuredmedia":[{"embeddable":true,"href":"https:\/\/bogazicisu.com\/magaza\/wp-json\/wp\/v2\/media\/5070"}],"wp:attachment":[{"href":"https:\/\/bogazicisu.com\/magaza\/wp-json\/wp\/v2\/media?parent=5069"}],"wp:term":[{"taxonomy":"product_cat","embeddable":true,"href":"https:\/\/bogazicisu.com\/magaza\/wp-json\/wp\/v2\/product_cat?post=5069"},{"taxonomy":"product_tag","embeddable":true,"href":"https:\/\/bogazicisu.com\/magaza\/wp-json\/wp\/v2\/product_tag?post=5069"}],"curies":[{"name":"wp","href":"https:\/\/api.w.org\/{rel}","templated":true}]}}