{"id":4999,"date":"2023-08-09T15:45:30","date_gmt":"2023-08-09T12:45:30","guid":{"rendered":"https:\/\/bogazicisu.com\/magaza\/?post_type=product&#038;p=4999"},"modified":"2025-05-26T16:26:17","modified_gmt":"2025-05-26T13:26:17","slug":"ultrafiltrasyon-sistemleri","status":"publish","type":"product","link":"https:\/\/bogazicisu.com\/magaza\/urun\/ultrafiltrasyon-sistemleri\/","title":{"rendered":"Ultrafiltrasyon Sistemleri\u200b"},"content":{"rendered":"<p>Ultrafiltrasyon Sistemleri, end\u00fcstriyel ve evsel su ar\u0131tma uygulamalar\u0131nda kullan\u0131lan etkili bir teknolojidir. Bu sistemler, 0,02 mikrondan b\u00fcy\u00fck partik\u00fclleri (bakteri, vir\u00fcs vb.) tam bir bariyer olu\u015fturacak \u015fekilde ar\u0131tarak suyun kalitesini art\u0131r\u0131r. Ultrafiltrasyon, bulan\u0131kl\u0131k, ask\u0131da kat\u0131 madde, toplam organik karbon, bakteri, vir\u00fcs ve di\u011fer mikroorganizmalar\u0131n giderilmesinde etkili olurken, suyun kimyasal bile\u015fiminde de\u011fi\u015fiklik yapmaz.<\/p>\n<p>Ultrafiltrasyon sistemleri y\u00fcksek ar\u0131tma verimi ve kesin ar\u0131tma oran\u0131 sa\u011flayarak kompakt bir tasar\u0131ma sahiptir. Mod\u00fcller dikey olarak monte edilir ve kapasite artt\u0131rma ihtiyac\u0131 oldu\u011funda kolayca mod\u00fcl eklenerek sistem geni\u015fletilebilir. Otomatik CEB (\u00e7apraz ak\u0131\u015f engelleme) ve geri y\u0131kama i\u015flemleri otomasyon ile ger\u00e7ekle\u015ftirilir.<\/p>\n<p>Ultrafiltrasyon mod\u00fclleri, y\u00fczey sular\u0131n\u0131n etkili filtrasyonunun yan\u0131 s\u0131ra, biyolojik ve kimyasal ar\u0131tma \u00e7\u0131k\u0131\u015f sular\u0131n\u0131 ters ozmoz sistemlerine beslemek i\u00e7in de kullan\u0131l\u0131r. Ayr\u0131ca at\u0131k su geri kazan\u0131m projelerinde ve deniz suyu \u00f6n ar\u0131t\u0131m\u0131nda da \u00f6nemli rol oynar.<\/p>\n<p>Bu sistemler ayn\u0131 zamanda deniz suyu ar\u0131t\u0131m\u0131, g\u0131da ve i\u00e7ecek end\u00fcstrisi, do\u011fal i\u00e7me suyu \u00fcretimi, bakteri al\u0131m\u0131 ve dolayl\u0131 su dezenfeksiyonu gibi \u00f6zel proseslerde de ba\u015far\u0131yla kullan\u0131l\u0131r. \u00d6zellikle at\u0131k su geri kazan\u0131m\u0131 i\u00e7in \u00f6zel dizaynlar ve suyun tekrar geri kazan\u0131lmas\u0131n\u0131 sa\u011flayan MBR (Membran Biyoreakt\u00f6r) k\u00f6kenli proseslerde anahtar rol oynar.<\/p>\n","protected":false},"excerpt":{"rendered":"<p>Dikey tip membran modu\u0308lu\u0308<br \/>\nMembranlar 4\u2019\u2019 veya 8\u2019\u2019 c\u0327apl\u0131<br \/>\nPaslanmaz c\u0327elik ters y\u0131kama pompas\u0131<br \/>\nKimyasal y\u0131kama \u2013 ters y\u0131kama u\u0308niteleri<br \/>\nElektrik aktu\u0308ato\u0308rlu\u0308 vanalar<br \/>\nManometre<br \/>\nFark bas\u0131nc\u0327 kontro\u0308lu\u0308 bas\u0131nc\u0327 transmiterleri<br \/>\nPLC bazl\u0131 kontrolu\u0308 u\u0308nitesi ve operato\u0308r paneli<br \/>\nST37 karbon c\u0327elik \/ AISI 304 SS S\u0327ase,,<\/p>\n","protected":false},"featured_media":5000,"comment_status":"open","ping_status":"closed","template":"","meta":{"_themeisle_gutenberg_block_has_review":false},"product_cat":[325],"product_tag":[],"class_list":{"0":"post-4999","1":"product","2":"type-product","3":"status-publish","4":"has-post-thumbnail","6":"product_brand-bogazici","7":"product_cat-ultrafiltrasyon-sistemleri","9":"first","10":"instock","11":"taxable","12":"shipping-taxable","13":"product-type-simple","14":"col-xs-6 col-sm-4","15":"col-md-3 col-lg-3","16":"un-4-cols"},"_links":{"self":[{"href":"https:\/\/bogazicisu.com\/magaza\/wp-json\/wp\/v2\/product\/4999","targetHints":{"allow":["GET"]}}],"collection":[{"href":"https:\/\/bogazicisu.com\/magaza\/wp-json\/wp\/v2\/product"}],"about":[{"href":"https:\/\/bogazicisu.com\/magaza\/wp-json\/wp\/v2\/types\/product"}],"replies":[{"embeddable":true,"href":"https:\/\/bogazicisu.com\/magaza\/wp-json\/wp\/v2\/comments?post=4999"}],"wp:featuredmedia":[{"embeddable":true,"href":"https:\/\/bogazicisu.com\/magaza\/wp-json\/wp\/v2\/media\/5000"}],"wp:attachment":[{"href":"https:\/\/bogazicisu.com\/magaza\/wp-json\/wp\/v2\/media?parent=4999"}],"wp:term":[{"taxonomy":"product_cat","embeddable":true,"href":"https:\/\/bogazicisu.com\/magaza\/wp-json\/wp\/v2\/product_cat?post=4999"},{"taxonomy":"product_tag","embeddable":true,"href":"https:\/\/bogazicisu.com\/magaza\/wp-json\/wp\/v2\/product_tag?post=4999"}],"curies":[{"name":"wp","href":"https:\/\/api.w.org\/{rel}","templated":true}]}}