{"id":4988,"date":"2023-08-02T18:32:59","date_gmt":"2023-08-02T15:32:59","guid":{"rendered":"https:\/\/bogazicisu.com\/magaza\/?post_type=product&#038;p=4988"},"modified":"2025-05-26T16:25:17","modified_gmt":"2025-05-26T13:25:17","slug":"yatik-celik-tankli-yuzey-borulamali-kum-filtre-sistemleri","status":"publish","type":"product","link":"https:\/\/bogazicisu.com\/magaza\/urun\/yatik-celik-tankli-yuzey-borulamali-kum-filtre-sistemleri\/","title":{"rendered":"Yat\u0131k \u00c7elik Tankl\u0131 Y\u00fczey Borulamal\u0131 Kum Filtre Sistemleri"},"content":{"rendered":"<p>Kum Filtreleri, su i\u00e7inde bulunan ask\u0131da kat\u0131 maddeleri, bulan\u0131kl\u0131\u011f\u0131 ve di\u011fer partik\u00fclleri etkili bir \u015fekilde uzakla\u015ft\u0131rmay\u0131 ama\u00e7layan sistemlerdir.<\/p>\n<p>TEKN\u0130K \u00d6ZELL\u0130KLER<\/p>\n<p>Epoksi boyal\u0131 karbon \u00e7elik tankl\u0131<br \/>\nMaksimum \u00e7al\u0131\u015fma bas\u0131nc\u0131 6 bar<br \/>\nZaman kontroll\u00fc ters y\u0131kama<br \/>\nPn\u00f6matik akt\u00fcat\u00f6rl\u00fc kelebek vanalar ve Elektrik Akt\u00fcat\u00f6r kelebek vana se\u00e7enekleri<br \/>\n\u00d8 2000mm\u2019den \u00d83200mm \u2018ye kadar alt toplama yap\u0131s\u0131 ayna \u00fczeri mantar dif\u00fcz\u00f6r<br \/>\nPVC-U malzeme y\u00fczey borulama veya ST37 malzeme \u00dczeri Galvaniz kapl\u0131 y\u00fczey borulama se\u00e7enekleri<br \/>\nSistem giri\u015f \u00e7\u0131k\u0131\u015flar\u0131nda numune musluklar\u0131 ve manometreler<br \/>\nPLC bazl\u0131 Siemens logo kontrol paneli (Opsiyonel dokunmatik ekran se\u00e7ene\u011fi)<br \/>\nElektrik 220V \/ 50 Hz \/ 1 pH<br \/>\nPn\u00f6matik vanalar\u0131n \u00e7al\u0131\u015fmas\u0131 i\u00e7in gerekli kuru enstr\u00fcman havas\u0131 temini m\u00fc\u015fteriye aittir. \u00d6nerilen kompres\u00f6r kapasitesi minimum 100 Lt\/dk @ 8 bar&#8217;d\u0131r.<\/p>\n","protected":false},"excerpt":{"rendered":"<p>Kum Filtreleri, su i\u00e7inde bulunan ask\u0131da kat\u0131 maddeleri, bulan\u0131kl\u0131\u011f\u0131 ve di\u011fer partik\u00fclleri etkili bir \u015fekilde uzakla\u015ft\u0131rmay\u0131 ama\u00e7layan sistemlerdir. TEKN\u0130K \u00d6ZELL\u0130KLER Epoksi boyal\u0131 karbon \u00e7elik tankl\u0131 Maksimum \u00e7al\u0131\u015fma bas\u0131nc\u0131 6 bar Zaman kontroll\u00fc ters y\u0131kama Pn\u00f6matik akt\u00fcat\u00f6rl\u00fc kelebek vanalar ve Elektrik Akt\u00fcat\u00f6r kelebek vana se\u00e7enekleri \u00d8 2000mm\u2019den \u00d83200mm \u2018ye kadar alt toplama yap\u0131s\u0131 ayna \u00fczeri mantar&hellip;<\/p>\n","protected":false},"featured_media":4994,"comment_status":"open","ping_status":"closed","template":"","meta":{"_themeisle_gutenberg_block_has_review":false},"product_cat":[323],"product_tag":[],"class_list":{"0":"post-4988","1":"product","2":"type-product","3":"status-publish","4":"has-post-thumbnail","6":"product_brand-bogazici","7":"product_cat-kum-filtresi-sistemleri","9":"first","10":"instock","11":"taxable","12":"shipping-taxable","13":"product-type-simple","14":"col-xs-6 col-sm-4","15":"col-md-3 col-lg-3","16":"un-4-cols"},"_links":{"self":[{"href":"https:\/\/bogazicisu.com\/magaza\/wp-json\/wp\/v2\/product\/4988","targetHints":{"allow":["GET"]}}],"collection":[{"href":"https:\/\/bogazicisu.com\/magaza\/wp-json\/wp\/v2\/product"}],"about":[{"href":"https:\/\/bogazicisu.com\/magaza\/wp-json\/wp\/v2\/types\/product"}],"replies":[{"embeddable":true,"href":"https:\/\/bogazicisu.com\/magaza\/wp-json\/wp\/v2\/comments?post=4988"}],"wp:featuredmedia":[{"embeddable":true,"href":"https:\/\/bogazicisu.com\/magaza\/wp-json\/wp\/v2\/media\/4994"}],"wp:attachment":[{"href":"https:\/\/bogazicisu.com\/magaza\/wp-json\/wp\/v2\/media?parent=4988"}],"wp:term":[{"taxonomy":"product_cat","embeddable":true,"href":"https:\/\/bogazicisu.com\/magaza\/wp-json\/wp\/v2\/product_cat?post=4988"},{"taxonomy":"product_tag","embeddable":true,"href":"https:\/\/bogazicisu.com\/magaza\/wp-json\/wp\/v2\/product_tag?post=4988"}],"curies":[{"name":"wp","href":"https:\/\/api.w.org\/{rel}","templated":true}]}}