{"id":4986,"date":"2023-08-02T18:28:22","date_gmt":"2023-08-02T15:28:22","guid":{"rendered":"https:\/\/bogazicisu.com\/magaza\/?post_type=product&#038;p=4986"},"modified":"2025-05-26T16:24:47","modified_gmt":"2025-05-26T13:24:47","slug":"otomatik-valf-kontrollu-kum-filtre-sistemleri","status":"publish","type":"product","link":"https:\/\/bogazicisu.com\/magaza\/urun\/otomatik-valf-kontrollu-kum-filtre-sistemleri\/","title":{"rendered":"Otomatik Valf Kontroll\u00fc Kum Filtre Sistemleri"},"content":{"rendered":"<p>Kum Filtreleri, suyun i\u00e7indeki ask\u0131da kat\u0131 maddeleri, bulan\u0131kl\u0131\u011f\u0131 ve di\u011fer partik\u00fclleri etkili bir \u015fekilde uzakla\u015ft\u0131rmak amac\u0131yla tasarlanm\u0131\u015f sistemlerdir. Bu filtre sistemleri genellikle, farkl\u0131 gran\u00fclometre derecelerine sahip birden fazla katman\u0131n d\u00fczenlendi\u011fi bir g\u00f6vde i\u00e7inde in\u015fa edilir.<\/p>\n<p>Multi Media Filtreler, su i\u00e7indeki kat\u0131 maddeleri ay\u0131rmakla kalmay\u0131p, ard\u0131\u015f\u0131k ekipmanlar\u0131 da koruma amac\u0131 ta\u015f\u0131r. \u0130yi bir filtrasyonun ard\u0131ndan, di\u011fer ar\u0131tma sistemlerine y\u00f6nlendirilecek y\u00fck azal\u0131r ve ekipman \u00f6mr\u00fc artar, b\u00f6ylece verimlilik sa\u011flan\u0131r.<\/p>\n<p>Multi Media Filtreler, proses suyu ve i\u00e7me suyu \u00f6n ar\u0131tmas\u0131nda oldu\u011fu kadar, ar\u0131t\u0131lm\u0131\u015f suyun at\u0131ksu ar\u0131tma sistemlerinden gelen bulan\u0131kl\u0131\u011f\u0131n\u0131 gidermek i\u00e7in de idealdir.<\/p>\n<p>Farkl\u0131 kapasiteler ve h\u0131zlar i\u00e7in en uygun \u00e7\u00f6z\u00fcmleri sunan Multi Media Filtreler, i\u015fletme kolayl\u0131\u011f\u0131 ve sa\u011flam servis deste\u011fi ile uzun s\u00fcreli performans sunar. Filtre verimlili\u011fini etkileyen fakt\u00f6rler, filtre g\u00f6vdesinin d\u00fczg\u00fcn bir \u015fekilde yerle\u015ftirilmesi ve y\u00fczey h\u0131z\u0131n\u0131n do\u011fru bir \u015fekilde ayarlanmas\u0131d\u0131r. Do\u011fru yataklanm\u0131\u015f ve uygun y\u00fczey h\u0131z\u0131yla \u00e7al\u0131\u015fan bir Multi Media Filtre, 15-20 mikron alt\u0131ndaki hassas filtrasyon sa\u011flar.<\/p>\n<p>Bak\u0131m d\u00f6nemlerinde, filtrenin aras\u0131nda yakalanan partik\u00fcller geri y\u0131kama i\u015flemiyle uzakla\u015ft\u0131r\u0131l\u0131r, b\u00f6ylece filtre malzemesi temizlenir ve ortam yenilenir.<\/p>\n<p>Filtrasyon sistemlerimizde, sa\u011fl\u0131\u011f\u0131 \u00f6n planda tutarak kullan\u0131lan mineraller, d\u00fcnya g\u0131da normlar\u0131na uygun \u015fekilde se\u00e7ilir.<\/p>\n","protected":false},"excerpt":{"rendered":"<p>Kum Filtreleri, suyun i\u00e7indeki ask\u0131da kat\u0131 maddeleri, bulan\u0131kl\u0131\u011f\u0131 ve di\u011fer partik\u00fclleri etkili bir \u015fekilde uzakla\u015ft\u0131rmak amac\u0131yla tasarlanm\u0131\u015f sistemlerdir. Bu filtre sistemleri genellikle, farkl\u0131 gran\u00fclometre derecelerine sahip birden fazla katman\u0131n d\u00fczenlendi\u011fi bir g\u00f6vde i\u00e7inde in\u015fa edilir. Multi Media Filtreler, su i\u00e7indeki kat\u0131 maddeleri ay\u0131rmakla kalmay\u0131p, ard\u0131\u015f\u0131k ekipmanlar\u0131 da koruma amac\u0131 ta\u015f\u0131r. \u0130yi bir filtrasyonun ard\u0131ndan, di\u011fer&hellip;<\/p>\n","protected":false},"featured_media":4993,"comment_status":"open","ping_status":"closed","template":"","meta":{"_themeisle_gutenberg_block_has_review":false},"product_cat":[323],"product_tag":[],"class_list":{"0":"post-4986","1":"product","2":"type-product","3":"status-publish","4":"has-post-thumbnail","6":"product_brand-bogazici","7":"product_cat-kum-filtresi-sistemleri","9":"first","10":"instock","11":"taxable","12":"shipping-taxable","13":"product-type-simple","14":"col-xs-6 col-sm-4","15":"col-md-3 col-lg-3","16":"un-4-cols"},"_links":{"self":[{"href":"https:\/\/bogazicisu.com\/magaza\/wp-json\/wp\/v2\/product\/4986","targetHints":{"allow":["GET"]}}],"collection":[{"href":"https:\/\/bogazicisu.com\/magaza\/wp-json\/wp\/v2\/product"}],"about":[{"href":"https:\/\/bogazicisu.com\/magaza\/wp-json\/wp\/v2\/types\/product"}],"replies":[{"embeddable":true,"href":"https:\/\/bogazicisu.com\/magaza\/wp-json\/wp\/v2\/comments?post=4986"}],"wp:featuredmedia":[{"embeddable":true,"href":"https:\/\/bogazicisu.com\/magaza\/wp-json\/wp\/v2\/media\/4993"}],"wp:attachment":[{"href":"https:\/\/bogazicisu.com\/magaza\/wp-json\/wp\/v2\/media?parent=4986"}],"wp:term":[{"taxonomy":"product_cat","embeddable":true,"href":"https:\/\/bogazicisu.com\/magaza\/wp-json\/wp\/v2\/product_cat?post=4986"},{"taxonomy":"product_tag","embeddable":true,"href":"https:\/\/bogazicisu.com\/magaza\/wp-json\/wp\/v2\/product_tag?post=4986"}],"curies":[{"name":"wp","href":"https:\/\/api.w.org\/{rel}","templated":true}]}}