{"id":331,"date":"2022-01-17T13:58:42","date_gmt":"2022-01-17T10:58:42","guid":{"rendered":"https:\/\/bogazicisu.com\/magaza\/?post_type=product&#038;p=331"},"modified":"2025-05-23T16:14:21","modified_gmt":"2025-05-23T13:14:21","slug":"endustriyel-kabinetli-su-yumusatma-sistemi-mini","status":"publish","type":"product","link":"https:\/\/bogazicisu.com\/magaza\/urun\/endustriyel-kabinetli-su-yumusatma-sistemi-mini\/","title":{"rendered":"End\u00fcstriyel Kabinetli Su Yumu\u015fatma Sistemi Mini"},"content":{"rendered":"<div class=\"wpb-content-wrapper\"><p>[vc_row][vc_column][vc_column_text]<strong>Kabinetli Su Yumu\u015fatma Sistemleri<\/strong><br \/>\nKabinetli tam otomatik su yumu\u015fatma sistemleri; suda bulunan ve sertli\u011fe neden olan Kasiyum (Ca) ve Magnezyum (Mg) iyonlar\u0131n\u0131 gideren sistemlerdir.<\/p>\n<p>Bo\u011fazi\u00e7i Su Kabinetli Tam Otomatik Su Yumu\u015fatma Sistemler ile; sudaki kalsiyum ve magnezyum iyonlar\u0131 iyon de\u011fi\u015ftirme y\u00f6ntemiyle giderilir.<\/p>\n<p>Yumu\u015fatma sistemleri zamansal periyot olarak haftan\u0131n istenilen g\u00fcn\u00fcnde, istenilen saatte herhangi bir m\u00fcdahale olmaks\u0131z\u0131n rejenerasyon i\u015flemlerini kendili\u011finden ger\u00e7ekle\u015ftirir. Doyuma ula\u015fan re\u00e7ine zaman kontroll\u00fc olarak tuzlu su ile rejenerasyona girerek, kalsiyum ve magnezyum iyonlar\u0131ndan temizlenir.<\/p>\n<p><strong>Standart \u00d6zellikler<\/strong><br \/>\nSudan Etkilenmeyen FRP veya Boyal\u0131 Karbon \u00c7elik G\u00f6vde<br \/>\nTam Otomatik Otomasyon Sistemi<br \/>\nKullan\u0131ma Uygun Model<br \/>\n\u00dcst\u00fcn Nitelikli Mineraller<br \/>\n\u0130nsan M\u00fcdahalesiz Minimum Bak\u0131m<br \/>\nD\u00fc\u015f\u00fck Enerji ve \u0130\u015fletme Maliyeti<br \/>\n10 Bar Tank Test Bas\u0131nc\u0131<br \/>\n2 \u2013 7 Bar \u00c7al\u0131\u015fma Aral\u0131\u011f\u0131<br \/>\nMax 50 \u00b0C \u00c7al\u0131\u015fma S\u0131cakl\u0131\u011f\u0131[\/vc_column_text][\/vc_column][\/vc_row]<\/p>\n<\/div>","protected":false},"excerpt":{"rendered":"<p>Kabinetli tam otomatik su yumu\u015fatma sistemleri; suda bulunan ve sertli\u011fe neden olan Kasiyum (Ca) ve Magnezyum (Mg) iyonlar\u0131n\u0131 gideren sistemlerdir.<\/p>\n<p>Bo\u011fazi\u00e7i Su Kabinetli Tam Otomatik Su Yumu\u015fatma Sistemler ile; sudaki kalsiyum ve magnezyum iyonlar\u0131 iyon de\u011fi\u015ftirme y\u00f6ntemiyle giderilir.<\/p>\n<p>Yumu\u015fatma sistemleri zamansal periyot olarak haftan\u0131n istenilen g\u00fcn\u00fcnde, istenilen saatte herhangi bir m\u00fcdahale olmaks\u0131z\u0131n rejenerasyon i\u015flemlerini kendili\u011finden ger\u00e7ekle\u015ftirir. Doyuma ula\u015fan re\u00e7ine zaman kontroll\u00fc olarak tuzlu su ile rejenerasyona girerek, kalsiyum ve magnezyum iyonlar\u0131ndan temizlenir.<\/p>\n","protected":false},"featured_media":361,"comment_status":"open","ping_status":"closed","template":"","meta":{"_themeisle_gutenberg_block_has_review":false},"product_cat":[47],"product_tag":[],"class_list":{"0":"post-331","1":"product","2":"type-product","3":"status-publish","4":"has-post-thumbnail","6":"product_brand-bogazici","7":"product_cat-yumusatma-sistemleri","9":"first","10":"instock","11":"featured","12":"taxable","13":"shipping-taxable","14":"purchasable","15":"product-type-simple","16":"col-xs-6 col-sm-4","17":"col-md-3 col-lg-3","18":"un-4-cols"},"_links":{"self":[{"href":"https:\/\/bogazicisu.com\/magaza\/wp-json\/wp\/v2\/product\/331","targetHints":{"allow":["GET"]}}],"collection":[{"href":"https:\/\/bogazicisu.com\/magaza\/wp-json\/wp\/v2\/product"}],"about":[{"href":"https:\/\/bogazicisu.com\/magaza\/wp-json\/wp\/v2\/types\/product"}],"replies":[{"embeddable":true,"href":"https:\/\/bogazicisu.com\/magaza\/wp-json\/wp\/v2\/comments?post=331"}],"wp:featuredmedia":[{"embeddable":true,"href":"https:\/\/bogazicisu.com\/magaza\/wp-json\/wp\/v2\/media\/361"}],"wp:attachment":[{"href":"https:\/\/bogazicisu.com\/magaza\/wp-json\/wp\/v2\/media?parent=331"}],"wp:term":[{"taxonomy":"product_cat","embeddable":true,"href":"https:\/\/bogazicisu.com\/magaza\/wp-json\/wp\/v2\/product_cat?post=331"},{"taxonomy":"product_tag","embeddable":true,"href":"https:\/\/bogazicisu.com\/magaza\/wp-json\/wp\/v2\/product_tag?post=331"}],"curies":[{"name":"wp","href":"https:\/\/api.w.org\/{rel}","templated":true}]}}