{"id":246,"date":"2022-01-17T13:57:36","date_gmt":"2022-01-17T10:57:36","guid":{"rendered":"https:\/\/bogazicisu.com\/magaza\/?post_type=product&#038;p=246"},"modified":"2026-04-23T15:14:17","modified_gmt":"2026-04-23T12:14:17","slug":"alcak-basinc-switch-1-4-npt","status":"publish","type":"product","link":"https:\/\/bogazicisu.com\/magaza\/urun\/alcak-basinc-switch-1-4-npt\/","title":{"rendered":"Al\u00e7ak Bas\u0131n\u00e7 Switch 1\/4&#8243; NPT"},"content":{"rendered":"","protected":false},"excerpt":{"rendered":"","protected":false},"featured_media":271,"comment_status":"open","ping_status":"closed","template":"","meta":{"_themeisle_gutenberg_block_has_review":false},"product_cat":[33],"product_tag":[],"class_list":{"0":"post-246","1":"product","2":"type-product","3":"status-publish","4":"has-post-thumbnail","6":"product_brand-bogazici","7":"product_cat-dinamo-pompa-ekipmanlari","9":"first","10":"instock","11":"taxable","12":"shipping-taxable","13":"purchasable","14":"product-type-simple","15":"col-xs-6 col-sm-4","16":"col-md-3 col-lg-3","17":"un-4-cols"},"_links":{"self":[{"href":"https:\/\/bogazicisu.com\/magaza\/wp-json\/wp\/v2\/product\/246","targetHints":{"allow":["GET"]}}],"collection":[{"href":"https:\/\/bogazicisu.com\/magaza\/wp-json\/wp\/v2\/product"}],"about":[{"href":"https:\/\/bogazicisu.com\/magaza\/wp-json\/wp\/v2\/types\/product"}],"replies":[{"embeddable":true,"href":"https:\/\/bogazicisu.com\/magaza\/wp-json\/wp\/v2\/comments?post=246"}],"wp:featuredmedia":[{"embeddable":true,"href":"https:\/\/bogazicisu.com\/magaza\/wp-json\/wp\/v2\/media\/271"}],"wp:attachment":[{"href":"https:\/\/bogazicisu.com\/magaza\/wp-json\/wp\/v2\/media?parent=246"}],"wp:term":[{"taxonomy":"product_cat","embeddable":true,"href":"https:\/\/bogazicisu.com\/magaza\/wp-json\/wp\/v2\/product_cat?post=246"},{"taxonomy":"product_tag","embeddable":true,"href":"https:\/\/bogazicisu.com\/magaza\/wp-json\/wp\/v2\/product_tag?post=246"}],"curies":[{"name":"wp","href":"https:\/\/api.w.org\/{rel}","templated":true}]}}