{"id":16,"date":"2022-01-17T13:55:29","date_gmt":"2022-01-17T10:55:29","guid":{"rendered":"https:\/\/bogazicisu.com\/magaza\/?post_type=product&#038;p=16"},"modified":"2025-05-26T15:48:51","modified_gmt":"2025-05-26T12:48:51","slug":"sebil-ustu-aparat","status":"publish","type":"product","link":"https:\/\/bogazicisu.com\/magaza\/urun\/sebil-ustu-aparat\/","title":{"rendered":"Sebil \u00dcst\u00fc Aparat"},"content":{"rendered":"<div class=\"wpb-content-wrapper\"><p>[vc_row][vc_column][vc_column_text]APR-S11 sebil \u00fcst\u00fc aparat sayesinde ev ya da i\u015fyerinizde kulland\u0131\u011f\u0131n\u0131z standart su sebilini ar\u0131tmal\u0131 sebile d\u00f6n\u00fc\u015ft\u00fcrebilirsiniz. G\u0131daya uygun UV korumal\u0131 NSF sertifikal\u0131 malzemesiyle ar\u0131tma cihaz\u0131n\u0131za direkt olarak ba\u011flanabilen aparat, t\u00fcm marka ve model su sebilleriyle uyumludur.[\/vc_column_text][\/vc_column][\/vc_row]<\/p>\n<\/div>","protected":false},"excerpt":{"rendered":"<p>\u00c7ift \u015famandra i\u00e7eren sebil \u00fcst\u00fc aparat, herhangi bir manuel m\u00fcdahale olmaks\u0131z\u0131n kesintisiz ar\u0131t\u0131lm\u0131\u015f su elde etmeyi sa\u011flar. 8 litre haznesi ve \u015f\u0131k tasar\u0131m\u0131yla t\u00fcm marka ve model ar\u0131tma cihazlar\u0131yla uyumlu \u00e7al\u0131\u015fan Aquatekno sebil \u00fcst\u00fc aparat ile \u00f6zg\u00fcr ya\u015fam bi\u00e7iminizi destekleyin.<\/p>\n","protected":false},"featured_media":0,"comment_status":"closed","ping_status":"closed","template":"","meta":{"_themeisle_gutenberg_block_has_review":false},"product_cat":[23],"product_tag":[],"class_list":{"0":"post-16","1":"product","2":"type-product","3":"status-publish","5":"product_cat-diger-yedek-parcalar","7":"first","8":"instock","9":"taxable","10":"shipping-taxable","11":"purchasable","12":"product-type-simple","13":"col-xs-6 col-sm-4","14":"col-md-3 col-lg-3","15":"un-4-cols"},"_links":{"self":[{"href":"https:\/\/bogazicisu.com\/magaza\/wp-json\/wp\/v2\/product\/16","targetHints":{"allow":["GET"]}}],"collection":[{"href":"https:\/\/bogazicisu.com\/magaza\/wp-json\/wp\/v2\/product"}],"about":[{"href":"https:\/\/bogazicisu.com\/magaza\/wp-json\/wp\/v2\/types\/product"}],"replies":[{"embeddable":true,"href":"https:\/\/bogazicisu.com\/magaza\/wp-json\/wp\/v2\/comments?post=16"}],"wp:attachment":[{"href":"https:\/\/bogazicisu.com\/magaza\/wp-json\/wp\/v2\/media?parent=16"}],"wp:term":[{"taxonomy":"product_cat","embeddable":true,"href":"https:\/\/bogazicisu.com\/magaza\/wp-json\/wp\/v2\/product_cat?post=16"},{"taxonomy":"product_tag","embeddable":true,"href":"https:\/\/bogazicisu.com\/magaza\/wp-json\/wp\/v2\/product_tag?post=16"}],"curies":[{"name":"wp","href":"https:\/\/api.w.org\/{rel}","templated":true}]}}