{"id":2632,"date":"2023-07-14T22:31:12","date_gmt":"2023-07-14T19:31:12","guid":{"rendered":"https:\/\/bogazicisu.com\/endustriyel\/?page_id=2632"},"modified":"2023-08-09T15:47:31","modified_gmt":"2023-08-09T12:47:31","slug":"ultrafiltrasyon-sistemleri","status":"publish","type":"page","link":"https:\/\/bogazicisu.com\/endustriyel\/ultrafiltrasyon-sistemleri\/","title":{"rendered":"Ultrafiltrasyon Sistemleri"},"content":{"rendered":"\t\t<div data-elementor-type=\"wp-page\" data-elementor-id=\"2632\" class=\"elementor elementor-2632\">\n\t\t\t\t\t\t<section class=\"elementor-section elementor-top-section elementor-element elementor-element-4abd5f93 elementor-section-stretched elementor-section-boxed elementor-section-height-default elementor-section-height-default\" data-id=\"4abd5f93\" data-element_type=\"section\" data-settings=\"{&quot;stretch_section&quot;:&quot;section-stretched&quot;,&quot;background_background&quot;:&quot;classic&quot;}\">\n\t\t\t\t\t\t<div class=\"elementor-container elementor-column-gap-extended\">\n\t\t\t\t\t<div class=\"elementor-column elementor-col-50 elementor-top-column elementor-element elementor-element-39ad859f\" data-id=\"39ad859f\" data-element_type=\"column\">\n\t\t\t<div class=\"elementor-widget-wrap elementor-element-populated\">\n\t\t\t\t\t\t<div class=\"elementor-element elementor-element-6c282f8b elementor-widget elementor-widget-heading\" data-id=\"6c282f8b\" data-element_type=\"widget\" data-widget_type=\"heading.default\">\n\t\t\t\t<div class=\"elementor-widget-container\">\n\t\t\t\t\t<h2 class=\"elementor-heading-title elementor-size-default\">Ultrafiltrasyon <span class=\"text-theme\">Sistemleri<\/span><\/h2>\t\t\t\t<\/div>\n\t\t\t\t<\/div>\n\t\t\t\t<div class=\"elementor-element elementor-element-6b1b8ffb elementor-widget elementor-widget-text-editor\" data-id=\"6b1b8ffb\" data-element_type=\"widget\" data-widget_type=\"text-editor.default\">\n\t\t\t\t<div class=\"elementor-widget-container\">\n\t\t\t\t\t\t\t\t\t<p>Ultrafiltrasyon Sistemleri, end\u00fcstriyel ve evsel su ar\u0131tma uygulamalar\u0131nda kullan\u0131lan etkili bir teknolojidir. Bu sistemler, 0,02 mikrondan b\u00fcy\u00fck partik\u00fclleri (bakteri, vir\u00fcs vb.) tam bir bariyer olu\u015fturacak \u015fekilde ar\u0131tarak suyun kalitesini art\u0131r\u0131r. Ultrafiltrasyon, bulan\u0131kl\u0131k, ask\u0131da kat\u0131 madde, toplam organik karbon, bakteri, vir\u00fcs ve di\u011fer mikroorganizmalar\u0131n giderilmesinde etkili olurken, suyun kimyasal bile\u015fiminde de\u011fi\u015fiklik yapmaz.<\/p><p>Ultrafiltrasyon sistemleri y\u00fcksek ar\u0131tma verimi ve kesin ar\u0131tma oran\u0131 sa\u011flayarak kompakt bir tasar\u0131ma sahiptir. Mod\u00fcller dikey olarak monte edilir ve kapasite artt\u0131rma ihtiyac\u0131 oldu\u011funda kolayca mod\u00fcl eklenerek sistem geni\u015fletilebilir. Otomatik CEB (\u00e7apraz ak\u0131\u015f engelleme) ve geri y\u0131kama i\u015flemleri otomasyon ile ger\u00e7ekle\u015ftirilir.<\/p><p>Ultrafiltrasyon mod\u00fclleri, y\u00fczey sular\u0131n\u0131n etkili filtrasyonunun yan\u0131 s\u0131ra, biyolojik ve kimyasal ar\u0131tma \u00e7\u0131k\u0131\u015f sular\u0131n\u0131 ters ozmoz sistemlerine beslemek i\u00e7in de kullan\u0131l\u0131r. Ayr\u0131ca at\u0131k su geri kazan\u0131m projelerinde ve deniz suyu \u00f6n ar\u0131t\u0131m\u0131nda da \u00f6nemli rol oynar.<\/p><p>Bu sistemler ayn\u0131 zamanda deniz suyu ar\u0131t\u0131m\u0131, g\u0131da ve i\u00e7ecek end\u00fcstrisi, do\u011fal i\u00e7me suyu \u00fcretimi, bakteri al\u0131m\u0131 ve dolayl\u0131 su dezenfeksiyonu gibi \u00f6zel proseslerde de ba\u015far\u0131yla kullan\u0131l\u0131r. \u00d6zellikle at\u0131k su geri kazan\u0131m\u0131 i\u00e7in \u00f6zel dizaynlar ve suyun tekrar geri kazan\u0131lmas\u0131n\u0131 sa\u011flayan MBR (Membran Biyoreakt\u00f6r) k\u00f6kenli proseslerde anahtar rol oynar.<\/p>\t\t\t\t\t\t\t\t<\/div>\n\t\t\t\t<\/div>\n\t\t\t\t<div class=\"elementor-element elementor-element-45d134d8 elementor-widget elementor-widget-button\" data-id=\"45d134d8\" data-element_type=\"widget\" data-widget_type=\"button.default\">\n\t\t\t\t<div class=\"elementor-widget-container\">\n\t\t\t\t\t\t\t\t\t<div class=\"elementor-button-wrapper\">\n\t\t\t\t\t<a class=\"elementor-button elementor-button-link elementor-size-md\" href=\"https:\/\/api.whatsapp.com\/send?phone=905525022022\">\n\t\t\t\t\t\t<span class=\"elementor-button-content-wrapper\">\n\t\t\t\t\t\t\t\t\t<span class=\"elementor-button-text\">Teklif \u0130ste<\/span>\n\t\t\t\t\t<\/span>\n\t\t\t\t\t<\/a>\n\t\t\t\t<\/div>\n\t\t\t\t\t\t\t\t<\/div>\n\t\t\t\t<\/div>\n\t\t\t\t\t<\/div>\n\t\t<\/div>\n\t\t\t\t<div class=\"elementor-column elementor-col-50 elementor-top-column elementor-element elementor-element-3b641edd\" data-id=\"3b641edd\" data-element_type=\"column\" data-settings=\"{&quot;background_background&quot;:&quot;classic&quot;}\">\n\t\t\t<div class=\"elementor-widget-wrap elementor-element-populated\">\n\t\t\t\t\t\t<div class=\"elementor-element elementor-element-588dd89 elementor-widget elementor-widget-image\" data-id=\"588dd89\" data-element_type=\"widget\" data-widget_type=\"image.default\">\n\t\t\t\t<div class=\"elementor-widget-container\">\n\t\t\t\t\t\t\t\t\t\t\t\t\t\t\t<img fetchpriority=\"high\" decoding=\"async\" width=\"660\" height=\"440\" src=\"https:\/\/bogazicisu.com\/endustriyel\/wp-content\/uploads\/2023\/08\/ultrafiltrasyon_sistemleri2-min-1024x683.jpg\" class=\"attachment-large size-large wp-image-3075\" alt=\"\" srcset=\"https:\/\/bogazicisu.com\/endustriyel\/wp-content\/uploads\/2023\/08\/ultrafiltrasyon_sistemleri2-min-1024x683.jpg 1024w, https:\/\/bogazicisu.com\/endustriyel\/wp-content\/uploads\/2023\/08\/ultrafiltrasyon_sistemleri2-min-300x200.jpg 300w, https:\/\/bogazicisu.com\/endustriyel\/wp-content\/uploads\/2023\/08\/ultrafiltrasyon_sistemleri2-min-768x512.jpg 768w, https:\/\/bogazicisu.com\/endustriyel\/wp-content\/uploads\/2023\/08\/ultrafiltrasyon_sistemleri2-min.jpg 1200w\" sizes=\"(max-width: 660px) 100vw, 660px\" \/>\t\t\t\t\t\t\t\t\t\t\t\t\t\t\t<\/div>\n\t\t\t\t<\/div>\n\t\t\t\t\t<\/div>\n\t\t<\/div>\n\t\t\t\t\t<\/div>\n\t\t<\/section>\n\t\t\t\t<section class=\"elementor-section elementor-top-section elementor-element elementor-element-6cba1da1 elementor-section-boxed elementor-section-height-default elementor-section-height-default\" data-id=\"6cba1da1\" data-element_type=\"section\">\n\t\t\t\t\t\t<div class=\"elementor-container elementor-column-gap-default\">\n\t\t\t\t\t<div class=\"elementor-column elementor-col-100 elementor-top-column elementor-element elementor-element-30059c4\" data-id=\"30059c4\" data-element_type=\"column\">\n\t\t\t<div class=\"elementor-widget-wrap elementor-element-populated\">\n\t\t\t\t\t\t<div class=\"elementor-element elementor-element-4b0a66e8 elementor-widget elementor-widget-heading\" data-id=\"4b0a66e8\" data-element_type=\"widget\" data-widget_type=\"heading.default\">\n\t\t\t\t<div class=\"elementor-widget-container\">\n\t\t\t\t\t<h2 class=\"elementor-heading-title elementor-size-default\">Ultrafiltrasyon Sistemleri\u200b<\/h2>\t\t\t\t<\/div>\n\t\t\t\t<\/div>\n\t\t\t\t<div class=\"elementor-element elementor-element-1dfd01af elementor-widget elementor-widget-text-editor\" data-id=\"1dfd01af\" data-element_type=\"widget\" data-widget_type=\"text-editor.default\">\n\t\t\t\t<div class=\"elementor-widget-container\">\n\t\t\t\t\t\t\t\t\t<p>End\u00fcstriyel su alan\u0131nda m\u00fc\u015fterilerimizin t\u00fcm ihtiya\u00e7lar\u0131n\u0131 kar\u015f\u0131layacak hizmetlerimiz sizlerle.<\/p>\t\t\t\t\t\t\t\t<\/div>\n\t\t\t\t<\/div>\n\t\t\t\t\t<\/div>\n\t\t<\/div>\n\t\t\t\t\t<\/div>\n\t\t<\/section>\n\t\t\t\t<section class=\"elementor-section elementor-top-section elementor-element elementor-element-8804342 elementor-section-stretched elementor-section-boxed elementor-section-height-default elementor-section-height-default\" data-id=\"8804342\" data-element_type=\"section\" data-settings=\"{&quot;stretch_section&quot;:&quot;section-stretched&quot;,&quot;background_background&quot;:&quot;classic&quot;}\">\n\t\t\t\t\t\t<div class=\"elementor-container elementor-column-gap-extended\">\n\t\t\t\t\t<div class=\"elementor-column elementor-col-33 elementor-top-column elementor-element elementor-element-15e7c7f5\" data-id=\"15e7c7f5\" data-element_type=\"column\">\n\t\t\t<div class=\"elementor-widget-wrap\">\n\t\t\t\t\t\t\t<\/div>\n\t\t<\/div>\n\t\t\t\t<div class=\"elementor-column elementor-col-33 elementor-top-column elementor-element elementor-element-133e20e1\" data-id=\"133e20e1\" data-element_type=\"column\">\n\t\t\t<div class=\"elementor-widget-wrap elementor-element-populated\">\n\t\t\t\t\t\t<div class=\"elementor-element elementor-element-12926b39 elementor-widget elementor-widget-image\" data-id=\"12926b39\" data-element_type=\"widget\" data-widget_type=\"image.default\">\n\t\t\t\t<div class=\"elementor-widget-container\">\n\t\t\t\t\t\t\t\t\t\t\t\t\t\t\t\t<a href=\"https:\/\/bogazicisu.com\/magaza\/urun\/ultrafiltrasyon-sistemleri\/\">\n\t\t\t\t\t\t\t<img decoding=\"async\" width=\"660\" height=\"440\" src=\"https:\/\/bogazicisu.com\/endustriyel\/wp-content\/uploads\/2023\/08\/ultrafiltrasyon_sistemleri2-min-1024x683.jpg\" class=\"elementor-animation-shrink attachment-large size-large wp-image-3075\" alt=\"\" srcset=\"https:\/\/bogazicisu.com\/endustriyel\/wp-content\/uploads\/2023\/08\/ultrafiltrasyon_sistemleri2-min-1024x683.jpg 1024w, https:\/\/bogazicisu.com\/endustriyel\/wp-content\/uploads\/2023\/08\/ultrafiltrasyon_sistemleri2-min-300x200.jpg 300w, https:\/\/bogazicisu.com\/endustriyel\/wp-content\/uploads\/2023\/08\/ultrafiltrasyon_sistemleri2-min-768x512.jpg 768w, https:\/\/bogazicisu.com\/endustriyel\/wp-content\/uploads\/2023\/08\/ultrafiltrasyon_sistemleri2-min.jpg 1200w\" sizes=\"(max-width: 660px) 100vw, 660px\" \/>\t\t\t\t\t\t\t\t<\/a>\n\t\t\t\t\t\t\t\t\t\t\t\t\t\t\t<\/div>\n\t\t\t\t<\/div>\n\t\t\t\t<div class=\"elementor-element elementor-element-138f17a elementor-widget elementor-widget-heading\" data-id=\"138f17a\" data-element_type=\"widget\" data-widget_type=\"heading.default\">\n\t\t\t\t<div class=\"elementor-widget-container\">\n\t\t\t\t\t<h2 class=\"elementor-heading-title elementor-size-default\"><a href=\"https:\/\/bogazicisu.com\/magaza\/urun\/ultrafiltrasyon-sistemleri\/\">Ultrafiltrasyon Sistemleri<\/a><\/h2>\t\t\t\t<\/div>\n\t\t\t\t<\/div>\n\t\t\t\t\t<\/div>\n\t\t<\/div>\n\t\t\t\t<div class=\"elementor-column elementor-col-33 elementor-top-column elementor-element elementor-element-562a0fe5\" data-id=\"562a0fe5\" data-element_type=\"column\">\n\t\t\t<div class=\"elementor-widget-wrap\">\n\t\t\t\t\t\t\t<\/div>\n\t\t<\/div>\n\t\t\t\t\t<\/div>\n\t\t<\/section>\n\t\t\t\t<section class=\"elementor-section elementor-top-section elementor-element elementor-element-4db06602 elementor-section-stretched elementor-section-boxed elementor-section-height-default elementor-section-height-default\" data-id=\"4db06602\" data-element_type=\"section\" data-settings=\"{&quot;stretch_section&quot;:&quot;section-stretched&quot;,&quot;background_background&quot;:&quot;classic&quot;}\">\n\t\t\t\t\t\t<div class=\"elementor-container elementor-column-gap-extended\">\n\t\t\t\t\t<div class=\"elementor-column elementor-col-100 elementor-top-column elementor-element elementor-element-102a83f\" data-id=\"102a83f\" data-element_type=\"column\">\n\t\t\t<div class=\"elementor-widget-wrap elementor-element-populated\">\n\t\t\t\t\t\t<div class=\"elementor-element elementor-element-6691bc27 elementor-widget elementor-widget-heading\" data-id=\"6691bc27\" data-element_type=\"widget\" data-widget_type=\"heading.default\">\n\t\t\t\t<div class=\"elementor-widget-container\">\n\t\t\t\t\t<h2 class=\"elementor-heading-title elementor-size-default\">S\u0131k\u00e7a Sorulan <span class=\"text-theme\">Sorular<\/span><\/h2>\t\t\t\t<\/div>\n\t\t\t\t<\/div>\n\t\t\t\t<div class=\"elementor-element elementor-element-643e02c3 elementor-widget__width-initial elementor-widget elementor-widget-text-editor\" data-id=\"643e02c3\" data-element_type=\"widget\" data-widget_type=\"text-editor.default\">\n\t\t\t\t<div class=\"elementor-widget-container\">\n\t\t\t\t\t\t\t\t\t<p>Sistemlerimiz ile ilgili spesifik olarak en \u00e7ok merak edilenlere yer verdik.<\/p>\t\t\t\t\t\t\t\t<\/div>\n\t\t\t\t<\/div>\n\t\t\t\t\t<\/div>\n\t\t<\/div>\n\t\t\t\t\t<\/div>\n\t\t<\/section>\n\t\t\t\t<section class=\"elementor-section elementor-top-section elementor-element elementor-element-28b4452a elementor-section-stretched elementor-section-boxed elementor-section-height-default elementor-section-height-default\" data-id=\"28b4452a\" data-element_type=\"section\" data-settings=\"{&quot;stretch_section&quot;:&quot;section-stretched&quot;,&quot;background_background&quot;:&quot;classic&quot;}\">\n\t\t\t\t\t\t<div class=\"elementor-container elementor-column-gap-extended\">\n\t\t\t\t\t<div class=\"elementor-column elementor-col-100 elementor-top-column elementor-element elementor-element-327ff9f0\" data-id=\"327ff9f0\" data-element_type=\"column\">\n\t\t\t<div class=\"elementor-widget-wrap elementor-element-populated\">\n\t\t\t\t\t\t<div class=\"elementor-element elementor-element-ad8d1aa elementor-widget elementor-widget-accordion\" data-id=\"ad8d1aa\" data-element_type=\"widget\" data-widget_type=\"accordion.default\">\n\t\t\t\t<div class=\"elementor-widget-container\">\n\t\t\t\t\t\t\t<div class=\"elementor-accordion\">\n\t\t\t\t\t\t\t<div class=\"elementor-accordion-item\">\n\t\t\t\t\t<div id=\"elementor-tab-title-1811\" class=\"elementor-tab-title\" data-tab=\"1\" role=\"button\" aria-controls=\"elementor-tab-content-1811\" aria-expanded=\"false\">\n\t\t\t\t\t\t\t\t\t\t\t\t\t<span class=\"elementor-accordion-icon elementor-accordion-icon-right\" aria-hidden=\"true\">\n\t\t\t\t\t\t\t\t\t\t\t\t\t\t\t<span class=\"elementor-accordion-icon-closed\"><i class=\"fas fa-plus\"><\/i><\/span>\n\t\t\t\t\t\t\t\t<span class=\"elementor-accordion-icon-opened\"><i class=\"fas fa-minus\"><\/i><\/span>\n\t\t\t\t\t\t\t\t\t\t\t\t\t\t<\/span>\n\t\t\t\t\t\t\t\t\t\t\t\t<a class=\"elementor-accordion-title\" tabindex=\"0\">Ultrafiltrasyon Sistemlerinin Faydalar\u0131 Nelerdir?<\/a>\n\t\t\t\t\t<\/div>\n\t\t\t\t\t<div id=\"elementor-tab-content-1811\" class=\"elementor-tab-content elementor-clearfix\" data-tab=\"1\" role=\"region\" aria-labelledby=\"elementor-tab-title-1811\"><ul>\n \t<li>Daha du\u0308s\u0327u\u0308k maliyetli ar\u0131tma binas\u0131 ins\u0327aat\u0131<\/li>\n \t<li>Yeterli alan\u0131n bulunmad\u0131g\u0306\u0131 noktalarda mu\u0308kemmel c\u0327o\u0308zu\u0308m Esnek sistem dizayn\u0131<\/li>\n \t<li>Du\u0308s\u0327u\u0308k is\u0327letme maliyeti<\/li>\n \t<li>Esnek sistem is\u0327letim tasar\u0131m\u0131<\/li>\n \t<li>Du\u0308s\u0327u\u0308k kapasite artt\u0131r\u0131m maliyeti<\/li>\n<\/ul><\/div>\n\t\t\t\t<\/div>\n\t\t\t\t\t\t\t<div class=\"elementor-accordion-item\">\n\t\t\t\t\t<div id=\"elementor-tab-title-1812\" class=\"elementor-tab-title\" data-tab=\"2\" role=\"button\" aria-controls=\"elementor-tab-content-1812\" aria-expanded=\"false\">\n\t\t\t\t\t\t\t\t\t\t\t\t\t<span class=\"elementor-accordion-icon elementor-accordion-icon-right\" aria-hidden=\"true\">\n\t\t\t\t\t\t\t\t\t\t\t\t\t\t\t<span class=\"elementor-accordion-icon-closed\"><i class=\"fas fa-plus\"><\/i><\/span>\n\t\t\t\t\t\t\t\t<span class=\"elementor-accordion-icon-opened\"><i class=\"fas fa-minus\"><\/i><\/span>\n\t\t\t\t\t\t\t\t\t\t\t\t\t\t<\/span>\n\t\t\t\t\t\t\t\t\t\t\t\t<a class=\"elementor-accordion-title\" tabindex=\"0\">Sistem haz\u0131rlanmas\u0131 ne kadar s\u00fcr\u00fcyor?<\/a>\n\t\t\t\t\t<\/div>\n\t\t\t\t\t<div id=\"elementor-tab-content-1812\" class=\"elementor-tab-content elementor-clearfix\" data-tab=\"2\" role=\"region\" aria-labelledby=\"elementor-tab-title-1812\">Sistem haz\u0131rlama s\u00fcresi, proje b\u00fcy\u00fckl\u00fc\u011f\u00fc ve karma\u015f\u0131kl\u0131\u011f\u0131na ba\u011fl\u0131 olarak de\u011fi\u015fiklik g\u00f6sterir. Genellikle, standart sistemler i\u00e7in haz\u0131rl\u0131k a\u015famas\u0131 birka\u00e7 hafta s\u00fcrebilirken, \u00f6zelle\u015ftirilmi\u015f projeler i\u00e7in daha uzun bir s\u00fcre gerekebilir. Uzman ekibimiz, h\u0131zl\u0131 ve etkili bir \u015fekilde haz\u0131rl\u0131k s\u00fcrecini tamamlamaya odaklan\u0131r.<\/div>\n\t\t\t\t<\/div>\n\t\t\t\t\t\t\t<div class=\"elementor-accordion-item\">\n\t\t\t\t\t<div id=\"elementor-tab-title-1813\" class=\"elementor-tab-title\" data-tab=\"3\" role=\"button\" aria-controls=\"elementor-tab-content-1813\" aria-expanded=\"false\">\n\t\t\t\t\t\t\t\t\t\t\t\t\t<span class=\"elementor-accordion-icon elementor-accordion-icon-right\" aria-hidden=\"true\">\n\t\t\t\t\t\t\t\t\t\t\t\t\t\t\t<span class=\"elementor-accordion-icon-closed\"><i class=\"fas fa-plus\"><\/i><\/span>\n\t\t\t\t\t\t\t\t<span class=\"elementor-accordion-icon-opened\"><i class=\"fas fa-minus\"><\/i><\/span>\n\t\t\t\t\t\t\t\t\t\t\t\t\t\t<\/span>\n\t\t\t\t\t\t\t\t\t\t\t\t<a class=\"elementor-accordion-title\" tabindex=\"0\">Ar-Ge Hizmeti veriyor musunuz?<\/a>\n\t\t\t\t\t<\/div>\n\t\t\t\t\t<div id=\"elementor-tab-content-1813\" class=\"elementor-tab-content elementor-clearfix\" data-tab=\"3\" role=\"region\" aria-labelledby=\"elementor-tab-title-1813\">Evet, m\u00fc\u015fteri ihtiya\u00e7lar\u0131na uygun \u00e7\u00f6z\u00fcmler sunabilmek i\u00e7in s\u00fcrekli Ar-Ge \u00e7al\u0131\u015fmalar\u0131na \u00f6nem veriyoruz. Teknolojik geli\u015fmeleri takip ederek, yenilik\u00e7i ve \u00e7evre dostu su ar\u0131tma sistemleri geli\u015ftiriyoruz ve m\u00fc\u015fterilerimize en g\u00fcncel \u00e7\u00f6z\u00fcmleri sunuyoruz.<\/div>\n\t\t\t\t<\/div>\n\t\t\t\t\t\t\t\t<\/div>\n\t\t\t\t\t\t<\/div>\n\t\t\t\t<\/div>\n\t\t\t\t\t<\/div>\n\t\t<\/div>\n\t\t\t\t\t<\/div>\n\t\t<\/section>\n\t\t\t\t<\/div>\n\t\t","protected":false},"excerpt":{"rendered":"<p>Ultrafiltrasyon Sistemleri Ultrafiltrasyon Sistemleri, end\u00fcstriyel ve evsel su ar\u0131tma uygulamalar\u0131nda kullan\u0131lan etkili bir teknolojidir. Bu sistemler, 0,02 mikrondan b\u00fcy\u00fck partik\u00fclleri (bakteri, vir\u00fcs vb.) tam bir bariyer olu\u015fturacak \u015fekilde ar\u0131tarak suyun kalitesini art\u0131r\u0131r. Ultrafiltrasyon, bulan\u0131kl\u0131k, ask\u0131da kat\u0131 madde, toplam organik karbon, bakteri, vir\u00fcs ve di\u011fer mikroorganizmalar\u0131n giderilmesinde etkili olurken, suyun kimyasal bile\u015fiminde de\u011fi\u015fiklik yapmaz. Ultrafiltrasyon sistemleri [&hellip;]<\/p>\n","protected":false},"author":1,"featured_media":0,"parent":0,"menu_order":0,"comment_status":"closed","ping_status":"closed","template":"","meta":{"inline_featured_image":false,"footnotes":""},"class_list":["post-2632","page","type-page","status-publish","hentry"],"aioseo_notices":[],"_links":{"self":[{"href":"https:\/\/bogazicisu.com\/endustriyel\/wp-json\/wp\/v2\/pages\/2632","targetHints":{"allow":["GET"]}}],"collection":[{"href":"https:\/\/bogazicisu.com\/endustriyel\/wp-json\/wp\/v2\/pages"}],"about":[{"href":"https:\/\/bogazicisu.com\/endustriyel\/wp-json\/wp\/v2\/types\/page"}],"author":[{"embeddable":true,"href":"https:\/\/bogazicisu.com\/endustriyel\/wp-json\/wp\/v2\/users\/1"}],"replies":[{"embeddable":true,"href":"https:\/\/bogazicisu.com\/endustriyel\/wp-json\/wp\/v2\/comments?post=2632"}],"version-history":[{"count":7,"href":"https:\/\/bogazicisu.com\/endustriyel\/wp-json\/wp\/v2\/pages\/2632\/revisions"}],"predecessor-version":[{"id":3078,"href":"https:\/\/bogazicisu.com\/endustriyel\/wp-json\/wp\/v2\/pages\/2632\/revisions\/3078"}],"wp:attachment":[{"href":"https:\/\/bogazicisu.com\/endustriyel\/wp-json\/wp\/v2\/media?parent=2632"}],"curies":[{"name":"wp","href":"https:\/\/api.w.org\/{rel}","templated":true}]}}