{"id":2628,"date":"2023-07-14T22:30:56","date_gmt":"2023-07-14T19:30:56","guid":{"rendered":"https:\/\/bogazicisu.com\/endustriyel\/?page_id=2628"},"modified":"2023-08-18T00:45:42","modified_gmt":"2023-08-17T21:45:42","slug":"mbr-sistemleri","status":"publish","type":"page","link":"https:\/\/bogazicisu.com\/endustriyel\/mbr-sistemleri\/","title":{"rendered":"MBR Sistemleri"},"content":{"rendered":"\t\t<div data-elementor-type=\"wp-page\" data-elementor-id=\"2628\" class=\"elementor elementor-2628\">\n\t\t\t\t\t\t<section class=\"elementor-section elementor-top-section elementor-element elementor-element-37af32ff elementor-section-stretched elementor-section-boxed elementor-section-height-default elementor-section-height-default\" data-id=\"37af32ff\" data-element_type=\"section\" data-settings=\"{&quot;stretch_section&quot;:&quot;section-stretched&quot;,&quot;background_background&quot;:&quot;classic&quot;}\">\n\t\t\t\t\t\t<div class=\"elementor-container elementor-column-gap-extended\">\n\t\t\t\t\t<div class=\"elementor-column elementor-col-50 elementor-top-column elementor-element elementor-element-523ba058\" data-id=\"523ba058\" data-element_type=\"column\">\n\t\t\t<div class=\"elementor-widget-wrap elementor-element-populated\">\n\t\t\t\t\t\t<div class=\"elementor-element elementor-element-20fe66bd elementor-widget elementor-widget-heading\" data-id=\"20fe66bd\" data-element_type=\"widget\" data-widget_type=\"heading.default\">\n\t\t\t\t<div class=\"elementor-widget-container\">\n\t\t\t\t\t<h2 class=\"elementor-heading-title elementor-size-default\">MBR <span class=\"text-theme\">Sistemleri<\/span><\/h2>\t\t\t\t<\/div>\n\t\t\t\t<\/div>\n\t\t\t\t<div class=\"elementor-element elementor-element-5701b8ab elementor-widget elementor-widget-text-editor\" data-id=\"5701b8ab\" data-element_type=\"widget\" data-widget_type=\"text-editor.default\">\n\t\t\t\t<div class=\"elementor-widget-container\">\n\t\t\t\t\t\t\t\t\t<p>Konteyner i\u00e7i MBR sistemleri, aktif \u00e7amur ve bat\u0131k tip membran filtrasyonunu birle\u015ftirerek, at\u0131k su ar\u0131tma s\u00fcre\u00e7lerini optimize eder. Membran \u00fcniteleri, geleneksel \u00e7\u00f6kertme tanklar\u0131n\u0131n yerine ge\u00e7er. Bu y\u00f6ntemde kat\u0131 maddeler etkili \u015fekilde giderilirken, bakteri ve organik madde ar\u0131t\u0131m\u0131 y\u00fcksek verimle ger\u00e7ekle\u015fir. Bu sistem, d\u00fc\u015f\u00fck alan gereksinimi ve etkili ar\u0131tma avantajlar\u0131 sunar.<\/p><p>MBR i\u015flemi, proje hedeflerine g\u00f6re farkl\u0131 yap\u0131land\u0131rmalarla uygulanabilir. Nitrat ve nitrojen s\u0131n\u0131rlamalar\u0131na g\u00f6re havaland\u0131rma prosesi de\u011fi\u015ftirilebilir. Bo\u011fazi\u00e7i , enerji tasarrufu sa\u011flayan ve t\u0131kanma riski d\u00fc\u015f\u00fck bat\u0131k tip MBR sistemlerini \u00f6nerir. Membran mod\u00fclleri dayan\u0131kl\u0131 malzemelerden yap\u0131l\u0131r ve kompakt tasar\u0131m\u0131 enerji tasarrufu sa\u011flar. Y\u00fcksek kapasite esnekli\u011fi sayesinde geni\u015f uygulama alanlar\u0131na hitap eder.<\/p><p>Konteyner i\u00e7i MBR sistemleri, insan kaynakl\u0131 at\u0131k sular\u0131n, otellerin, end\u00fcstriyel at\u0131ksular\u0131n ve daha bir\u00e7ok alan\u0131n etkili ar\u0131t\u0131m \u00e7\u00f6z\u00fcmlerini sunar. Bo\u011fazi\u00e7i olarak, sizin i\u00e7in tasarlanm\u0131\u015f MBR sistemleri sunmaktan memnuniyet duyar\u0131z.<\/p>\t\t\t\t\t\t\t\t<\/div>\n\t\t\t\t<\/div>\n\t\t\t\t<div class=\"elementor-element elementor-element-295638e0 elementor-widget elementor-widget-button\" data-id=\"295638e0\" data-element_type=\"widget\" data-widget_type=\"button.default\">\n\t\t\t\t<div class=\"elementor-widget-container\">\n\t\t\t\t\t\t\t\t\t<div class=\"elementor-button-wrapper\">\n\t\t\t\t\t<a class=\"elementor-button elementor-button-link elementor-size-md\" href=\"https:\/\/api.whatsapp.com\/send?phone=905525022022\">\n\t\t\t\t\t\t<span class=\"elementor-button-content-wrapper\">\n\t\t\t\t\t\t\t\t\t<span class=\"elementor-button-text\">Teklif \u0130ste<\/span>\n\t\t\t\t\t<\/span>\n\t\t\t\t\t<\/a>\n\t\t\t\t<\/div>\n\t\t\t\t\t\t\t\t<\/div>\n\t\t\t\t<\/div>\n\t\t\t\t\t<\/div>\n\t\t<\/div>\n\t\t\t\t<div class=\"elementor-column elementor-col-50 elementor-top-column elementor-element elementor-element-2b5387f4\" data-id=\"2b5387f4\" data-element_type=\"column\" data-settings=\"{&quot;background_background&quot;:&quot;classic&quot;}\">\n\t\t\t<div class=\"elementor-widget-wrap elementor-element-populated\">\n\t\t\t\t\t\t<div class=\"elementor-element elementor-element-49930024 elementor-widget elementor-widget-image\" data-id=\"49930024\" data-element_type=\"widget\" data-widget_type=\"image.default\">\n\t\t\t\t<div class=\"elementor-widget-container\">\n\t\t\t\t\t\t\t\t\t\t\t\t\t\t\t<img fetchpriority=\"high\" decoding=\"async\" width=\"660\" height=\"387\" src=\"https:\/\/bogazicisu.com\/endustriyel\/wp-content\/uploads\/2023\/08\/mbr-sistemleri-1-min-1024x600.jpg\" class=\"attachment-large size-large wp-image-3224\" alt=\"\" srcset=\"https:\/\/bogazicisu.com\/endustriyel\/wp-content\/uploads\/2023\/08\/mbr-sistemleri-1-min-1024x600.jpg 1024w, https:\/\/bogazicisu.com\/endustriyel\/wp-content\/uploads\/2023\/08\/mbr-sistemleri-1-min-300x176.jpg 300w, https:\/\/bogazicisu.com\/endustriyel\/wp-content\/uploads\/2023\/08\/mbr-sistemleri-1-min-768x450.jpg 768w, https:\/\/bogazicisu.com\/endustriyel\/wp-content\/uploads\/2023\/08\/mbr-sistemleri-1-min.jpg 1178w\" sizes=\"(max-width: 660px) 100vw, 660px\" \/>\t\t\t\t\t\t\t\t\t\t\t\t\t\t\t<\/div>\n\t\t\t\t<\/div>\n\t\t\t\t\t<\/div>\n\t\t<\/div>\n\t\t\t\t\t<\/div>\n\t\t<\/section>\n\t\t\t\t<section class=\"elementor-section elementor-top-section elementor-element elementor-element-6f093dd7 elementor-section-boxed elementor-section-height-default elementor-section-height-default\" data-id=\"6f093dd7\" data-element_type=\"section\">\n\t\t\t\t\t\t<div class=\"elementor-container elementor-column-gap-default\">\n\t\t\t\t\t<div class=\"elementor-column elementor-col-100 elementor-top-column elementor-element elementor-element-51bdd3ee\" data-id=\"51bdd3ee\" data-element_type=\"column\">\n\t\t\t<div class=\"elementor-widget-wrap elementor-element-populated\">\n\t\t\t\t\t\t<div class=\"elementor-element elementor-element-2cfe08b elementor-widget elementor-widget-heading\" data-id=\"2cfe08b\" data-element_type=\"widget\" data-widget_type=\"heading.default\">\n\t\t\t\t<div class=\"elementor-widget-container\">\n\t\t\t\t\t<h2 class=\"elementor-heading-title elementor-size-default\">MBR Sistemleri\u200b<\/h2>\t\t\t\t<\/div>\n\t\t\t\t<\/div>\n\t\t\t\t<div class=\"elementor-element elementor-element-6396bb6e elementor-widget elementor-widget-text-editor\" data-id=\"6396bb6e\" data-element_type=\"widget\" data-widget_type=\"text-editor.default\">\n\t\t\t\t<div class=\"elementor-widget-container\">\n\t\t\t\t\t\t\t\t\t<p>End\u00fcstriyel su alan\u0131nda m\u00fc\u015fterilerimizin t\u00fcm ihtiya\u00e7lar\u0131n\u0131 kar\u015f\u0131layacak hizmetlerimiz sizlerle.<\/p>\t\t\t\t\t\t\t\t<\/div>\n\t\t\t\t<\/div>\n\t\t\t\t\t<\/div>\n\t\t<\/div>\n\t\t\t\t\t<\/div>\n\t\t<\/section>\n\t\t\t\t<section class=\"elementor-section elementor-top-section elementor-element elementor-element-22b05c1 elementor-section-stretched elementor-section-boxed elementor-section-height-default elementor-section-height-default\" data-id=\"22b05c1\" data-element_type=\"section\" data-settings=\"{&quot;stretch_section&quot;:&quot;section-stretched&quot;,&quot;background_background&quot;:&quot;classic&quot;}\">\n\t\t\t\t\t\t<div class=\"elementor-container elementor-column-gap-extended\">\n\t\t\t\t\t<div class=\"elementor-column elementor-col-33 elementor-top-column elementor-element elementor-element-df68552\" data-id=\"df68552\" data-element_type=\"column\">\n\t\t\t<div class=\"elementor-widget-wrap\">\n\t\t\t\t\t\t\t<\/div>\n\t\t<\/div>\n\t\t\t\t<div class=\"elementor-column elementor-col-33 elementor-top-column elementor-element elementor-element-61c0ae0f\" data-id=\"61c0ae0f\" data-element_type=\"column\">\n\t\t\t<div class=\"elementor-widget-wrap elementor-element-populated\">\n\t\t\t\t\t\t<div class=\"elementor-element elementor-element-43577cb6 elementor-widget elementor-widget-image\" data-id=\"43577cb6\" data-element_type=\"widget\" data-widget_type=\"image.default\">\n\t\t\t\t<div class=\"elementor-widget-container\">\n\t\t\t\t\t\t\t\t\t\t\t\t\t\t\t\t<a href=\"https:\/\/bogazicisu.com\/magaza\/urun\/mbr-membran-biyoreaktorler-sistemleri\/\">\n\t\t\t\t\t\t\t<img decoding=\"async\" width=\"660\" height=\"387\" src=\"https:\/\/bogazicisu.com\/endustriyel\/wp-content\/uploads\/2023\/08\/mbr-sistemleri-1-min-1-1024x600.jpg\" class=\"elementor-animation-shrink attachment-large size-large wp-image-3225\" alt=\"\" srcset=\"https:\/\/bogazicisu.com\/endustriyel\/wp-content\/uploads\/2023\/08\/mbr-sistemleri-1-min-1-1024x600.jpg 1024w, https:\/\/bogazicisu.com\/endustriyel\/wp-content\/uploads\/2023\/08\/mbr-sistemleri-1-min-1-300x176.jpg 300w, https:\/\/bogazicisu.com\/endustriyel\/wp-content\/uploads\/2023\/08\/mbr-sistemleri-1-min-1-768x450.jpg 768w, https:\/\/bogazicisu.com\/endustriyel\/wp-content\/uploads\/2023\/08\/mbr-sistemleri-1-min-1.jpg 1178w\" sizes=\"(max-width: 660px) 100vw, 660px\" \/>\t\t\t\t\t\t\t\t<\/a>\n\t\t\t\t\t\t\t\t\t\t\t\t\t\t\t<\/div>\n\t\t\t\t<\/div>\n\t\t\t\t<div class=\"elementor-element elementor-element-333d8e2 elementor-widget elementor-widget-heading\" data-id=\"333d8e2\" data-element_type=\"widget\" data-widget_type=\"heading.default\">\n\t\t\t\t<div class=\"elementor-widget-container\">\n\t\t\t\t\t<h2 class=\"elementor-heading-title elementor-size-default\"><a href=\"https:\/\/bogazicisu.com\/magaza\/urun\/mbr-membran-biyoreaktorler-sistemleri\/\">MBR Sistemleri\u200b<\/a><\/h2>\t\t\t\t<\/div>\n\t\t\t\t<\/div>\n\t\t\t\t\t<\/div>\n\t\t<\/div>\n\t\t\t\t<div class=\"elementor-column elementor-col-33 elementor-top-column elementor-element elementor-element-52ba1284\" data-id=\"52ba1284\" data-element_type=\"column\">\n\t\t\t<div class=\"elementor-widget-wrap\">\n\t\t\t\t\t\t\t<\/div>\n\t\t<\/div>\n\t\t\t\t\t<\/div>\n\t\t<\/section>\n\t\t\t\t<section class=\"elementor-section elementor-top-section elementor-element elementor-element-77fc0581 elementor-section-stretched elementor-section-boxed elementor-section-height-default elementor-section-height-default\" data-id=\"77fc0581\" data-element_type=\"section\" data-settings=\"{&quot;stretch_section&quot;:&quot;section-stretched&quot;,&quot;background_background&quot;:&quot;classic&quot;}\">\n\t\t\t\t\t\t<div class=\"elementor-container elementor-column-gap-extended\">\n\t\t\t\t\t<div class=\"elementor-column elementor-col-100 elementor-top-column elementor-element elementor-element-7dc116a4\" data-id=\"7dc116a4\" data-element_type=\"column\">\n\t\t\t<div class=\"elementor-widget-wrap elementor-element-populated\">\n\t\t\t\t\t\t<div class=\"elementor-element elementor-element-4f81e296 elementor-widget elementor-widget-heading\" data-id=\"4f81e296\" data-element_type=\"widget\" data-widget_type=\"heading.default\">\n\t\t\t\t<div class=\"elementor-widget-container\">\n\t\t\t\t\t<h2 class=\"elementor-heading-title elementor-size-default\">S\u0131k\u00e7a Sorulan <span class=\"text-theme\">Sorular<\/span><\/h2>\t\t\t\t<\/div>\n\t\t\t\t<\/div>\n\t\t\t\t<div class=\"elementor-element elementor-element-68a84454 elementor-widget__width-initial elementor-widget elementor-widget-text-editor\" data-id=\"68a84454\" data-element_type=\"widget\" data-widget_type=\"text-editor.default\">\n\t\t\t\t<div class=\"elementor-widget-container\">\n\t\t\t\t\t\t\t\t\t<p>Sistemlerimiz ile ilgili spesifik olarak en \u00e7ok merak edilenlere yer verdik.<\/p>\t\t\t\t\t\t\t\t<\/div>\n\t\t\t\t<\/div>\n\t\t\t\t\t<\/div>\n\t\t<\/div>\n\t\t\t\t\t<\/div>\n\t\t<\/section>\n\t\t\t\t<section class=\"elementor-section elementor-top-section elementor-element elementor-element-26b86164 elementor-section-stretched elementor-section-boxed elementor-section-height-default elementor-section-height-default\" data-id=\"26b86164\" data-element_type=\"section\" data-settings=\"{&quot;stretch_section&quot;:&quot;section-stretched&quot;,&quot;background_background&quot;:&quot;classic&quot;}\">\n\t\t\t\t\t\t<div class=\"elementor-container elementor-column-gap-extended\">\n\t\t\t\t\t<div class=\"elementor-column elementor-col-100 elementor-top-column elementor-element elementor-element-107bb0dd\" data-id=\"107bb0dd\" data-element_type=\"column\">\n\t\t\t<div class=\"elementor-widget-wrap elementor-element-populated\">\n\t\t\t\t\t\t<div class=\"elementor-element elementor-element-bcd74f6 elementor-widget elementor-widget-accordion\" data-id=\"bcd74f6\" data-element_type=\"widget\" data-widget_type=\"accordion.default\">\n\t\t\t\t<div class=\"elementor-widget-container\">\n\t\t\t\t\t\t\t<div class=\"elementor-accordion\">\n\t\t\t\t\t\t\t<div class=\"elementor-accordion-item\">\n\t\t\t\t\t<div id=\"elementor-tab-title-1981\" class=\"elementor-tab-title\" data-tab=\"1\" role=\"button\" aria-controls=\"elementor-tab-content-1981\" aria-expanded=\"false\">\n\t\t\t\t\t\t\t\t\t\t\t\t\t<span class=\"elementor-accordion-icon elementor-accordion-icon-right\" aria-hidden=\"true\">\n\t\t\t\t\t\t\t\t\t\t\t\t\t\t\t<span class=\"elementor-accordion-icon-closed\"><i class=\"fas fa-plus\"><\/i><\/span>\n\t\t\t\t\t\t\t\t<span class=\"elementor-accordion-icon-opened\"><i class=\"fas fa-minus\"><\/i><\/span>\n\t\t\t\t\t\t\t\t\t\t\t\t\t\t<\/span>\n\t\t\t\t\t\t\t\t\t\t\t\t<a class=\"elementor-accordion-title\" tabindex=\"0\">MBR ve MMBR sistem aras\u0131ndaki fark nedir?<\/a>\n\t\t\t\t\t<\/div>\n\t\t\t\t\t<div id=\"elementor-tab-content-1981\" class=\"elementor-tab-content elementor-clearfix\" data-tab=\"1\" role=\"region\" aria-labelledby=\"elementor-tab-title-1981\"><ul><li>MBR`nin ilk yat\u0131r\u0131m maliyeti MBBR`den daha y\u00fcksektir,<\/li><li>Giri\u015f AKM de\u011feri MBBR prosese g\u00f6re MBR teknolojisinde daha y\u00fcksektir,<\/li><li>MBBR sistemi, MBR sistemi gibi \u00e7al\u0131\u015fmas\u0131 i\u00e7in kimyasallar gerektirmez,<\/li><li>MBR prosesin MBBR prosese g\u00f6re i\u015fletmesi daha zordur,<\/li><li>MBR proseste, MBBR`de ihtiya\u00e7 duyulmayan sirk\u00fclasyon pompas\u0131 ve kompres\u00f6r gerektirir,<\/li><li>Her iki sistem i\u00e7in blower gerektirir,<\/li><li>Elektrik kesintisi durumunda, MBR max. bekleme s\u00fcresi 24 saat, MBBR \u00a0ise 10 saate kadar s\u00fcrebilir, ard\u0131ndan bakteriler biyo-kek formu olu\u015fturur,<\/li><li>MBR, karma\u015f\u0131k veya toksik maddelerin gideriminde MBBR`den daha iyidir,<\/li><li>MBR ar\u0131t\u0131lm\u0131\u015f su kalitesi \u00fcst\u00fcnd\u00fcr ancak MBBR ise sadece bah\u00e7e sulama ama\u00e7l\u0131 uygundur,<\/li><\/ul><p>MBR ve MBBR paket ar\u0131tma sistemleri hakk\u0131nda detayl\u0131 bilgi almak i\u00e7in bizi arayabilirsiniz.<\/p><\/div>\n\t\t\t\t<\/div>\n\t\t\t\t\t\t\t<div class=\"elementor-accordion-item\">\n\t\t\t\t\t<div id=\"elementor-tab-title-1982\" class=\"elementor-tab-title\" data-tab=\"2\" role=\"button\" aria-controls=\"elementor-tab-content-1982\" aria-expanded=\"false\">\n\t\t\t\t\t\t\t\t\t\t\t\t\t<span class=\"elementor-accordion-icon elementor-accordion-icon-right\" aria-hidden=\"true\">\n\t\t\t\t\t\t\t\t\t\t\t\t\t\t\t<span class=\"elementor-accordion-icon-closed\"><i class=\"fas fa-plus\"><\/i><\/span>\n\t\t\t\t\t\t\t\t<span class=\"elementor-accordion-icon-opened\"><i class=\"fas fa-minus\"><\/i><\/span>\n\t\t\t\t\t\t\t\t\t\t\t\t\t\t<\/span>\n\t\t\t\t\t\t\t\t\t\t\t\t<a class=\"elementor-accordion-title\" tabindex=\"0\">Sistem haz\u0131rlanmas\u0131 ne kadar s\u00fcr\u00fcyor?<\/a>\n\t\t\t\t\t<\/div>\n\t\t\t\t\t<div id=\"elementor-tab-content-1982\" class=\"elementor-tab-content elementor-clearfix\" data-tab=\"2\" role=\"region\" aria-labelledby=\"elementor-tab-title-1982\">Sistem haz\u0131rlama s\u00fcresi, proje b\u00fcy\u00fckl\u00fc\u011f\u00fc ve karma\u015f\u0131kl\u0131\u011f\u0131na ba\u011fl\u0131 olarak de\u011fi\u015fiklik g\u00f6sterir. Genellikle, standart sistemler i\u00e7in haz\u0131rl\u0131k a\u015famas\u0131 birka\u00e7 hafta s\u00fcrebilirken, \u00f6zelle\u015ftirilmi\u015f projeler i\u00e7in daha uzun bir s\u00fcre gerekebilir. Uzman ekibimiz, h\u0131zl\u0131 ve etkili bir \u015fekilde haz\u0131rl\u0131k s\u00fcrecini tamamlamaya odaklan\u0131r.<\/div>\n\t\t\t\t<\/div>\n\t\t\t\t\t\t\t<div class=\"elementor-accordion-item\">\n\t\t\t\t\t<div id=\"elementor-tab-title-1983\" class=\"elementor-tab-title\" data-tab=\"3\" role=\"button\" aria-controls=\"elementor-tab-content-1983\" aria-expanded=\"false\">\n\t\t\t\t\t\t\t\t\t\t\t\t\t<span class=\"elementor-accordion-icon elementor-accordion-icon-right\" aria-hidden=\"true\">\n\t\t\t\t\t\t\t\t\t\t\t\t\t\t\t<span class=\"elementor-accordion-icon-closed\"><i class=\"fas fa-plus\"><\/i><\/span>\n\t\t\t\t\t\t\t\t<span class=\"elementor-accordion-icon-opened\"><i class=\"fas fa-minus\"><\/i><\/span>\n\t\t\t\t\t\t\t\t\t\t\t\t\t\t<\/span>\n\t\t\t\t\t\t\t\t\t\t\t\t<a class=\"elementor-accordion-title\" tabindex=\"0\">Ar-Ge Hizmeti veriyor musunuz?<\/a>\n\t\t\t\t\t<\/div>\n\t\t\t\t\t<div id=\"elementor-tab-content-1983\" class=\"elementor-tab-content elementor-clearfix\" data-tab=\"3\" role=\"region\" aria-labelledby=\"elementor-tab-title-1983\">Evet, m\u00fc\u015fteri ihtiya\u00e7lar\u0131na uygun \u00e7\u00f6z\u00fcmler sunabilmek i\u00e7in s\u00fcrekli Ar-Ge \u00e7al\u0131\u015fmalar\u0131na \u00f6nem veriyoruz. Teknolojik geli\u015fmeleri takip ederek, yenilik\u00e7i ve \u00e7evre dostu su ar\u0131tma sistemleri geli\u015ftiriyoruz ve m\u00fc\u015fterilerimize en g\u00fcncel \u00e7\u00f6z\u00fcmleri sunuyoruz.<\/div>\n\t\t\t\t<\/div>\n\t\t\t\t\t\t\t\t<\/div>\n\t\t\t\t\t\t<\/div>\n\t\t\t\t<\/div>\n\t\t\t\t\t<\/div>\n\t\t<\/div>\n\t\t\t\t\t<\/div>\n\t\t<\/section>\n\t\t\t\t<\/div>\n\t\t","protected":false},"excerpt":{"rendered":"<p>MBR Sistemleri Konteyner i\u00e7i MBR sistemleri, aktif \u00e7amur ve bat\u0131k tip membran filtrasyonunu birle\u015ftirerek, at\u0131k su ar\u0131tma s\u00fcre\u00e7lerini optimize eder. Membran \u00fcniteleri, geleneksel \u00e7\u00f6kertme tanklar\u0131n\u0131n yerine ge\u00e7er. Bu y\u00f6ntemde kat\u0131 maddeler etkili \u015fekilde giderilirken, bakteri ve organik madde ar\u0131t\u0131m\u0131 y\u00fcksek verimle ger\u00e7ekle\u015fir. Bu sistem, d\u00fc\u015f\u00fck alan gereksinimi ve etkili ar\u0131tma avantajlar\u0131 sunar. MBR i\u015flemi, proje [&hellip;]<\/p>\n","protected":false},"author":1,"featured_media":0,"parent":0,"menu_order":0,"comment_status":"closed","ping_status":"closed","template":"","meta":{"inline_featured_image":false,"footnotes":""},"class_list":["post-2628","page","type-page","status-publish","hentry"],"aioseo_notices":[],"_links":{"self":[{"href":"https:\/\/bogazicisu.com\/endustriyel\/wp-json\/wp\/v2\/pages\/2628","targetHints":{"allow":["GET"]}}],"collection":[{"href":"https:\/\/bogazicisu.com\/endustriyel\/wp-json\/wp\/v2\/pages"}],"about":[{"href":"https:\/\/bogazicisu.com\/endustriyel\/wp-json\/wp\/v2\/types\/page"}],"author":[{"embeddable":true,"href":"https:\/\/bogazicisu.com\/endustriyel\/wp-json\/wp\/v2\/users\/1"}],"replies":[{"embeddable":true,"href":"https:\/\/bogazicisu.com\/endustriyel\/wp-json\/wp\/v2\/comments?post=2628"}],"version-history":[{"count":10,"href":"https:\/\/bogazicisu.com\/endustriyel\/wp-json\/wp\/v2\/pages\/2628\/revisions"}],"predecessor-version":[{"id":3229,"href":"https:\/\/bogazicisu.com\/endustriyel\/wp-json\/wp\/v2\/pages\/2628\/revisions\/3229"}],"wp:attachment":[{"href":"https:\/\/bogazicisu.com\/endustriyel\/wp-json\/wp\/v2\/media?parent=2628"}],"curies":[{"name":"wp","href":"https:\/\/api.w.org\/{rel}","templated":true}]}}