{"id":2620,"date":"2023-07-14T22:30:23","date_gmt":"2023-07-14T19:30:23","guid":{"rendered":"https:\/\/bogazicisu.com\/endustriyel\/?page_id=2620"},"modified":"2023-08-15T16:42:19","modified_gmt":"2023-08-15T13:42:19","slug":"demir-mangan-arsenik-filtresi","status":"publish","type":"page","link":"https:\/\/bogazicisu.com\/endustriyel\/demir-mangan-arsenik-filtresi\/","title":{"rendered":"Demir-Mangan-Arsenik Filtresi"},"content":{"rendered":"\t\t<div data-elementor-type=\"wp-page\" data-elementor-id=\"2620\" class=\"elementor elementor-2620\">\n\t\t\t\t\t\t<section class=\"elementor-section elementor-top-section elementor-element elementor-element-28f9357a elementor-section-stretched elementor-section-boxed elementor-section-height-default elementor-section-height-default\" data-id=\"28f9357a\" data-element_type=\"section\" data-settings=\"{&quot;stretch_section&quot;:&quot;section-stretched&quot;,&quot;background_background&quot;:&quot;classic&quot;}\">\n\t\t\t\t\t\t<div class=\"elementor-container elementor-column-gap-extended\">\n\t\t\t\t\t<div class=\"elementor-column elementor-col-50 elementor-top-column elementor-element elementor-element-166b128a\" data-id=\"166b128a\" data-element_type=\"column\">\n\t\t\t<div class=\"elementor-widget-wrap elementor-element-populated\">\n\t\t\t\t\t\t<div class=\"elementor-element elementor-element-6871cc89 elementor-widget elementor-widget-heading\" data-id=\"6871cc89\" data-element_type=\"widget\" data-widget_type=\"heading.default\">\n\t\t\t\t<div class=\"elementor-widget-container\">\n\t\t\t\t\t<h2 class=\"elementor-heading-title elementor-size-default\">Demir-Mangan-Arsenik <span class=\"text-theme\">Filtresi <\/span><\/h2>\t\t\t\t<\/div>\n\t\t\t\t<\/div>\n\t\t\t\t<div class=\"elementor-element elementor-element-4499341d elementor-widget elementor-widget-text-editor\" data-id=\"4499341d\" data-element_type=\"widget\" data-widget_type=\"text-editor.default\">\n\t\t\t\t<div class=\"elementor-widget-container\">\n\t\t\t\t\t\t\t\t\t<p>Arsenik, demir ve mangan filtrasyon sistemi, suyun i\u00e7inde \u00e7\u00f6z\u00fcnm\u00fc\u015f halde bulunan arsenik, demir ve mangan gibi <strong>a\u011f\u0131r metalleri uzakla\u015ft\u0131rmay\u0131 ama\u00e7lar.<\/strong><\/p><p>Suda \u00e7\u00f6z\u00fcnm\u00fc\u015f demir ve mangan iyonlar\u0131, suyun bulan\u0131kl\u0131\u011f\u0131n\u0131 art\u0131rabilir, renk de\u011fi\u015fimine neden olabilir ve bakteriyel kirlili\u011fi art\u0131rabilir. Arsenik ise toksik etkisi nedeniyle \u00e7ok d\u00fc\u015f\u00fck konsantrasyonlarda bile sa\u011fl\u0131k a\u00e7\u0131s\u0131ndan risk ta\u015f\u0131r. Bu nedenle i\u00e7me suyu ar\u0131tmas\u0131n\u0131n yan\u0131 s\u0131ra end\u00fcstriyel sekt\u00f6rlerde, \u00f6zellikle g\u0131da, tekstil, plastik, ka\u011f\u0131t ve deri gibi alanlarda arsenik, demir ve mangan\u0131n uzakla\u015ft\u0131r\u0131lmas\u0131 b\u00fcy\u00fck \u00f6nem ta\u015f\u0131r.<\/p><p>Bu \u00f6zel filtrede kullan\u0131lan mineraller,<strong> a\u011f\u0131r metallerin oksidasyonunu ger\u00e7ekle\u015ftirir ve ard\u0131ndan ters y\u0131kama i\u015flemiyle suyun d\u0131\u015far\u0131 at\u0131lmas\u0131n\u0131 sa\u011flar.<\/strong><\/p><p>Sunulan y\u00fczey kaplamal\u0131 bu \u00fcniteler, elektrik veya pn\u00f6matik akt\u00fcat\u00f6rlerle tam otomatik bir \u015fekilde \u00e7al\u0131\u015f\u0131r.<\/p>\t\t\t\t\t\t\t\t<\/div>\n\t\t\t\t<\/div>\n\t\t\t\t<div class=\"elementor-element elementor-element-27248580 elementor-widget elementor-widget-text-editor\" data-id=\"27248580\" data-element_type=\"widget\" data-widget_type=\"text-editor.default\">\n\t\t\t\t<div class=\"elementor-widget-container\">\n\t\t\t\t\t\t\t\t\t<ul class=\"list-check\">\n \t<li><i class=\"fas fa-check\"><\/i>Otomatik Valf Kontroll\u00fc Demir-Mangan-Arsenik Filtre Sistemleri<\/li>\n \t<li><i class=\"fas fa-check\"><\/i>\u00c7elik Tankl\u0131 Y\u00fczey Borulamal\u0131 Demir-Mangan-Arsenik Filtre Sistemleri<\/li>\n \t<li><i class=\"fas fa-check\"><\/i>FRP Tankl\u0131 Y\u00fczey Borulamal\u0131 Demir-Mangan-Arsenik Filtre Sistemleri<\/li>\n<\/ul>\t\t\t\t\t\t\t\t<\/div>\n\t\t\t\t<\/div>\n\t\t\t\t<div class=\"elementor-element elementor-element-38608fe8 elementor-widget elementor-widget-button\" data-id=\"38608fe8\" data-element_type=\"widget\" data-widget_type=\"button.default\">\n\t\t\t\t<div class=\"elementor-widget-container\">\n\t\t\t\t\t\t\t\t\t<div class=\"elementor-button-wrapper\">\n\t\t\t\t\t<a class=\"elementor-button elementor-button-link elementor-size-md\" href=\"https:\/\/api.whatsapp.com\/send?phone=905525022022\">\n\t\t\t\t\t\t<span class=\"elementor-button-content-wrapper\">\n\t\t\t\t\t\t\t\t\t<span class=\"elementor-button-text\">Teklif \u0130ste<\/span>\n\t\t\t\t\t<\/span>\n\t\t\t\t\t<\/a>\n\t\t\t\t<\/div>\n\t\t\t\t\t\t\t\t<\/div>\n\t\t\t\t<\/div>\n\t\t\t\t\t<\/div>\n\t\t<\/div>\n\t\t\t\t<div class=\"elementor-column elementor-col-50 elementor-top-column elementor-element elementor-element-144de7d6\" data-id=\"144de7d6\" data-element_type=\"column\" data-settings=\"{&quot;background_background&quot;:&quot;classic&quot;}\">\n\t\t\t<div class=\"elementor-widget-wrap elementor-element-populated\">\n\t\t\t\t\t\t<div class=\"elementor-element elementor-element-4a9fefa8 elementor-widget elementor-widget-image\" data-id=\"4a9fefa8\" data-element_type=\"widget\" data-widget_type=\"image.default\">\n\t\t\t\t<div class=\"elementor-widget-container\">\n\t\t\t\t\t\t\t\t\t\t\t\t\t\t\t<img fetchpriority=\"high\" decoding=\"async\" width=\"660\" height=\"440\" src=\"https:\/\/bogazicisu.com\/endustriyel\/wp-content\/uploads\/2023\/08\/demir-mangan-arsenik-filtre-sistemleri-min-1024x683.jpg\" class=\"attachment-large size-large wp-image-3147\" alt=\"\" srcset=\"https:\/\/bogazicisu.com\/endustriyel\/wp-content\/uploads\/2023\/08\/demir-mangan-arsenik-filtre-sistemleri-min-1024x683.jpg 1024w, https:\/\/bogazicisu.com\/endustriyel\/wp-content\/uploads\/2023\/08\/demir-mangan-arsenik-filtre-sistemleri-min-300x200.jpg 300w, https:\/\/bogazicisu.com\/endustriyel\/wp-content\/uploads\/2023\/08\/demir-mangan-arsenik-filtre-sistemleri-min-768x512.jpg 768w, https:\/\/bogazicisu.com\/endustriyel\/wp-content\/uploads\/2023\/08\/demir-mangan-arsenik-filtre-sistemleri-min.jpg 1200w\" sizes=\"(max-width: 660px) 100vw, 660px\" \/>\t\t\t\t\t\t\t\t\t\t\t\t\t\t\t<\/div>\n\t\t\t\t<\/div>\n\t\t\t\t\t<\/div>\n\t\t<\/div>\n\t\t\t\t\t<\/div>\n\t\t<\/section>\n\t\t\t\t<section class=\"elementor-section elementor-top-section elementor-element elementor-element-440512ea elementor-section-boxed elementor-section-height-default elementor-section-height-default\" data-id=\"440512ea\" data-element_type=\"section\">\n\t\t\t\t\t\t<div class=\"elementor-container elementor-column-gap-default\">\n\t\t\t\t\t<div class=\"elementor-column elementor-col-100 elementor-top-column elementor-element elementor-element-5a0a3f48\" data-id=\"5a0a3f48\" data-element_type=\"column\">\n\t\t\t<div class=\"elementor-widget-wrap elementor-element-populated\">\n\t\t\t\t\t\t<div class=\"elementor-element elementor-element-b6ac75c elementor-widget elementor-widget-heading\" data-id=\"b6ac75c\" data-element_type=\"widget\" data-widget_type=\"heading.default\">\n\t\t\t\t<div class=\"elementor-widget-container\">\n\t\t\t\t\t<h2 class=\"elementor-heading-title elementor-size-default\">Demir-Mangan-Arsenik Filtresi<\/h2>\t\t\t\t<\/div>\n\t\t\t\t<\/div>\n\t\t\t\t<div class=\"elementor-element elementor-element-6d5263b7 elementor-widget elementor-widget-text-editor\" data-id=\"6d5263b7\" data-element_type=\"widget\" data-widget_type=\"text-editor.default\">\n\t\t\t\t<div class=\"elementor-widget-container\">\n\t\t\t\t\t\t\t\t\t<p>End\u00fcstriyel su alan\u0131nda m\u00fc\u015fterilerimizin t\u00fcm ihtiya\u00e7lar\u0131n\u0131 kar\u015f\u0131layacak hizmetlerimiz sizlerle.<\/p>\t\t\t\t\t\t\t\t<\/div>\n\t\t\t\t<\/div>\n\t\t\t\t\t<\/div>\n\t\t<\/div>\n\t\t\t\t\t<\/div>\n\t\t<\/section>\n\t\t\t\t<section class=\"elementor-section elementor-top-section elementor-element elementor-element-1a1720ea elementor-section-stretched elementor-section-boxed elementor-section-height-default elementor-section-height-default\" data-id=\"1a1720ea\" data-element_type=\"section\" data-settings=\"{&quot;stretch_section&quot;:&quot;section-stretched&quot;,&quot;background_background&quot;:&quot;classic&quot;}\">\n\t\t\t\t\t\t<div class=\"elementor-container elementor-column-gap-extended\">\n\t\t\t\t\t<div class=\"elementor-column elementor-col-33 elementor-top-column elementor-element elementor-element-6ff8f8dd\" data-id=\"6ff8f8dd\" data-element_type=\"column\">\n\t\t\t<div class=\"elementor-widget-wrap elementor-element-populated\">\n\t\t\t\t\t\t<div class=\"elementor-element elementor-element-5cda0fbb elementor-widget elementor-widget-image\" data-id=\"5cda0fbb\" data-element_type=\"widget\" data-settings=\"{&quot;_animation&quot;:&quot;none&quot;}\" data-widget_type=\"image.default\">\n\t\t\t\t<div class=\"elementor-widget-container\">\n\t\t\t\t\t\t\t\t\t\t\t\t\t\t\t\t<a href=\"https:\/\/bogazicisu.com\/magaza\/urun\/otomatik-demir-mangan-arsenik-filtre-sistemleri\/\">\n\t\t\t\t\t\t\t<img decoding=\"async\" width=\"660\" height=\"440\" src=\"https:\/\/bogazicisu.com\/endustriyel\/wp-content\/uploads\/2023\/08\/otomatik-valf-kontrollu-kum-filtre-sistemi-min-1024x683.jpg\" class=\"elementor-animation-shrink attachment-large size-large wp-image-3060\" alt=\"\" srcset=\"https:\/\/bogazicisu.com\/endustriyel\/wp-content\/uploads\/2023\/08\/otomatik-valf-kontrollu-kum-filtre-sistemi-min-1024x683.jpg 1024w, https:\/\/bogazicisu.com\/endustriyel\/wp-content\/uploads\/2023\/08\/otomatik-valf-kontrollu-kum-filtre-sistemi-min-300x200.jpg 300w, https:\/\/bogazicisu.com\/endustriyel\/wp-content\/uploads\/2023\/08\/otomatik-valf-kontrollu-kum-filtre-sistemi-min-768x512.jpg 768w, https:\/\/bogazicisu.com\/endustriyel\/wp-content\/uploads\/2023\/08\/otomatik-valf-kontrollu-kum-filtre-sistemi-min.jpg 1200w\" sizes=\"(max-width: 660px) 100vw, 660px\" \/>\t\t\t\t\t\t\t\t<\/a>\n\t\t\t\t\t\t\t\t\t\t\t\t\t\t\t<\/div>\n\t\t\t\t<\/div>\n\t\t\t\t<div class=\"elementor-element elementor-element-72f9819e elementor-widget elementor-widget-heading\" data-id=\"72f9819e\" data-element_type=\"widget\" data-widget_type=\"heading.default\">\n\t\t\t\t<div class=\"elementor-widget-container\">\n\t\t\t\t\t<h2 class=\"elementor-heading-title elementor-size-default\"><a href=\"https:\/\/bogazicisu.com\/magaza\/urun\/otomatik-demir-mangan-arsenik-filtre-sistemleri\/\">Otomatik Sistem<\/a><\/h2>\t\t\t\t<\/div>\n\t\t\t\t<\/div>\n\t\t\t\t\t<\/div>\n\t\t<\/div>\n\t\t\t\t<div class=\"elementor-column elementor-col-33 elementor-top-column elementor-element elementor-element-511fbb1a\" data-id=\"511fbb1a\" data-element_type=\"column\">\n\t\t\t<div class=\"elementor-widget-wrap elementor-element-populated\">\n\t\t\t\t\t\t<div class=\"elementor-element elementor-element-66a0f39 elementor-widget elementor-widget-image\" data-id=\"66a0f39\" data-element_type=\"widget\" data-widget_type=\"image.default\">\n\t\t\t\t<div class=\"elementor-widget-container\">\n\t\t\t\t\t\t\t\t\t\t\t\t\t\t\t\t<a href=\"https:\/\/bogazicisu.com\/magaza\/urun\/celik-tankli-yuzey-borulamali-demir-mangan-arsenik-filtre-sistemleri\/\">\n\t\t\t\t\t\t\t<img decoding=\"async\" width=\"660\" height=\"440\" src=\"https:\/\/bogazicisu.com\/endustriyel\/wp-content\/uploads\/2023\/08\/single-yuzey-borulamali-celik-epoksi-boyali-endustriyel-sistem-min-1024x683.jpg\" class=\"elementor-animation-shrink attachment-large size-large wp-image-3052\" alt=\"\" srcset=\"https:\/\/bogazicisu.com\/endustriyel\/wp-content\/uploads\/2023\/08\/single-yuzey-borulamali-celik-epoksi-boyali-endustriyel-sistem-min-1024x683.jpg 1024w, https:\/\/bogazicisu.com\/endustriyel\/wp-content\/uploads\/2023\/08\/single-yuzey-borulamali-celik-epoksi-boyali-endustriyel-sistem-min-300x200.jpg 300w, https:\/\/bogazicisu.com\/endustriyel\/wp-content\/uploads\/2023\/08\/single-yuzey-borulamali-celik-epoksi-boyali-endustriyel-sistem-min-768x512.jpg 768w, https:\/\/bogazicisu.com\/endustriyel\/wp-content\/uploads\/2023\/08\/single-yuzey-borulamali-celik-epoksi-boyali-endustriyel-sistem-min.jpg 1200w\" sizes=\"(max-width: 660px) 100vw, 660px\" \/>\t\t\t\t\t\t\t\t<\/a>\n\t\t\t\t\t\t\t\t\t\t\t\t\t\t\t<\/div>\n\t\t\t\t<\/div>\n\t\t\t\t<div class=\"elementor-element elementor-element-7f083096 elementor-widget elementor-widget-heading\" data-id=\"7f083096\" data-element_type=\"widget\" data-widget_type=\"heading.default\">\n\t\t\t\t<div class=\"elementor-widget-container\">\n\t\t\t\t\t<h2 class=\"elementor-heading-title elementor-size-default\"><a href=\"https:\/\/bogazicisu.com\/magaza\/urun\/celik-tankli-yuzey-borulamali-demir-mangan-arsenik-filtre-sistemleri\/\">\u00c7elik Tankl\u0131 Y\u00fczey Borulamal\u0131<\/a><\/h2>\t\t\t\t<\/div>\n\t\t\t\t<\/div>\n\t\t\t\t\t<\/div>\n\t\t<\/div>\n\t\t\t\t<div class=\"elementor-column elementor-col-33 elementor-top-column elementor-element elementor-element-35feb1c1\" data-id=\"35feb1c1\" data-element_type=\"column\">\n\t\t\t<div class=\"elementor-widget-wrap elementor-element-populated\">\n\t\t\t\t\t\t<div class=\"elementor-element elementor-element-53fb9b13 elementor-widget elementor-widget-image\" data-id=\"53fb9b13\" data-element_type=\"widget\" data-widget_type=\"image.default\">\n\t\t\t\t<div class=\"elementor-widget-container\">\n\t\t\t\t\t\t\t\t\t\t\t\t\t\t\t\t<a href=\"https:\/\/bogazicisu.com\/magaza\/urun\/frp-tankli-yuzey-borulamali-demir-mangan-arsenik-filtre-sistemleri\/\">\n\t\t\t\t\t\t\t<img loading=\"lazy\" decoding=\"async\" width=\"660\" height=\"440\" src=\"https:\/\/bogazicisu.com\/endustriyel\/wp-content\/uploads\/2023\/08\/single-frp-yuzey-borulamali-endustriyel-sistem-min-1024x683.jpg\" class=\"elementor-animation-shrink attachment-large size-large wp-image-3053\" alt=\"\" srcset=\"https:\/\/bogazicisu.com\/endustriyel\/wp-content\/uploads\/2023\/08\/single-frp-yuzey-borulamali-endustriyel-sistem-min-1024x683.jpg 1024w, https:\/\/bogazicisu.com\/endustriyel\/wp-content\/uploads\/2023\/08\/single-frp-yuzey-borulamali-endustriyel-sistem-min-300x200.jpg 300w, https:\/\/bogazicisu.com\/endustriyel\/wp-content\/uploads\/2023\/08\/single-frp-yuzey-borulamali-endustriyel-sistem-min-768x512.jpg 768w, https:\/\/bogazicisu.com\/endustriyel\/wp-content\/uploads\/2023\/08\/single-frp-yuzey-borulamali-endustriyel-sistem-min.jpg 1200w\" sizes=\"(max-width: 660px) 100vw, 660px\" \/>\t\t\t\t\t\t\t\t<\/a>\n\t\t\t\t\t\t\t\t\t\t\t\t\t\t\t<\/div>\n\t\t\t\t<\/div>\n\t\t\t\t<div class=\"elementor-element elementor-element-531abdad elementor-widget elementor-widget-heading\" data-id=\"531abdad\" data-element_type=\"widget\" data-widget_type=\"heading.default\">\n\t\t\t\t<div class=\"elementor-widget-container\">\n\t\t\t\t\t<h2 class=\"elementor-heading-title elementor-size-default\"><a href=\"https:\/\/bogazicisu.com\/magaza\/urun\/frp-tankli-yuzey-borulamali-demir-mangan-arsenik-filtre-sistemleri\/\">FRP Tankl\u0131 Y\u00fczey Borulamal\u0131<\/a><\/h2>\t\t\t\t<\/div>\n\t\t\t\t<\/div>\n\t\t\t\t\t<\/div>\n\t\t<\/div>\n\t\t\t\t\t<\/div>\n\t\t<\/section>\n\t\t\t\t<section class=\"elementor-section elementor-top-section elementor-element elementor-element-724331df elementor-section-stretched elementor-section-boxed elementor-section-height-default elementor-section-height-default\" data-id=\"724331df\" data-element_type=\"section\" data-settings=\"{&quot;stretch_section&quot;:&quot;section-stretched&quot;,&quot;background_background&quot;:&quot;classic&quot;}\">\n\t\t\t\t\t\t<div class=\"elementor-container elementor-column-gap-extended\">\n\t\t\t\t\t<div class=\"elementor-column elementor-col-100 elementor-top-column elementor-element elementor-element-37e84fd6\" data-id=\"37e84fd6\" data-element_type=\"column\">\n\t\t\t<div class=\"elementor-widget-wrap elementor-element-populated\">\n\t\t\t\t\t\t<div class=\"elementor-element elementor-element-394bc0d2 elementor-widget elementor-widget-heading\" data-id=\"394bc0d2\" data-element_type=\"widget\" data-widget_type=\"heading.default\">\n\t\t\t\t<div class=\"elementor-widget-container\">\n\t\t\t\t\t<h2 class=\"elementor-heading-title elementor-size-default\">S\u0131k\u00e7a Sorulan <span class=\"text-theme\">Sorular<\/span><\/h2>\t\t\t\t<\/div>\n\t\t\t\t<\/div>\n\t\t\t\t<div class=\"elementor-element elementor-element-79b920fb elementor-widget__width-initial elementor-widget elementor-widget-text-editor\" data-id=\"79b920fb\" data-element_type=\"widget\" data-widget_type=\"text-editor.default\">\n\t\t\t\t<div class=\"elementor-widget-container\">\n\t\t\t\t\t\t\t\t\t<p>Sistemlerimiz ile ilgili spesifik olarak en \u00e7ok merak edilenlere yer verdik.<\/p>\t\t\t\t\t\t\t\t<\/div>\n\t\t\t\t<\/div>\n\t\t\t\t\t<\/div>\n\t\t<\/div>\n\t\t\t\t\t<\/div>\n\t\t<\/section>\n\t\t\t\t<section class=\"elementor-section elementor-top-section elementor-element elementor-element-7053b382 elementor-section-stretched elementor-section-boxed elementor-section-height-default elementor-section-height-default\" data-id=\"7053b382\" data-element_type=\"section\" data-settings=\"{&quot;stretch_section&quot;:&quot;section-stretched&quot;,&quot;background_background&quot;:&quot;classic&quot;}\">\n\t\t\t\t\t\t<div class=\"elementor-container elementor-column-gap-extended\">\n\t\t\t\t\t<div class=\"elementor-column elementor-col-100 elementor-top-column elementor-element elementor-element-6e0b6aa\" data-id=\"6e0b6aa\" data-element_type=\"column\">\n\t\t\t<div class=\"elementor-widget-wrap elementor-element-populated\">\n\t\t\t\t\t\t<div class=\"elementor-element elementor-element-64ee56f2 elementor-widget elementor-widget-accordion\" data-id=\"64ee56f2\" data-element_type=\"widget\" data-widget_type=\"accordion.default\">\n\t\t\t\t<div class=\"elementor-widget-container\">\n\t\t\t\t\t\t\t<div class=\"elementor-accordion\">\n\t\t\t\t\t\t\t<div class=\"elementor-accordion-item\">\n\t\t\t\t\t<div id=\"elementor-tab-title-1691\" class=\"elementor-tab-title\" data-tab=\"1\" role=\"button\" aria-controls=\"elementor-tab-content-1691\" aria-expanded=\"false\">\n\t\t\t\t\t\t\t\t\t\t\t\t\t<span class=\"elementor-accordion-icon elementor-accordion-icon-right\" aria-hidden=\"true\">\n\t\t\t\t\t\t\t\t\t\t\t\t\t\t\t<span class=\"elementor-accordion-icon-closed\"><i class=\"fas fa-plus\"><\/i><\/span>\n\t\t\t\t\t\t\t\t<span class=\"elementor-accordion-icon-opened\"><i class=\"fas fa-minus\"><\/i><\/span>\n\t\t\t\t\t\t\t\t\t\t\t\t\t\t<\/span>\n\t\t\t\t\t\t\t\t\t\t\t\t<a class=\"elementor-accordion-title\" tabindex=\"0\">\u00c7elik tank \u0130le FRP tank aras\u0131ndaki fark nedir?<\/a>\n\t\t\t\t\t<\/div>\n\t\t\t\t\t<div id=\"elementor-tab-content-1691\" class=\"elementor-tab-content elementor-clearfix\" data-tab=\"1\" role=\"region\" aria-labelledby=\"elementor-tab-title-1691\"><p>FRP tanklar, fiber takviyeli plastik malzemeden \u00fcretilir. Bu malzeme dayan\u0131kl\u0131, hafif ve korozyona kar\u015f\u0131 diren\u00e7lidir. \u00c7elik tanklar, metal malzemeden \u00fcretilir. \u00c7elik tanklar daha a\u011f\u0131r yap\u0131lara sahiptir. Daha ayr\u0131nt\u0131l\u0131 bilgi i\u00e7in <strong><a href=\"https:\/\/bogazicisu.com\/aritma-bilgi-kutuphanesi\/tank\/frp-tank-ve-celik-tank-arasindaki-farklar-nelerdir\/\">buraya <\/a><\/strong>t\u0131klay\u0131n\u0131z.<\/p><\/div>\n\t\t\t\t<\/div>\n\t\t\t\t\t\t\t<div class=\"elementor-accordion-item\">\n\t\t\t\t\t<div id=\"elementor-tab-title-1692\" class=\"elementor-tab-title\" data-tab=\"2\" role=\"button\" aria-controls=\"elementor-tab-content-1692\" aria-expanded=\"false\">\n\t\t\t\t\t\t\t\t\t\t\t\t\t<span class=\"elementor-accordion-icon elementor-accordion-icon-right\" aria-hidden=\"true\">\n\t\t\t\t\t\t\t\t\t\t\t\t\t\t\t<span class=\"elementor-accordion-icon-closed\"><i class=\"fas fa-plus\"><\/i><\/span>\n\t\t\t\t\t\t\t\t<span class=\"elementor-accordion-icon-opened\"><i class=\"fas fa-minus\"><\/i><\/span>\n\t\t\t\t\t\t\t\t\t\t\t\t\t\t<\/span>\n\t\t\t\t\t\t\t\t\t\t\t\t<a class=\"elementor-accordion-title\" tabindex=\"0\">Sistem haz\u0131rlanmas\u0131 ne kadar s\u00fcr\u00fcyor?<\/a>\n\t\t\t\t\t<\/div>\n\t\t\t\t\t<div id=\"elementor-tab-content-1692\" class=\"elementor-tab-content elementor-clearfix\" data-tab=\"2\" role=\"region\" aria-labelledby=\"elementor-tab-title-1692\">Sistem haz\u0131rlama s\u00fcresi, proje b\u00fcy\u00fckl\u00fc\u011f\u00fc ve karma\u015f\u0131kl\u0131\u011f\u0131na ba\u011fl\u0131 olarak de\u011fi\u015fiklik g\u00f6sterir. Genellikle, standart sistemler i\u00e7in haz\u0131rl\u0131k a\u015famas\u0131 birka\u00e7 hafta s\u00fcrebilirken, \u00f6zelle\u015ftirilmi\u015f projeler i\u00e7in daha uzun bir s\u00fcre gerekebilir. Uzman ekibimiz, h\u0131zl\u0131 ve etkili bir \u015fekilde haz\u0131rl\u0131k s\u00fcrecini tamamlamaya odaklan\u0131r.<\/div>\n\t\t\t\t<\/div>\n\t\t\t\t\t\t\t<div class=\"elementor-accordion-item\">\n\t\t\t\t\t<div id=\"elementor-tab-title-1693\" class=\"elementor-tab-title\" data-tab=\"3\" role=\"button\" aria-controls=\"elementor-tab-content-1693\" aria-expanded=\"false\">\n\t\t\t\t\t\t\t\t\t\t\t\t\t<span class=\"elementor-accordion-icon elementor-accordion-icon-right\" aria-hidden=\"true\">\n\t\t\t\t\t\t\t\t\t\t\t\t\t\t\t<span class=\"elementor-accordion-icon-closed\"><i class=\"fas fa-plus\"><\/i><\/span>\n\t\t\t\t\t\t\t\t<span class=\"elementor-accordion-icon-opened\"><i class=\"fas fa-minus\"><\/i><\/span>\n\t\t\t\t\t\t\t\t\t\t\t\t\t\t<\/span>\n\t\t\t\t\t\t\t\t\t\t\t\t<a class=\"elementor-accordion-title\" tabindex=\"0\">Ar-Ge Hizmeti veriyor musunuz?<\/a>\n\t\t\t\t\t<\/div>\n\t\t\t\t\t<div id=\"elementor-tab-content-1693\" class=\"elementor-tab-content elementor-clearfix\" data-tab=\"3\" role=\"region\" aria-labelledby=\"elementor-tab-title-1693\">Evet, m\u00fc\u015fteri ihtiya\u00e7lar\u0131na uygun \u00e7\u00f6z\u00fcmler sunabilmek i\u00e7in s\u00fcrekli Ar-Ge \u00e7al\u0131\u015fmalar\u0131na \u00f6nem veriyoruz. Teknolojik geli\u015fmeleri takip ederek, yenilik\u00e7i ve \u00e7evre dostu su ar\u0131tma sistemleri geli\u015ftiriyoruz ve m\u00fc\u015fterilerimize en g\u00fcncel \u00e7\u00f6z\u00fcmleri sunuyoruz.<\/div>\n\t\t\t\t<\/div>\n\t\t\t\t\t\t\t\t<\/div>\n\t\t\t\t\t\t<\/div>\n\t\t\t\t<\/div>\n\t\t\t\t\t<\/div>\n\t\t<\/div>\n\t\t\t\t\t<\/div>\n\t\t<\/section>\n\t\t\t\t<\/div>\n\t\t","protected":false},"excerpt":{"rendered":"<p>Demir-Mangan-Arsenik Filtresi Arsenik, demir ve mangan filtrasyon sistemi, suyun i\u00e7inde \u00e7\u00f6z\u00fcnm\u00fc\u015f halde bulunan arsenik, demir ve mangan gibi a\u011f\u0131r metalleri uzakla\u015ft\u0131rmay\u0131 ama\u00e7lar. Suda \u00e7\u00f6z\u00fcnm\u00fc\u015f demir ve mangan iyonlar\u0131, suyun bulan\u0131kl\u0131\u011f\u0131n\u0131 art\u0131rabilir, renk de\u011fi\u015fimine neden olabilir ve bakteriyel kirlili\u011fi art\u0131rabilir. Arsenik ise toksik etkisi nedeniyle \u00e7ok d\u00fc\u015f\u00fck konsantrasyonlarda bile sa\u011fl\u0131k a\u00e7\u0131s\u0131ndan risk ta\u015f\u0131r. Bu nedenle i\u00e7me [&hellip;]<\/p>\n","protected":false},"author":1,"featured_media":0,"parent":0,"menu_order":0,"comment_status":"closed","ping_status":"closed","template":"","meta":{"inline_featured_image":false,"footnotes":""},"class_list":["post-2620","page","type-page","status-publish","hentry"],"aioseo_notices":[],"_links":{"self":[{"href":"https:\/\/bogazicisu.com\/endustriyel\/wp-json\/wp\/v2\/pages\/2620","targetHints":{"allow":["GET"]}}],"collection":[{"href":"https:\/\/bogazicisu.com\/endustriyel\/wp-json\/wp\/v2\/pages"}],"about":[{"href":"https:\/\/bogazicisu.com\/endustriyel\/wp-json\/wp\/v2\/types\/page"}],"author":[{"embeddable":true,"href":"https:\/\/bogazicisu.com\/endustriyel\/wp-json\/wp\/v2\/users\/1"}],"replies":[{"embeddable":true,"href":"https:\/\/bogazicisu.com\/endustriyel\/wp-json\/wp\/v2\/comments?post=2620"}],"version-history":[{"count":19,"href":"https:\/\/bogazicisu.com\/endustriyel\/wp-json\/wp\/v2\/pages\/2620\/revisions"}],"predecessor-version":[{"id":3159,"href":"https:\/\/bogazicisu.com\/endustriyel\/wp-json\/wp\/v2\/pages\/2620\/revisions\/3159"}],"wp:attachment":[{"href":"https:\/\/bogazicisu.com\/endustriyel\/wp-json\/wp\/v2\/media?parent=2620"}],"curies":[{"name":"wp","href":"https:\/\/api.w.org\/{rel}","templated":true}]}}