{"id":2616,"date":"2023-07-14T22:30:05","date_gmt":"2023-07-14T19:30:05","guid":{"rendered":"https:\/\/bogazicisu.com\/endustriyel\/?page_id=2616"},"modified":"2023-08-08T14:15:15","modified_gmt":"2023-08-08T11:15:15","slug":"aktif-karbon-filtre-sistemleri","status":"publish","type":"page","link":"https:\/\/bogazicisu.com\/endustriyel\/aktif-karbon-filtre-sistemleri\/","title":{"rendered":"Aktif Karbon Filtre Sistemleri"},"content":{"rendered":"\t\t<div data-elementor-type=\"wp-page\" data-elementor-id=\"2616\" class=\"elementor elementor-2616\">\n\t\t\t\t\t\t<section class=\"elementor-section elementor-top-section elementor-element elementor-element-f136027 elementor-section-stretched elementor-section-boxed elementor-section-height-default elementor-section-height-default\" data-id=\"f136027\" data-element_type=\"section\" data-settings=\"{&quot;stretch_section&quot;:&quot;section-stretched&quot;,&quot;background_background&quot;:&quot;classic&quot;}\">\n\t\t\t\t\t\t<div class=\"elementor-container elementor-column-gap-extended\">\n\t\t\t\t\t<div class=\"elementor-column elementor-col-50 elementor-top-column elementor-element elementor-element-8330362\" data-id=\"8330362\" data-element_type=\"column\">\n\t\t\t<div class=\"elementor-widget-wrap elementor-element-populated\">\n\t\t\t\t\t\t<div class=\"elementor-element elementor-element-9acbb9d elementor-widget elementor-widget-heading\" data-id=\"9acbb9d\" data-element_type=\"widget\" data-widget_type=\"heading.default\">\n\t\t\t\t<div class=\"elementor-widget-container\">\n\t\t\t\t\t<h2 class=\"elementor-heading-title elementor-size-default\">Aktif Karbon <span class=\"text-theme\">Filtre Sistemleri<\/span><\/h2>\t\t\t\t<\/div>\n\t\t\t\t<\/div>\n\t\t\t\t<div class=\"elementor-element elementor-element-86d3213 elementor-widget elementor-widget-text-editor\" data-id=\"86d3213\" data-element_type=\"widget\" data-widget_type=\"text-editor.default\">\n\t\t\t\t<div class=\"elementor-widget-container\">\n\t\t\t\t\t\t\t\t\t<p>Aktif Karbon Filtre Sistemleri, <strong>alkali su elde etme<\/strong> amac\u0131yla ba\u015fvurulan etkili su ar\u0131tma cihazlar\u0131ndan biridir. Bu end\u00fcstriyel cihaz, suyun <strong>kalitesini<\/strong> \u00f6nemli \u00f6l\u00e7\u00fcde art\u0131rmada etkili sonu\u00e7lar sunar.<\/p><p>Su ar\u0131tma s\u00fcre\u00e7lerinde kullan\u0131lan <strong>Aktif Karbon<\/strong> Su Filtre Sistemleri, suyun i\u00e7erisinde bulunan <strong>istenmeyen klor, renk, tat ve koku veren gazlar, art\u0131klar ve organik maddelerin<\/strong> etkin bir \u015fekilde temizlenmesi i\u00e7in tasarlanm\u0131\u015ft\u0131r.<\/p><p>Aktif Karbon Filtreleri genellikle, suyun i\u00e7indeki organik bile\u015fiklerden ar\u0131nd\u0131r\u0131lmas\u0131 ve suyun daha uygun hale getirilmesi amac\u0131yla kullan\u0131l\u0131r. Bu sistemler, <strong>suyun temizlenmesi ve kalitesinin art\u0131r\u0131lmas\u0131<\/strong> konusunda etkili bir ara\u00e7 olarak \u00f6ne \u00e7\u0131kar.<\/p>\t\t\t\t\t\t\t\t<\/div>\n\t\t\t\t<\/div>\n\t\t\t\t<div class=\"elementor-element elementor-element-7481d4d elementor-widget elementor-widget-text-editor\" data-id=\"7481d4d\" data-element_type=\"widget\" data-widget_type=\"text-editor.default\">\n\t\t\t\t<div class=\"elementor-widget-container\">\n\t\t\t\t\t\t\t\t\t<ul class=\"list-check\"><li><i class=\"fas fa-check\"><\/i>Otomatik Valf Kontroll\u00fc Akitf Karbon Filtre Sistemleri<\/li><li><i class=\"fas fa-check\"><\/i>\u00c7elik Tankl\u0131 Y\u00fczey Borulamal\u0131 Akitf Karbon Filtre Sistemleri<\/li><li><i class=\"fas fa-check\"><\/i>FRP Tankl\u0131 Y\u00fczey Borulamal\u0131 Akitf Karbon Filtre Sistemleri<\/li><\/ul>\t\t\t\t\t\t\t\t<\/div>\n\t\t\t\t<\/div>\n\t\t\t\t<div class=\"elementor-element elementor-element-b6b6608 elementor-widget elementor-widget-button\" data-id=\"b6b6608\" data-element_type=\"widget\" data-widget_type=\"button.default\">\n\t\t\t\t<div class=\"elementor-widget-container\">\n\t\t\t\t\t\t\t\t\t<div class=\"elementor-button-wrapper\">\n\t\t\t\t\t<a class=\"elementor-button elementor-button-link elementor-size-md\" href=\"https:\/\/api.whatsapp.com\/send?phone=905525022022\">\n\t\t\t\t\t\t<span class=\"elementor-button-content-wrapper\">\n\t\t\t\t\t\t\t\t\t<span class=\"elementor-button-text\">Teklif \u0130ste<\/span>\n\t\t\t\t\t<\/span>\n\t\t\t\t\t<\/a>\n\t\t\t\t<\/div>\n\t\t\t\t\t\t\t\t<\/div>\n\t\t\t\t<\/div>\n\t\t\t\t\t<\/div>\n\t\t<\/div>\n\t\t\t\t<div class=\"elementor-column elementor-col-50 elementor-top-column elementor-element elementor-element-8a9eac9\" data-id=\"8a9eac9\" data-element_type=\"column\" data-settings=\"{&quot;background_background&quot;:&quot;classic&quot;}\">\n\t\t\t<div class=\"elementor-widget-wrap elementor-element-populated\">\n\t\t\t\t\t\t<div class=\"elementor-element elementor-element-07ecd4c elementor-widget elementor-widget-image\" data-id=\"07ecd4c\" data-element_type=\"widget\" data-widget_type=\"image.default\">\n\t\t\t\t<div class=\"elementor-widget-container\">\n\t\t\t\t\t\t\t\t\t\t\t\t\t\t\t<img fetchpriority=\"high\" decoding=\"async\" width=\"660\" height=\"440\" src=\"https:\/\/bogazicisu.com\/endustriyel\/wp-content\/uploads\/2023\/08\/aktif-karbon-filtre-sistemleri-min-1024x683.jpg\" class=\"attachment-large size-large wp-image-3055\" alt=\"\" srcset=\"https:\/\/bogazicisu.com\/endustriyel\/wp-content\/uploads\/2023\/08\/aktif-karbon-filtre-sistemleri-min-1024x683.jpg 1024w, https:\/\/bogazicisu.com\/endustriyel\/wp-content\/uploads\/2023\/08\/aktif-karbon-filtre-sistemleri-min-300x200.jpg 300w, https:\/\/bogazicisu.com\/endustriyel\/wp-content\/uploads\/2023\/08\/aktif-karbon-filtre-sistemleri-min-768x512.jpg 768w, https:\/\/bogazicisu.com\/endustriyel\/wp-content\/uploads\/2023\/08\/aktif-karbon-filtre-sistemleri-min.jpg 1200w\" sizes=\"(max-width: 660px) 100vw, 660px\" \/>\t\t\t\t\t\t\t\t\t\t\t\t\t\t\t<\/div>\n\t\t\t\t<\/div>\n\t\t\t\t\t<\/div>\n\t\t<\/div>\n\t\t\t\t\t<\/div>\n\t\t<\/section>\n\t\t\t\t<section class=\"elementor-section elementor-top-section elementor-element elementor-element-7dca558 elementor-section-boxed elementor-section-height-default elementor-section-height-default\" data-id=\"7dca558\" data-element_type=\"section\">\n\t\t\t\t\t\t<div class=\"elementor-container elementor-column-gap-default\">\n\t\t\t\t\t<div class=\"elementor-column elementor-col-100 elementor-top-column elementor-element elementor-element-20a1a5d\" data-id=\"20a1a5d\" data-element_type=\"column\">\n\t\t\t<div class=\"elementor-widget-wrap elementor-element-populated\">\n\t\t\t\t\t\t<div class=\"elementor-element elementor-element-84e204e elementor-widget elementor-widget-heading\" data-id=\"84e204e\" data-element_type=\"widget\" data-widget_type=\"heading.default\">\n\t\t\t\t<div class=\"elementor-widget-container\">\n\t\t\t\t\t<h2 class=\"elementor-heading-title elementor-size-default\">Aktif Karbon Filtre Sistemleri\u200b<\/h2>\t\t\t\t<\/div>\n\t\t\t\t<\/div>\n\t\t\t\t<div class=\"elementor-element elementor-element-2850df1 elementor-widget elementor-widget-text-editor\" data-id=\"2850df1\" data-element_type=\"widget\" data-widget_type=\"text-editor.default\">\n\t\t\t\t<div class=\"elementor-widget-container\">\n\t\t\t\t\t\t\t\t\t<p>End\u00fcstriyel su alan\u0131nda m\u00fc\u015fterilerimizin t\u00fcm ihtiya\u00e7lar\u0131n\u0131 kar\u015f\u0131layacak hizmetlerimiz sizlerle.<\/p>\t\t\t\t\t\t\t\t<\/div>\n\t\t\t\t<\/div>\n\t\t\t\t\t<\/div>\n\t\t<\/div>\n\t\t\t\t\t<\/div>\n\t\t<\/section>\n\t\t\t\t<section class=\"elementor-section elementor-top-section elementor-element elementor-element-cda4a84 elementor-section-stretched elementor-section-boxed elementor-section-height-default elementor-section-height-default\" data-id=\"cda4a84\" data-element_type=\"section\" data-settings=\"{&quot;stretch_section&quot;:&quot;section-stretched&quot;,&quot;background_background&quot;:&quot;classic&quot;}\">\n\t\t\t\t\t\t<div class=\"elementor-container elementor-column-gap-extended\">\n\t\t\t\t\t<div class=\"elementor-column elementor-col-33 elementor-top-column elementor-element elementor-element-ee24517\" data-id=\"ee24517\" data-element_type=\"column\">\n\t\t\t<div class=\"elementor-widget-wrap elementor-element-populated\">\n\t\t\t\t\t\t<div class=\"elementor-element elementor-element-5423c39 elementor-widget elementor-widget-image\" data-id=\"5423c39\" data-element_type=\"widget\" data-settings=\"{&quot;_animation&quot;:&quot;none&quot;}\" data-widget_type=\"image.default\">\n\t\t\t\t<div class=\"elementor-widget-container\">\n\t\t\t\t\t\t\t\t\t\t\t\t\t\t\t\t<a href=\"https:\/\/bogazicisu.com\/magaza\/urun\/otomatik-valf-kontrollu-aktif-karbon-filtre-sistemleri\/\">\n\t\t\t\t\t\t\t<img decoding=\"async\" width=\"660\" height=\"440\" src=\"https:\/\/bogazicisu.com\/endustriyel\/wp-content\/uploads\/2023\/08\/otomatik-valf-kontrollu-min-1024x683.jpg\" class=\"elementor-animation-shrink attachment-large size-large wp-image-3051\" alt=\"\" srcset=\"https:\/\/bogazicisu.com\/endustriyel\/wp-content\/uploads\/2023\/08\/otomatik-valf-kontrollu-min-1024x683.jpg 1024w, https:\/\/bogazicisu.com\/endustriyel\/wp-content\/uploads\/2023\/08\/otomatik-valf-kontrollu-min-300x200.jpg 300w, https:\/\/bogazicisu.com\/endustriyel\/wp-content\/uploads\/2023\/08\/otomatik-valf-kontrollu-min-768x512.jpg 768w, https:\/\/bogazicisu.com\/endustriyel\/wp-content\/uploads\/2023\/08\/otomatik-valf-kontrollu-min.jpg 1200w\" sizes=\"(max-width: 660px) 100vw, 660px\" \/>\t\t\t\t\t\t\t\t<\/a>\n\t\t\t\t\t\t\t\t\t\t\t\t\t\t\t<\/div>\n\t\t\t\t<\/div>\n\t\t\t\t<div class=\"elementor-element elementor-element-36adf4e elementor-widget elementor-widget-heading\" data-id=\"36adf4e\" data-element_type=\"widget\" data-widget_type=\"heading.default\">\n\t\t\t\t<div class=\"elementor-widget-container\">\n\t\t\t\t\t<h2 class=\"elementor-heading-title elementor-size-default\"><a href=\"https:\/\/bogazicisu.com\/magaza\/urun\/otomatik-valf-kontrollu-aktif-karbon-filtre-sistemleri\/\">Otomatik Valf Kontroll\u00fc<\/a><\/h2>\t\t\t\t<\/div>\n\t\t\t\t<\/div>\n\t\t\t\t\t<\/div>\n\t\t<\/div>\n\t\t\t\t<div class=\"elementor-column elementor-col-33 elementor-top-column elementor-element elementor-element-c58f517\" data-id=\"c58f517\" data-element_type=\"column\">\n\t\t\t<div class=\"elementor-widget-wrap elementor-element-populated\">\n\t\t\t\t\t\t<div class=\"elementor-element elementor-element-7e2842b elementor-widget elementor-widget-image\" data-id=\"7e2842b\" data-element_type=\"widget\" data-widget_type=\"image.default\">\n\t\t\t\t<div class=\"elementor-widget-container\">\n\t\t\t\t\t\t\t\t\t\t\t\t\t\t\t\t<a href=\"https:\/\/bogazicisu.com\/magaza\/urun\/celik-tankli-yuzey-borulamali-aktif-karbon-filtre-sistemleri\/\">\n\t\t\t\t\t\t\t<img decoding=\"async\" width=\"660\" height=\"440\" src=\"https:\/\/bogazicisu.com\/endustriyel\/wp-content\/uploads\/2023\/08\/single-yuzey-borulamali-celik-epoksi-boyali-endustriyel-sistem-min-1024x683.jpg\" class=\"elementor-animation-shrink attachment-large size-large wp-image-3052\" alt=\"\" srcset=\"https:\/\/bogazicisu.com\/endustriyel\/wp-content\/uploads\/2023\/08\/single-yuzey-borulamali-celik-epoksi-boyali-endustriyel-sistem-min-1024x683.jpg 1024w, https:\/\/bogazicisu.com\/endustriyel\/wp-content\/uploads\/2023\/08\/single-yuzey-borulamali-celik-epoksi-boyali-endustriyel-sistem-min-300x200.jpg 300w, https:\/\/bogazicisu.com\/endustriyel\/wp-content\/uploads\/2023\/08\/single-yuzey-borulamali-celik-epoksi-boyali-endustriyel-sistem-min-768x512.jpg 768w, https:\/\/bogazicisu.com\/endustriyel\/wp-content\/uploads\/2023\/08\/single-yuzey-borulamali-celik-epoksi-boyali-endustriyel-sistem-min.jpg 1200w\" sizes=\"(max-width: 660px) 100vw, 660px\" \/>\t\t\t\t\t\t\t\t<\/a>\n\t\t\t\t\t\t\t\t\t\t\t\t\t\t\t<\/div>\n\t\t\t\t<\/div>\n\t\t\t\t<div class=\"elementor-element elementor-element-32e81c4 elementor-widget elementor-widget-heading\" data-id=\"32e81c4\" data-element_type=\"widget\" data-widget_type=\"heading.default\">\n\t\t\t\t<div class=\"elementor-widget-container\">\n\t\t\t\t\t<h2 class=\"elementor-heading-title elementor-size-default\"><a href=\"https:\/\/bogazicisu.com\/magaza\/urun\/celik-tankli-yuzey-borulamali-aktif-karbon-filtre-sistemleri\/\">\u00c7elik Tankl\u0131 Y\u00fczey Borulamal\u0131<\/a><\/h2>\t\t\t\t<\/div>\n\t\t\t\t<\/div>\n\t\t\t\t\t<\/div>\n\t\t<\/div>\n\t\t\t\t<div class=\"elementor-column elementor-col-33 elementor-top-column elementor-element elementor-element-f9c34d3\" data-id=\"f9c34d3\" data-element_type=\"column\">\n\t\t\t<div class=\"elementor-widget-wrap elementor-element-populated\">\n\t\t\t\t\t\t<div class=\"elementor-element elementor-element-d5181dd elementor-widget elementor-widget-image\" data-id=\"d5181dd\" data-element_type=\"widget\" data-widget_type=\"image.default\">\n\t\t\t\t<div class=\"elementor-widget-container\">\n\t\t\t\t\t\t\t\t\t\t\t\t\t\t\t\t<a href=\"https:\/\/bogazicisu.com\/magaza\/urun\/frp-tankli-yuzey-borulamali-aktif-karbon-filtre-sistemleri\/\">\n\t\t\t\t\t\t\t<img loading=\"lazy\" decoding=\"async\" width=\"660\" height=\"440\" src=\"https:\/\/bogazicisu.com\/endustriyel\/wp-content\/uploads\/2023\/08\/single-frp-yuzey-borulamali-endustriyel-sistem-min-1024x683.jpg\" class=\"elementor-animation-shrink attachment-large size-large wp-image-3053\" alt=\"\" srcset=\"https:\/\/bogazicisu.com\/endustriyel\/wp-content\/uploads\/2023\/08\/single-frp-yuzey-borulamali-endustriyel-sistem-min-1024x683.jpg 1024w, https:\/\/bogazicisu.com\/endustriyel\/wp-content\/uploads\/2023\/08\/single-frp-yuzey-borulamali-endustriyel-sistem-min-300x200.jpg 300w, https:\/\/bogazicisu.com\/endustriyel\/wp-content\/uploads\/2023\/08\/single-frp-yuzey-borulamali-endustriyel-sistem-min-768x512.jpg 768w, https:\/\/bogazicisu.com\/endustriyel\/wp-content\/uploads\/2023\/08\/single-frp-yuzey-borulamali-endustriyel-sistem-min.jpg 1200w\" sizes=\"(max-width: 660px) 100vw, 660px\" \/>\t\t\t\t\t\t\t\t<\/a>\n\t\t\t\t\t\t\t\t\t\t\t\t\t\t\t<\/div>\n\t\t\t\t<\/div>\n\t\t\t\t<div class=\"elementor-element elementor-element-33b47f1 elementor-widget elementor-widget-heading\" data-id=\"33b47f1\" data-element_type=\"widget\" data-widget_type=\"heading.default\">\n\t\t\t\t<div class=\"elementor-widget-container\">\n\t\t\t\t\t<h2 class=\"elementor-heading-title elementor-size-default\"><a href=\"https:\/\/bogazicisu.com\/magaza\/urun\/frp-tankli-yuzey-borulamali-aktif-karbon-filtre-sistemleri\/\">FRP Tankl\u0131 Y\u00fczey Borulamal\u0131<\/a><\/h2>\t\t\t\t<\/div>\n\t\t\t\t<\/div>\n\t\t\t\t\t<\/div>\n\t\t<\/div>\n\t\t\t\t\t<\/div>\n\t\t<\/section>\n\t\t\t\t<section class=\"elementor-section elementor-top-section elementor-element elementor-element-db50347 elementor-section-stretched elementor-section-boxed elementor-section-height-default elementor-section-height-default\" data-id=\"db50347\" data-element_type=\"section\" data-settings=\"{&quot;stretch_section&quot;:&quot;section-stretched&quot;,&quot;background_background&quot;:&quot;classic&quot;}\">\n\t\t\t\t\t\t<div class=\"elementor-container elementor-column-gap-extended\">\n\t\t\t\t\t<div class=\"elementor-column elementor-col-100 elementor-top-column elementor-element elementor-element-bba33c7\" data-id=\"bba33c7\" data-element_type=\"column\">\n\t\t\t<div class=\"elementor-widget-wrap elementor-element-populated\">\n\t\t\t\t\t\t<div class=\"elementor-element elementor-element-5601686 elementor-widget elementor-widget-heading\" data-id=\"5601686\" data-element_type=\"widget\" data-widget_type=\"heading.default\">\n\t\t\t\t<div class=\"elementor-widget-container\">\n\t\t\t\t\t<h2 class=\"elementor-heading-title elementor-size-default\">S\u0131k\u00e7a Sorulan <span class=\"text-theme\">Sorular<\/span><\/h2>\t\t\t\t<\/div>\n\t\t\t\t<\/div>\n\t\t\t\t<div class=\"elementor-element elementor-element-efba0c0 elementor-widget__width-initial elementor-widget elementor-widget-text-editor\" data-id=\"efba0c0\" data-element_type=\"widget\" data-widget_type=\"text-editor.default\">\n\t\t\t\t<div class=\"elementor-widget-container\">\n\t\t\t\t\t\t\t\t\t<p>Sistemlerimiz ile ilgili spesifik olarak en \u00e7ok merak edilenlere yer verdik.<\/p>\t\t\t\t\t\t\t\t<\/div>\n\t\t\t\t<\/div>\n\t\t\t\t\t<\/div>\n\t\t<\/div>\n\t\t\t\t\t<\/div>\n\t\t<\/section>\n\t\t\t\t<section class=\"elementor-section elementor-top-section elementor-element elementor-element-a60d93e elementor-section-stretched elementor-section-boxed elementor-section-height-default elementor-section-height-default\" data-id=\"a60d93e\" data-element_type=\"section\" data-settings=\"{&quot;stretch_section&quot;:&quot;section-stretched&quot;,&quot;background_background&quot;:&quot;classic&quot;}\">\n\t\t\t\t\t\t<div class=\"elementor-container elementor-column-gap-extended\">\n\t\t\t\t\t<div class=\"elementor-column elementor-col-100 elementor-top-column elementor-element elementor-element-2e87366\" data-id=\"2e87366\" data-element_type=\"column\">\n\t\t\t<div class=\"elementor-widget-wrap elementor-element-populated\">\n\t\t\t\t\t\t<div class=\"elementor-element elementor-element-c50dea9 elementor-widget elementor-widget-accordion\" data-id=\"c50dea9\" data-element_type=\"widget\" data-widget_type=\"accordion.default\">\n\t\t\t\t<div class=\"elementor-widget-container\">\n\t\t\t\t\t\t\t<div class=\"elementor-accordion\">\n\t\t\t\t\t\t\t<div class=\"elementor-accordion-item\">\n\t\t\t\t\t<div id=\"elementor-tab-title-2061\" class=\"elementor-tab-title\" data-tab=\"1\" role=\"button\" aria-controls=\"elementor-tab-content-2061\" aria-expanded=\"false\">\n\t\t\t\t\t\t\t\t\t\t\t\t\t<span class=\"elementor-accordion-icon elementor-accordion-icon-right\" aria-hidden=\"true\">\n\t\t\t\t\t\t\t\t\t\t\t\t\t\t\t<span class=\"elementor-accordion-icon-closed\"><i class=\"fas fa-plus\"><\/i><\/span>\n\t\t\t\t\t\t\t\t<span class=\"elementor-accordion-icon-opened\"><i class=\"fas fa-minus\"><\/i><\/span>\n\t\t\t\t\t\t\t\t\t\t\t\t\t\t<\/span>\n\t\t\t\t\t\t\t\t\t\t\t\t<a class=\"elementor-accordion-title\" tabindex=\"0\">Hangi sistemi se\u00e7meliyim?<\/a>\n\t\t\t\t\t<\/div>\n\t\t\t\t\t<div id=\"elementor-tab-content-2061\" class=\"elementor-tab-content elementor-clearfix\" data-tab=\"1\" role=\"region\" aria-labelledby=\"elementor-tab-title-2061\">Hangi sistemi se\u00e7ece\u011finiz, ihtiya\u00e7lar\u0131n\u0131za ve uygulama alan\u0131n\u0131za ba\u011fl\u0131 olarak de\u011fi\u015febilir. Otomatik Valf Kontroll\u00fc Aktif Karbon Filtre Sistemleri, s\u00fcre\u00e7lerinizi otomatikle\u015ftirmek ve i\u015fletim kolayl\u0131\u011f\u0131 sa\u011flamak i\u00e7in uygundur. \u00c7elik Tankl\u0131 Y\u00fczey Borulamal\u0131 Aktif Karbon Filtre Sistemleri, dayan\u0131kl\u0131l\u0131k ve uzun \u00f6m\u00fcr gerektiren end\u00fcstriyel uygulamalarda tercih edilebilir. FRP Tankl\u0131 Y\u00fczey Borulamal\u0131 Aktif Karbon Filtre Sistemleri ise hafiflik ve kimyasal dayan\u0131kl\u0131l\u0131k arayan projeler i\u00e7in uygun bir se\u00e7enektir. Uzman ekibimiz, ihtiya\u00e7lar\u0131n\u0131za en uygun \u00e7\u00f6z\u00fcm\u00fc belirlemek i\u00e7in sizinle ileti\u015fime ge\u00e7mekten memnuniyet duyacakt\u0131r.<\/div>\n\t\t\t\t<\/div>\n\t\t\t\t\t\t\t<div class=\"elementor-accordion-item\">\n\t\t\t\t\t<div id=\"elementor-tab-title-2062\" class=\"elementor-tab-title\" data-tab=\"2\" role=\"button\" aria-controls=\"elementor-tab-content-2062\" aria-expanded=\"false\">\n\t\t\t\t\t\t\t\t\t\t\t\t\t<span class=\"elementor-accordion-icon elementor-accordion-icon-right\" aria-hidden=\"true\">\n\t\t\t\t\t\t\t\t\t\t\t\t\t\t\t<span class=\"elementor-accordion-icon-closed\"><i class=\"fas fa-plus\"><\/i><\/span>\n\t\t\t\t\t\t\t\t<span class=\"elementor-accordion-icon-opened\"><i class=\"fas fa-minus\"><\/i><\/span>\n\t\t\t\t\t\t\t\t\t\t\t\t\t\t<\/span>\n\t\t\t\t\t\t\t\t\t\t\t\t<a class=\"elementor-accordion-title\" tabindex=\"0\">\u00c7elik tank \u0130le FRP tank aras\u0131ndaki fark nedir?<\/a>\n\t\t\t\t\t<\/div>\n\t\t\t\t\t<div id=\"elementor-tab-content-2062\" class=\"elementor-tab-content elementor-clearfix\" data-tab=\"2\" role=\"region\" aria-labelledby=\"elementor-tab-title-2062\"><p>FRP tanklar, fiber takviyeli plastik malzemeden \u00fcretilir. Bu malzeme dayan\u0131kl\u0131, hafif ve korozyona kar\u015f\u0131 diren\u00e7lidir. \u00c7elik tanklar, metal malzemeden \u00fcretilir. \u00c7elik tanklar daha a\u011f\u0131r yap\u0131lara sahiptir. Daha ayr\u0131nt\u0131l\u0131 bilgi i\u00e7in <strong><a href=\"https:\/\/bogazicisu.com\/aritma-bilgi-kutuphanesi\/tank\/frp-tank-ve-celik-tank-arasindaki-farklar-nelerdir\/\">buraya <\/a><\/strong>t\u0131klay\u0131n\u0131z.<\/p><\/div>\n\t\t\t\t<\/div>\n\t\t\t\t\t\t\t<div class=\"elementor-accordion-item\">\n\t\t\t\t\t<div id=\"elementor-tab-title-2063\" class=\"elementor-tab-title\" data-tab=\"3\" role=\"button\" aria-controls=\"elementor-tab-content-2063\" aria-expanded=\"false\">\n\t\t\t\t\t\t\t\t\t\t\t\t\t<span class=\"elementor-accordion-icon elementor-accordion-icon-right\" aria-hidden=\"true\">\n\t\t\t\t\t\t\t\t\t\t\t\t\t\t\t<span class=\"elementor-accordion-icon-closed\"><i class=\"fas fa-plus\"><\/i><\/span>\n\t\t\t\t\t\t\t\t<span class=\"elementor-accordion-icon-opened\"><i class=\"fas fa-minus\"><\/i><\/span>\n\t\t\t\t\t\t\t\t\t\t\t\t\t\t<\/span>\n\t\t\t\t\t\t\t\t\t\t\t\t<a class=\"elementor-accordion-title\" tabindex=\"0\">Sistem haz\u0131rlanmas\u0131 ne kadar s\u00fcr\u00fcyor?<\/a>\n\t\t\t\t\t<\/div>\n\t\t\t\t\t<div id=\"elementor-tab-content-2063\" class=\"elementor-tab-content elementor-clearfix\" data-tab=\"3\" role=\"region\" aria-labelledby=\"elementor-tab-title-2063\">Sistem haz\u0131rlama s\u00fcresi, proje b\u00fcy\u00fckl\u00fc\u011f\u00fc ve karma\u015f\u0131kl\u0131\u011f\u0131na ba\u011fl\u0131 olarak de\u011fi\u015fiklik g\u00f6sterir. Genellikle, standart sistemler i\u00e7in haz\u0131rl\u0131k a\u015famas\u0131 birka\u00e7 hafta s\u00fcrebilirken, \u00f6zelle\u015ftirilmi\u015f projeler i\u00e7in daha uzun bir s\u00fcre gerekebilir. Uzman ekibimiz, h\u0131zl\u0131 ve etkili bir \u015fekilde haz\u0131rl\u0131k s\u00fcrecini tamamlamaya odaklan\u0131r.<\/div>\n\t\t\t\t<\/div>\n\t\t\t\t\t\t\t<div class=\"elementor-accordion-item\">\n\t\t\t\t\t<div id=\"elementor-tab-title-2064\" class=\"elementor-tab-title\" data-tab=\"4\" role=\"button\" aria-controls=\"elementor-tab-content-2064\" aria-expanded=\"false\">\n\t\t\t\t\t\t\t\t\t\t\t\t\t<span class=\"elementor-accordion-icon elementor-accordion-icon-right\" aria-hidden=\"true\">\n\t\t\t\t\t\t\t\t\t\t\t\t\t\t\t<span class=\"elementor-accordion-icon-closed\"><i class=\"fas fa-plus\"><\/i><\/span>\n\t\t\t\t\t\t\t\t<span class=\"elementor-accordion-icon-opened\"><i class=\"fas fa-minus\"><\/i><\/span>\n\t\t\t\t\t\t\t\t\t\t\t\t\t\t<\/span>\n\t\t\t\t\t\t\t\t\t\t\t\t<a class=\"elementor-accordion-title\" tabindex=\"0\">Ar-Ge Hizmeti veriyor musunuz?<\/a>\n\t\t\t\t\t<\/div>\n\t\t\t\t\t<div id=\"elementor-tab-content-2064\" class=\"elementor-tab-content elementor-clearfix\" data-tab=\"4\" role=\"region\" aria-labelledby=\"elementor-tab-title-2064\">Evet, m\u00fc\u015fteri ihtiya\u00e7lar\u0131na uygun \u00e7\u00f6z\u00fcmler sunabilmek i\u00e7in s\u00fcrekli Ar-Ge \u00e7al\u0131\u015fmalar\u0131na \u00f6nem veriyoruz. Teknolojik geli\u015fmeleri takip ederek, yenilik\u00e7i ve \u00e7evre dostu su ar\u0131tma sistemleri geli\u015ftiriyoruz ve m\u00fc\u015fterilerimize en g\u00fcncel \u00e7\u00f6z\u00fcmleri sunuyoruz.<\/div>\n\t\t\t\t<\/div>\n\t\t\t\t\t\t\t\t<\/div>\n\t\t\t\t\t\t<\/div>\n\t\t\t\t<\/div>\n\t\t\t\t\t<\/div>\n\t\t<\/div>\n\t\t\t\t\t<\/div>\n\t\t<\/section>\n\t\t\t\t<\/div>\n\t\t","protected":false},"excerpt":{"rendered":"<p>Aktif Karbon Filtre Sistemleri Aktif Karbon Filtre Sistemleri, alkali su elde etme amac\u0131yla ba\u015fvurulan etkili su ar\u0131tma cihazlar\u0131ndan biridir. Bu end\u00fcstriyel cihaz, suyun kalitesini \u00f6nemli \u00f6l\u00e7\u00fcde art\u0131rmada etkili sonu\u00e7lar sunar. Su ar\u0131tma s\u00fcre\u00e7lerinde kullan\u0131lan Aktif Karbon Su Filtre Sistemleri, suyun i\u00e7erisinde bulunan istenmeyen klor, renk, tat ve koku veren gazlar, art\u0131klar ve organik maddelerin etkin [&hellip;]<\/p>\n","protected":false},"author":1,"featured_media":0,"parent":0,"menu_order":0,"comment_status":"closed","ping_status":"closed","template":"","meta":{"inline_featured_image":false,"footnotes":""},"class_list":["post-2616","page","type-page","status-publish","hentry"],"aioseo_notices":[],"_links":{"self":[{"href":"https:\/\/bogazicisu.com\/endustriyel\/wp-json\/wp\/v2\/pages\/2616","targetHints":{"allow":["GET"]}}],"collection":[{"href":"https:\/\/bogazicisu.com\/endustriyel\/wp-json\/wp\/v2\/pages"}],"about":[{"href":"https:\/\/bogazicisu.com\/endustriyel\/wp-json\/wp\/v2\/types\/page"}],"author":[{"embeddable":true,"href":"https:\/\/bogazicisu.com\/endustriyel\/wp-json\/wp\/v2\/users\/1"}],"replies":[{"embeddable":true,"href":"https:\/\/bogazicisu.com\/endustriyel\/wp-json\/wp\/v2\/comments?post=2616"}],"version-history":[{"count":35,"href":"https:\/\/bogazicisu.com\/endustriyel\/wp-json\/wp\/v2\/pages\/2616\/revisions"}],"predecessor-version":[{"id":3058,"href":"https:\/\/bogazicisu.com\/endustriyel\/wp-json\/wp\/v2\/pages\/2616\/revisions\/3058"}],"wp:attachment":[{"href":"https:\/\/bogazicisu.com\/endustriyel\/wp-json\/wp\/v2\/media?parent=2616"}],"curies":[{"name":"wp","href":"https:\/\/api.w.org\/{rel}","templated":true}]}}