{"id":2432,"date":"2023-07-12T14:27:59","date_gmt":"2023-07-12T11:27:59","guid":{"rendered":"http:\/\/iklimenerjiplus.com.tr\/?page_id=2432"},"modified":"2023-11-08T00:29:10","modified_gmt":"2023-11-07T21:29:10","slug":"hizmetlerimiz","status":"publish","type":"page","link":"https:\/\/bogazicisu.com\/endustriyel\/hizmetlerimiz\/","title":{"rendered":"Hizmetlerimiz"},"content":{"rendered":"\t\t<div data-elementor-type=\"wp-page\" data-elementor-id=\"2432\" class=\"elementor elementor-2432\">\n\t\t\t\t\t\t<section class=\"elementor-section elementor-top-section elementor-element elementor-element-5a0e28e8 elementor-section-stretched elementor-section-boxed elementor-section-height-default elementor-section-height-default\" data-id=\"5a0e28e8\" data-element_type=\"section\" data-settings=\"{&quot;stretch_section&quot;:&quot;section-stretched&quot;,&quot;background_background&quot;:&quot;gradient&quot;}\">\n\t\t\t\t\t\t<div class=\"elementor-container elementor-column-gap-extended\">\n\t\t\t\t\t<div class=\"elementor-column elementor-col-100 elementor-top-column elementor-element elementor-element-4b1253f5\" data-id=\"4b1253f5\" data-element_type=\"column\">\n\t\t\t<div class=\"elementor-widget-wrap elementor-element-populated\">\n\t\t\t\t\t\t<div class=\"elementor-element elementor-element-151a95a2 elementor-widget elementor-widget-heading\" data-id=\"151a95a2\" data-element_type=\"widget\" data-widget_type=\"heading.default\">\n\t\t\t\t<div class=\"elementor-widget-container\">\n\t\t\t\t\t<h2 class=\"elementor-heading-title elementor-size-default\">End\u00fcstriyel <span class=\"text-theme\">Hizmetlerimiz<\/span><\/h2>\t\t\t\t<\/div>\n\t\t\t\t<\/div>\n\t\t\t\t<div class=\"elementor-element elementor-element-636b5970 elementor-widget__width-initial elementor-widget elementor-widget-text-editor\" data-id=\"636b5970\" data-element_type=\"widget\" data-widget_type=\"text-editor.default\">\n\t\t\t\t<div class=\"elementor-widget-container\">\n\t\t\t\t\t\t\t\t\t<p>Bo\u011fazi\u00e7i End\u00fcstriyel Su alan\u0131nda t\u00fcm hizmetlerinizi \u00fcstlenerek anahtar teslim i\u015flere imza atmaya sizlerle devam ediyoruz.\u00a0<\/p>\t\t\t\t\t\t\t\t<\/div>\n\t\t\t\t<\/div>\n\t\t\t\t\t<\/div>\n\t\t<\/div>\n\t\t\t\t\t<\/div>\n\t\t<\/section>\n\t\t\t\t<section class=\"elementor-section elementor-top-section elementor-element elementor-element-4acf3d1d elementor-section-stretched elementor-section-boxed elementor-section-height-default elementor-section-height-default\" data-id=\"4acf3d1d\" data-element_type=\"section\" data-settings=\"{&quot;stretch_section&quot;:&quot;section-stretched&quot;,&quot;background_background&quot;:&quot;gradient&quot;}\">\n\t\t\t\t\t\t<div class=\"elementor-container elementor-column-gap-extended\">\n\t\t\t\t\t<div class=\"elementor-column elementor-col-50 elementor-top-column elementor-element elementor-element-1c017c86\" data-id=\"1c017c86\" data-element_type=\"column\">\n\t\t\t<div class=\"elementor-widget-wrap elementor-element-populated\">\n\t\t\t\t\t\t<div class=\"elementor-element elementor-element-3a1c4e4 elementor-widget elementor-widget-image\" data-id=\"3a1c4e4\" data-element_type=\"widget\" data-widget_type=\"image.default\">\n\t\t\t\t<div class=\"elementor-widget-container\">\n\t\t\t\t\t\t\t\t\t\t\t\t\t\t\t<img fetchpriority=\"high\" decoding=\"async\" width=\"500\" height=\"500\" src=\"https:\/\/bogazicisu.com\/endustriyel\/wp-content\/uploads\/2023\/07\/servis-adam.png\" class=\"attachment-full size-full wp-image-2334\" alt=\"\" srcset=\"https:\/\/bogazicisu.com\/endustriyel\/wp-content\/uploads\/2023\/07\/servis-adam.png 500w, https:\/\/bogazicisu.com\/endustriyel\/wp-content\/uploads\/2023\/07\/servis-adam-300x300.png 300w, https:\/\/bogazicisu.com\/endustriyel\/wp-content\/uploads\/2023\/07\/servis-adam-150x150.png 150w\" sizes=\"(max-width: 500px) 100vw, 500px\" \/>\t\t\t\t\t\t\t\t\t\t\t\t\t\t\t<\/div>\n\t\t\t\t<\/div>\n\t\t\t\t\t<\/div>\n\t\t<\/div>\n\t\t\t\t<div class=\"elementor-column elementor-col-50 elementor-top-column elementor-element elementor-element-5abb1dbb\" data-id=\"5abb1dbb\" data-element_type=\"column\">\n\t\t\t<div class=\"elementor-widget-wrap elementor-element-populated\">\n\t\t\t\t\t\t<div class=\"elementor-element elementor-element-609cd90c elementor-widget elementor-widget-apus_element_address_box\" data-id=\"609cd90c\" data-element_type=\"widget\" data-widget_type=\"apus_element_address_box.default\">\n\t\t\t\t<div class=\"elementor-widget-container\">\n\t\t\t\t\t            <div class=\"widget-box   style1\">\n                <div class=\"row\">\n                                            <div class=\"item col-12 col-sm-12\">\n                            <div class=\"item-box style1\">\n                                 <div class=\"top-inner\">\n                                    <div class=\"features-box-image number\">1<\/div><\/div><div class=\"features-box-content\"><h3 class=\"title\">Projelendirme<\/h3><div class=\"description\">\u0130htiya\u00e7lar\u0131n\u0131za uygun \u00f6zelle\u015ftirilmi\u015f su proses projeleri tasarlayarak en etkili ve verimli \u00e7\u00f6z\u00fcmleri sunuyoruz.<\/div><\/div>\n                            <\/div>\n                        <\/div>\n                                            <div class=\"item col-12 col-sm-12\">\n                            <div class=\"item-box style1\">\n                                 <div class=\"top-inner\">\n                                    <div class=\"features-box-image number\">2<\/div><\/div><div class=\"features-box-content\"><h3 class=\"title\">S\u00fcperviz\u00f6r \u00dcstlenme<\/h3><div class=\"description\">Projelerinizin ba\u015far\u0131l\u0131 bir \u015fekilde hayata ge\u00e7irilmesi i\u00e7in uzman s\u00fcperviz\u00f6rlerimiz, t\u00fcm s\u00fcre\u00e7leri takip ederek kalite ve uygunluk sa\u011flar.<\/div><\/div>\n                            <\/div>\n                        <\/div>\n                                            <div class=\"item col-12 col-sm-12\">\n                            <div class=\"item-box style1\">\n                                 <div class=\"top-inner\">\n                                    <div class=\"features-box-image number\">3<\/div><\/div><div class=\"features-box-content\"><h3 class=\"title\">Kurulum - Bak\u0131m<\/h3><div class=\"description\">Uzman ekiplerimiz, su proses sistemlerinizin h\u0131zl\u0131 ve hatas\u0131z bir \u015fekilde kurulumunu ger\u00e7ekle\u015ftirir, d\u00fczenli bak\u0131m ve onar\u0131mlarla sisteminizin maksimum performansta kalmas\u0131n\u0131 sa\u011flar.<\/div><\/div>\n                            <\/div>\n                        <\/div>\n                                            <div class=\"item col-12 col-sm-12\">\n                            <div class=\"item-box style1\">\n                                 <div class=\"top-inner\">\n                                    <div class=\"features-box-image number\">4<\/div><\/div><div class=\"features-box-content\"><h3 class=\"title\">Tedarik<\/h3><div class=\"description\">End\u00fcstri lideri tedarik\u00e7ilerle i\u015fbirli\u011fi yaparak en kaliteli ve g\u00fcvenilir su proses ekipmanlar\u0131n\u0131 sizin i\u00e7in temin ediyoruz.<\/div><\/div>\n                            <\/div>\n                        <\/div>\n                                            <div class=\"item col-12 col-sm-12\">\n                            <div class=\"item-box style1\">\n                                 <div class=\"top-inner\">\n                                    <div class=\"features-box-image number\">5<\/div><\/div><div class=\"features-box-content\"><h3 class=\"title\">Kargolama S\u00fcreci<\/h3><div class=\"description\">Tedarik edilen ekipmanlar\u0131 g\u00fcvenli ve h\u0131zl\u0131 bir \u015fekilde kargoluyor, zaman\u0131nda teslimat ve m\u00fc\u015fteri memnuniyetini sa\u011fl\u0131yoruz.<\/div><\/div>\n                            <\/div>\n                        <\/div>\n                                    <\/div>\n            <\/div>\n            \t\t\t\t<\/div>\n\t\t\t\t<\/div>\n\t\t\t\t\t<\/div>\n\t\t<\/div>\n\t\t\t\t\t<\/div>\n\t\t<\/section>\n\t\t\t\t<section class=\"elementor-section elementor-top-section elementor-element elementor-element-273bdbbb elementor-section-stretched elementor-section-boxed elementor-section-height-default elementor-section-height-default\" data-id=\"273bdbbb\" data-element_type=\"section\" data-settings=\"{&quot;stretch_section&quot;:&quot;section-stretched&quot;,&quot;background_background&quot;:&quot;classic&quot;}\">\n\t\t\t\t\t\t<div class=\"elementor-container elementor-column-gap-extended\">\n\t\t\t\t\t<div class=\"elementor-column elementor-col-50 elementor-top-column elementor-element elementor-element-1d73c790\" data-id=\"1d73c790\" data-element_type=\"column\">\n\t\t\t<div class=\"elementor-widget-wrap elementor-element-populated\">\n\t\t\t\t\t\t<div class=\"elementor-element elementor-element-4d78e577 elementor-widget elementor-widget-heading\" data-id=\"4d78e577\" data-element_type=\"widget\" data-widget_type=\"heading.default\">\n\t\t\t\t<div class=\"elementor-widget-container\">\n\t\t\t\t\t<h2 class=\"elementor-heading-title elementor-size-default\">Neden Biz?<\/h2>\t\t\t\t<\/div>\n\t\t\t\t<\/div>\n\t\t\t\t<div class=\"elementor-element elementor-element-a8fec82 elementor-widget elementor-widget-text-editor\" data-id=\"a8fec82\" data-element_type=\"widget\" data-widget_type=\"text-editor.default\">\n\t\t\t\t<div class=\"elementor-widget-container\">\n\t\t\t\t\t\t\t\t\t<p>Bo\u011fazi\u00e7i End\u00fcstriyel olarak, uzman ekibimiz, profesyonel hizmet anlay\u0131\u015f\u0131m\u0131z ve m\u00fc\u015fteri memnuniyetine odaklanmam\u0131zla \u00f6ne \u00e7\u0131k\u0131yoruz.<\/p>\t\t\t\t\t\t\t\t<\/div>\n\t\t\t\t<\/div>\n\t\t\t\t<div class=\"elementor-element elementor-element-59d9950 elementor-widget elementor-widget-text-editor\" data-id=\"59d9950\" data-element_type=\"widget\" data-widget_type=\"text-editor.default\">\n\t\t\t\t<div class=\"elementor-widget-container\">\n\t\t\t\t\t\t\t\t\t<ul class=\"list-check\">\n \t<li><i class=\"fas fa-check\"><\/i>Profesyonel Ekip<\/li>\n<li><i class=\"fas fa-check\"><\/i>Kaliteli Hizmet<\/li>\n \t<li><i class=\"fas fa-check\"><\/i>M\u00fc\u015fteri Odakl\u0131<\/li>\n \t<li><i class=\"fas fa-check\"><\/i>Geni\u015f Hizmet Yelpazesi<\/li>\n \t<li><i class=\"fas fa-check\"><\/i>\u0130leri Teknoloji<\/li>\n\n<\/ul>\t\t\t\t\t\t\t\t<\/div>\n\t\t\t\t<\/div>\n\t\t\t\t<div class=\"elementor-element elementor-element-21e88853 elementor-widget elementor-widget-button\" data-id=\"21e88853\" data-element_type=\"widget\" data-widget_type=\"button.default\">\n\t\t\t\t<div class=\"elementor-widget-container\">\n\t\t\t\t\t\t\t\t\t<div class=\"elementor-button-wrapper\">\n\t\t\t\t\t<a class=\"elementor-button elementor-button-link elementor-size-md\" href=\"https:\/\/api.whatsapp.com\/send?phone=905437926158\">\n\t\t\t\t\t\t<span class=\"elementor-button-content-wrapper\">\n\t\t\t\t\t\t\t\t\t<span class=\"elementor-button-text\">Teklif \u0130ste<\/span>\n\t\t\t\t\t<\/span>\n\t\t\t\t\t<\/a>\n\t\t\t\t<\/div>\n\t\t\t\t\t\t\t\t<\/div>\n\t\t\t\t<\/div>\n\t\t\t\t\t<\/div>\n\t\t<\/div>\n\t\t\t\t<div class=\"elementor-column elementor-col-50 elementor-top-column elementor-element elementor-element-1d1c21ed\" data-id=\"1d1c21ed\" data-element_type=\"column\">\n\t\t\t<div class=\"elementor-widget-wrap elementor-element-populated\">\n\t\t\t\t\t\t<div class=\"elementor-element elementor-element-1d725ce5 elementor-widget elementor-widget-image\" data-id=\"1d725ce5\" data-element_type=\"widget\" data-widget_type=\"image.default\">\n\t\t\t\t<div class=\"elementor-widget-container\">\n\t\t\t\t\t\t\t\t\t\t\t\t\t\t\t<img decoding=\"async\" width=\"470\" height=\"400\" src=\"https:\/\/bogazicisu.com\/endustriyel\/wp-content\/uploads\/2023\/11\/tavsiye-adama-resim.png\" class=\"attachment-full size-full wp-image-3278\" alt=\"\" srcset=\"https:\/\/bogazicisu.com\/endustriyel\/wp-content\/uploads\/2023\/11\/tavsiye-adama-resim.png 470w, https:\/\/bogazicisu.com\/endustriyel\/wp-content\/uploads\/2023\/11\/tavsiye-adama-resim-300x255.png 300w\" sizes=\"(max-width: 470px) 100vw, 470px\" \/>\t\t\t\t\t\t\t\t\t\t\t\t\t\t\t<\/div>\n\t\t\t\t<\/div>\n\t\t\t\t\t<\/div>\n\t\t<\/div>\n\t\t\t\t\t<\/div>\n\t\t<\/section>\n\t\t\t\t<section class=\"elementor-section elementor-top-section elementor-element elementor-element-843784d elementor-section-boxed elementor-section-height-default elementor-section-height-default\" data-id=\"843784d\" data-element_type=\"section\">\n\t\t\t\t\t\t<div class=\"elementor-container elementor-column-gap-default\">\n\t\t\t\t\t<div class=\"elementor-column elementor-col-100 elementor-top-column elementor-element elementor-element-5f6ac6a\" data-id=\"5f6ac6a\" data-element_type=\"column\">\n\t\t\t<div class=\"elementor-widget-wrap elementor-element-populated\">\n\t\t\t\t\t\t<div class=\"elementor-element elementor-element-12285d9 elementor-widget elementor-widget-heading\" data-id=\"12285d9\" data-element_type=\"widget\" data-widget_type=\"heading.default\">\n\t\t\t\t<div class=\"elementor-widget-container\">\n\t\t\t\t\t<h2 class=\"elementor-heading-title elementor-size-default\">Ne Sunuyoruz?<\/h2>\t\t\t\t<\/div>\n\t\t\t\t<\/div>\n\t\t\t\t<div class=\"elementor-element elementor-element-f1a2e77 elementor-widget elementor-widget-text-editor\" data-id=\"f1a2e77\" data-element_type=\"widget\" data-widget_type=\"text-editor.default\">\n\t\t\t\t<div class=\"elementor-widget-container\">\n\t\t\t\t\t\t\t\t\t<p>End\u00fcstriyel su alan\u0131nda m\u00fc\u015fterilerimizin t\u00fcm ihtiya\u00e7lar\u0131n\u0131 kar\u015f\u0131layacak hizmetlerimiz sizlerle.<\/p>\t\t\t\t\t\t\t\t<\/div>\n\t\t\t\t<\/div>\n\t\t\t\t\t<\/div>\n\t\t<\/div>\n\t\t\t\t\t<\/div>\n\t\t<\/section>\n\t\t\t\t<section class=\"elementor-section elementor-top-section elementor-element elementor-element-b2e3888 elementor-section-stretched elementor-section-boxed elementor-section-height-default elementor-section-height-default\" data-id=\"b2e3888\" data-element_type=\"section\" data-settings=\"{&quot;stretch_section&quot;:&quot;section-stretched&quot;}\">\n\t\t\t\t\t\t<div class=\"elementor-container elementor-column-gap-extended\">\n\t\t\t\t\t<div class=\"elementor-column elementor-col-50 elementor-top-column elementor-element elementor-element-8daf627\" data-id=\"8daf627\" data-element_type=\"column\">\n\t\t\t<div class=\"elementor-widget-wrap elementor-element-populated\">\n\t\t\t\t\t\t<div class=\"elementor-element elementor-element-41d562f elementor-widget elementor-widget-image\" data-id=\"41d562f\" data-element_type=\"widget\" data-widget_type=\"image.default\">\n\t\t\t\t<div class=\"elementor-widget-container\">\n\t\t\t\t\t\t\t\t\t\t\t\t\t\t\t<img decoding=\"async\" width=\"621\" height=\"508\" src=\"https:\/\/bogazicisu.com\/endustriyel\/wp-content\/uploads\/2023\/07\/ne_sunuyoruz.png\" class=\"attachment-full size-full wp-image-2735\" alt=\"\" srcset=\"https:\/\/bogazicisu.com\/endustriyel\/wp-content\/uploads\/2023\/07\/ne_sunuyoruz.png 621w, https:\/\/bogazicisu.com\/endustriyel\/wp-content\/uploads\/2023\/07\/ne_sunuyoruz-300x245.png 300w\" sizes=\"(max-width: 621px) 100vw, 621px\" \/>\t\t\t\t\t\t\t\t\t\t\t\t\t\t\t<\/div>\n\t\t\t\t<\/div>\n\t\t\t\t\t<\/div>\n\t\t<\/div>\n\t\t\t\t<div class=\"elementor-column elementor-col-50 elementor-top-column elementor-element elementor-element-98643ea\" data-id=\"98643ea\" data-element_type=\"column\">\n\t\t\t<div class=\"elementor-widget-wrap elementor-element-populated\">\n\t\t\t\t\t\t<div class=\"elementor-element elementor-element-d74a121 elementor-widget elementor-widget-apus_element_address_box\" data-id=\"d74a121\" data-element_type=\"widget\" data-widget_type=\"apus_element_address_box.default\">\n\t\t\t\t<div class=\"elementor-widget-container\">\n\t\t\t\t\t            <div class=\"widget-box   style2\">\n                <div class=\"row\">\n                                            <div class=\"item col-12 col-sm-12\">\n                            <div class=\"item-box style2\">\n                                 <div class=\"top-inner\">\n                                    <div class=\"features-box-image number\">1<\/div><\/div><div class=\"features-box-content\"><h3 class=\"title\">\u00c7\u00f6z\u00fcmler<\/h3><div class=\"description\">10'dan fazla su tipi i\u00e7in \u00e7\u00f6z\u00fcmler sunuyoruz. \u00d6zel veya standart sistemlerimiz ile hizmet veriyoruz.<\/div><\/div>\n                            <\/div>\n                        <\/div>\n                                            <div class=\"item col-12 col-sm-12\">\n                            <div class=\"item-box style2\">\n                                 <div class=\"top-inner\">\n                                    <div class=\"features-box-image number\">2<\/div><\/div><div class=\"features-box-content\"><h3 class=\"title\">Sistemler<\/h3><div class=\"description\">Farkl\u0131 alanlardaki ihtiya\u00e7lar do\u011frultusunda farkl\u0131 i\u015flevlere sahip su sistemlerini sizler i\u00e7in haz\u0131rl\u0131yoruz.<\/div><\/div>\n                            <\/div>\n                        <\/div>\n                                            <div class=\"item col-12 col-sm-12\">\n                            <div class=\"item-box style2\">\n                                 <div class=\"top-inner\">\n                                    <div class=\"features-box-image number\">3<\/div><\/div><div class=\"features-box-content\"><h3 class=\"title\">Malzeme<\/h3><div class=\"description\">End\u00fcstriyel su alan\u0131ndaki t\u00fcm malzeme ve \u00fcr\u00fcn ihtiya\u00e7lar\u0131n\u0131z\u0131 kar\u015f\u0131l\u0131yoruz.<\/div><\/div>\n                            <\/div>\n                        <\/div>\n                                            <div class=\"item col-12 col-sm-12\">\n                            <div class=\"item-box style2\">\n                                 <div class=\"top-inner\">\n                                    <div class=\"features-box-image number\">4<\/div><\/div><div class=\"features-box-content\"><h3 class=\"title\">Servis<\/h3><div class=\"description\">Ekibimiz, ihtiya\u00e7lar\u0131n\u0131z\u0131 anlamak, en uygun \u00e7\u00f6z\u00fcmleri sunmak ve her ad\u0131mda size destek olmak i\u00e7in yan\u0131n\u0131zda.<\/div><\/div>\n                            <\/div>\n                        <\/div>\n                                    <\/div>\n            <\/div>\n            \t\t\t\t<\/div>\n\t\t\t\t<\/div>\n\t\t\t\t\t<\/div>\n\t\t<\/div>\n\t\t\t\t\t<\/div>\n\t\t<\/section>\n\t\t\t\t<\/div>\n\t\t","protected":false},"excerpt":{"rendered":"<p>End\u00fcstriyel Hizmetlerimiz Bo\u011fazi\u00e7i End\u00fcstriyel Su alan\u0131nda t\u00fcm hizmetlerinizi \u00fcstlenerek anahtar teslim i\u015flere imza atmaya sizlerle devam ediyoruz.\u00a0 1 Projelendirme \u0130htiya\u00e7lar\u0131n\u0131za uygun \u00f6zelle\u015ftirilmi\u015f su proses projeleri tasarlayarak en etkili ve verimli \u00e7\u00f6z\u00fcmleri sunuyoruz. 2 S\u00fcperviz\u00f6r \u00dcstlenme Projelerinizin ba\u015far\u0131l\u0131 bir \u015fekilde hayata ge\u00e7irilmesi i\u00e7in uzman s\u00fcperviz\u00f6rlerimiz, t\u00fcm s\u00fcre\u00e7leri takip ederek kalite ve uygunluk sa\u011flar. 3 Kurulum &#8211; [&hellip;]<\/p>\n","protected":false},"author":1,"featured_media":0,"parent":0,"menu_order":0,"comment_status":"closed","ping_status":"closed","template":"","meta":{"inline_featured_image":false,"footnotes":""},"class_list":["post-2432","page","type-page","status-publish","hentry"],"aioseo_notices":[],"_links":{"self":[{"href":"https:\/\/bogazicisu.com\/endustriyel\/wp-json\/wp\/v2\/pages\/2432","targetHints":{"allow":["GET"]}}],"collection":[{"href":"https:\/\/bogazicisu.com\/endustriyel\/wp-json\/wp\/v2\/pages"}],"about":[{"href":"https:\/\/bogazicisu.com\/endustriyel\/wp-json\/wp\/v2\/types\/page"}],"author":[{"embeddable":true,"href":"https:\/\/bogazicisu.com\/endustriyel\/wp-json\/wp\/v2\/users\/1"}],"replies":[{"embeddable":true,"href":"https:\/\/bogazicisu.com\/endustriyel\/wp-json\/wp\/v2\/comments?post=2432"}],"version-history":[{"count":24,"href":"https:\/\/bogazicisu.com\/endustriyel\/wp-json\/wp\/v2\/pages\/2432\/revisions"}],"predecessor-version":[{"id":3287,"href":"https:\/\/bogazicisu.com\/endustriyel\/wp-json\/wp\/v2\/pages\/2432\/revisions\/3287"}],"wp:attachment":[{"href":"https:\/\/bogazicisu.com\/endustriyel\/wp-json\/wp\/v2\/media?parent=2432"}],"curies":[{"name":"wp","href":"https:\/\/api.w.org\/{rel}","templated":true}]}}