{"id":29560,"date":"2022-08-10T16:30:32","date_gmt":"2022-08-10T13:30:32","guid":{"rendered":"https:\/\/bogazicisu.com\/emlak\/?page_id=29560"},"modified":"2022-08-10T16:31:57","modified_gmt":"2022-08-10T13:31:57","slug":"banka-aydinlatma-metni","status":"publish","type":"page","link":"https:\/\/bogazicisu.com\/emlak\/banka-aydinlatma-metni","title":{"rendered":"Banka Ayd\u0131nlatma Metni"},"content":{"rendered":"<p><b>Ba\u015fl\u0131k<\/b><\/p>\n<p>Paragraf<\/p>\n","protected":false},"excerpt":{"rendered":"<p>Ba\u015fl\u0131k Paragraf<\/p>\n","protected":false},"author":1,"featured_media":0,"parent":0,"menu_order":0,"comment_status":"closed","ping_status":"closed","template":"terms_conditions.php","meta":{"om_disable_all_campaigns":false,"footnotes":""},"class_list":["post-29560","page","type-page","status-publish","hentry"],"aioseo_notices":[],"_links":{"self":[{"href":"https:\/\/bogazicisu.com\/emlak\/wp-json\/wp\/v2\/pages\/29560","targetHints":{"allow":["GET"]}}],"collection":[{"href":"https:\/\/bogazicisu.com\/emlak\/wp-json\/wp\/v2\/pages"}],"about":[{"href":"https:\/\/bogazicisu.com\/emlak\/wp-json\/wp\/v2\/types\/page"}],"author":[{"embeddable":true,"href":"https:\/\/bogazicisu.com\/emlak\/wp-json\/wp\/v2\/users\/1"}],"replies":[{"embeddable":true,"href":"https:\/\/bogazicisu.com\/emlak\/wp-json\/wp\/v2\/comments?post=29560"}],"version-history":[{"count":2,"href":"https:\/\/bogazicisu.com\/emlak\/wp-json\/wp\/v2\/pages\/29560\/revisions"}],"predecessor-version":[{"id":29563,"href":"https:\/\/bogazicisu.com\/emlak\/wp-json\/wp\/v2\/pages\/29560\/revisions\/29563"}],"wp:attachment":[{"href":"https:\/\/bogazicisu.com\/emlak\/wp-json\/wp\/v2\/media?parent=29560"}],"curies":[{"name":"wp","href":"https:\/\/api.w.org\/{rel}","templated":true}]}}