{"id":29558,"date":"2022-08-10T16:30:04","date_gmt":"2022-08-10T13:30:04","guid":{"rendered":"https:\/\/bogazicisu.com\/emlak\/?page_id=29558"},"modified":"2022-08-10T16:31:57","modified_gmt":"2022-08-10T13:31:57","slug":"kisisel-verilerin-korunmasi-hakkinda","status":"publish","type":"page","link":"https:\/\/bogazicisu.com\/emlak\/kisisel-verilerin-korunmasi-hakkinda","title":{"rendered":"Ki\u015fisel Verilerin Korunmas\u0131 Hakk\u0131nda"},"content":{"rendered":"<p><b>Ba\u015fl\u0131k<\/b><\/p>\n<p>Paragraf<\/p>\n","protected":false},"excerpt":{"rendered":"<p>Ba\u015fl\u0131k Paragraf<\/p>\n","protected":false},"author":1,"featured_media":0,"parent":0,"menu_order":0,"comment_status":"closed","ping_status":"closed","template":"terms_conditions.php","meta":{"om_disable_all_campaigns":false,"footnotes":""},"class_list":["post-29558","page","type-page","status-publish","hentry"],"aioseo_notices":[],"_links":{"self":[{"href":"https:\/\/bogazicisu.com\/emlak\/wp-json\/wp\/v2\/pages\/29558","targetHints":{"allow":["GET"]}}],"collection":[{"href":"https:\/\/bogazicisu.com\/emlak\/wp-json\/wp\/v2\/pages"}],"about":[{"href":"https:\/\/bogazicisu.com\/emlak\/wp-json\/wp\/v2\/types\/page"}],"author":[{"embeddable":true,"href":"https:\/\/bogazicisu.com\/emlak\/wp-json\/wp\/v2\/users\/1"}],"replies":[{"embeddable":true,"href":"https:\/\/bogazicisu.com\/emlak\/wp-json\/wp\/v2\/comments?post=29558"}],"version-history":[{"count":1,"href":"https:\/\/bogazicisu.com\/emlak\/wp-json\/wp\/v2\/pages\/29558\/revisions"}],"predecessor-version":[{"id":29559,"href":"https:\/\/bogazicisu.com\/emlak\/wp-json\/wp\/v2\/pages\/29558\/revisions\/29559"}],"wp:attachment":[{"href":"https:\/\/bogazicisu.com\/emlak\/wp-json\/wp\/v2\/media?parent=29558"}],"curies":[{"name":"wp","href":"https:\/\/api.w.org\/{rel}","templated":true}]}}