{"id":29208,"date":"2021-12-10T11:39:31","date_gmt":"2021-12-10T11:39:31","guid":{"rendered":"https:\/\/wpestate1.wpestate.info\/?page_id=29208"},"modified":"2021-12-10T11:39:31","modified_gmt":"2021-12-10T11:39:31","slug":"blog-list-shortcodes-2","status":"publish","type":"page","link":"https:\/\/bogazicisu.com\/emlak\/blog-list-shortcodes-2","title":{"rendered":"Blog List Shortcodes"},"content":{"rendered":"\t\t<div data-elementor-type=\"wp-page\" data-elementor-id=\"29208\" class=\"elementor elementor-29208\">\n\t\t\t\t\t\t\t\t\t<section class=\"elementor-section elementor-top-section elementor-element elementor-element-caadcea elementor-section-stretched elementor-section-boxed elementor-section-height-default elementor-section-height-default\" data-id=\"caadcea\" data-element_type=\"section\" data-settings=\"{&quot;stretch_section&quot;:&quot;section-stretched&quot;,&quot;background_background&quot;:&quot;classic&quot;}\">\n\t\t\t\t\t\t<div class=\"elementor-container elementor-column-gap-default\">\n\t\t\t\t\t<div class=\"elementor-column elementor-col-100 elementor-top-column elementor-element elementor-element-62e0f277\" data-id=\"62e0f277\" data-element_type=\"column\">\n\t\t\t<div class=\"elementor-widget-wrap elementor-element-populated\">\n\t\t\t\t\t\t\t\t<div class=\"elementor-element elementor-element-1a78c045 elementor-widget elementor-widget-WpResidenc_Items_Slider\" data-id=\"1a78c045\" data-element_type=\"widget\" data-widget_type=\"WpResidenc_Items_Slider.default\">\n\t\t\t\t<div class=\"elementor-widget-container\">\n\t\t\t<div class=\"article_container slider_container bottom-articles nobutton  \" ><h2 class=\"shortcode_title title_slider\">Blog Posts Slider<\/h2><div class=\"shortcode_slider_wrapper\" ><div class=\"shortcode_slider_list slider_no45381 arrow_class_sideways \" data-items-per-row=\"3\"  data-auto=\"0\" ><div class=\" slider_prop_wrapper   three_per_row  \" >  \n\n<div  class=\"col-md- shortcode-col  listing_wrapper blog2v\"> \n    <div class=\"property_listing_blog\" data-link=\"https:\/\/bogazicisu.com\/emlak\/genel\/merhaba-dunya\">\n        <div class=\"blog_unit_image\"><a href=\"https:\/\/bogazicisu.com\/emlak\/genel\/merhaba-dunya\" ><img decoding=\"async\" src=\"https:\/\/bogazicisu.com\/emlak\/wp-content\/themes\/wpresidence\/img\/defaults\/default_property_listings.jpg\" class=\"b-lazy img-responsive wp-post-image  lazy-hidden\" alt=\"kullan\u0131c\u0131 resmi\" \/><\/a><\/div>\n           <h4>\n               <a href=\"https:\/\/bogazicisu.com\/emlak\/genel\/merhaba-dunya\" class=\"blog_unit_title\">Merhaba d\u00fcnya!<\/a> \n           <\/h4>\n        \n           <div class=\"blog_unit_meta\">\n            A\u011fu 08, 2022            \n           <\/div>\n           \n            <div class=\"listing_details the_grid_view\">\n                WordPress&#8217;e ho\u015f geldiniz. Bu sizin ilk yaz\u0131n\u0131z. Bu yaz\u0131y\u0131 d\u00fczenleyin ya da silin. Sonra yazmaya ba\u015flay\u0131n!            <\/div>\n\n            <a class=\"read_more\" href=\"https:\/\/bogazicisu.com\/emlak\/genel\/merhaba-dunya\"> Okumaya devam<i class=\"fas fa-angle-right\"><\/i> <\/a>\n\n        <\/div>          \n    <\/div>      <\/div><div class=\" slider_prop_wrapper   three_per_row  \" >  \n\n<div  class=\"col-md- shortcode-col  listing_wrapper blog2v\"> \n    <div class=\"property_listing_blog\" data-link=\"https:\/\/bogazicisu.com\/emlak\/selling-properties\/sidebar-on-the-right-search-widget\">\n        <div class=\"blog_unit_image\"><a href=\"https:\/\/bogazicisu.com\/emlak\/selling-properties\/sidebar-on-the-right-search-widget\" ><img loading=\"lazy\" decoding=\"async\" width=\"525\" height=\"328\" src=\"https:\/\/bogazicisu.com\/emlak\/wp-content\/uploads\/2017\/11\/interior28-4-525x328.jpg\" class=\"lazyload img-responsive wp-post-image\" alt=\"\" data-original=\"https:\/\/bogazicisu.com\/emlak\/wp-content\/uploads\/2017\/11\/interior28-4-525x328.jpg\" \/><\/a><\/div>\n           <h4>\n               <a href=\"https:\/\/bogazicisu.com\/emlak\/selling-properties\/sidebar-on-the-right-search-widget\" class=\"blog_unit_title\">Search widget on the right<\/a> \n           <\/h4>\n        \n           <div class=\"blog_unit_meta\">\n            Eyl 08, 2017            \n           <\/div>\n           \n            <div class=\"listing_details the_grid_view\">\n                \n\t\t\t\tA modern redrawing of the 1807 version of the Commissioner's Grid plan for Manhattan, a few years before it wa <a href=\"https:\/\/bogazicisu.com\/emlak\/selling-properties\/sidebar-on-the-right-search-widget\" class=\"unit_more_x\">...<\/a>            <\/div>\n\n            <a class=\"read_more\" href=\"https:\/\/bogazicisu.com\/emlak\/selling-properties\/sidebar-on-the-right-search-widget\"> Okumaya devam<i class=\"fas fa-angle-right\"><\/i> <\/a>\n\n        <\/div>          \n    <\/div>      <\/div><div class=\" slider_prop_wrapper   three_per_row  \" >  \n\n<div  class=\"col-md- shortcode-col  listing_wrapper blog2v\"> \n    <div class=\"property_listing_blog\" data-link=\"https:\/\/bogazicisu.com\/emlak\/selling-properties\/why-live-in-new-york-2\">\n        <div class=\"blog_unit_image\"><a href=\"https:\/\/bogazicisu.com\/emlak\/selling-properties\/why-live-in-new-york-2\" ><img loading=\"lazy\" decoding=\"async\" width=\"525\" height=\"328\" src=\"https:\/\/bogazicisu.com\/emlak\/wp-content\/uploads\/2014\/05\/blue-1-7-4-525x328.jpg\" class=\"lazyload img-responsive wp-post-image\" alt=\"\" data-original=\"https:\/\/bogazicisu.com\/emlak\/wp-content\/uploads\/2014\/05\/blue-1-7-4-525x328.jpg\" \/><\/a><\/div>\n           <h4>\n               <a href=\"https:\/\/bogazicisu.com\/emlak\/selling-properties\/why-live-in-new-york-2\" class=\"blog_unit_title\">Why Live in New York<\/a> \n           <\/h4>\n        \n           <div class=\"blog_unit_meta\">\n            Mar 04, 2016            \n           <\/div>\n           \n            <div class=\"listing_details the_grid_view\">\n                In contrast with New York City&#8217;s urban atmosphere, the vast majority of the state is dominated by farms, fore <a href=\"https:\/\/bogazicisu.com\/emlak\/selling-properties\/why-live-in-new-york-2\" class=\"unit_more_x\">...<\/a>            <\/div>\n\n            <a class=\"read_more\" href=\"https:\/\/bogazicisu.com\/emlak\/selling-properties\/why-live-in-new-york-2\"> Okumaya devam<i class=\"fas fa-angle-right\"><\/i> <\/a>\n\n        <\/div>          \n    <\/div>      <\/div><div class=\" slider_prop_wrapper   three_per_row  \" >  \n\n<div  class=\"col-md- shortcode-col  listing_wrapper blog2v\"> \n    <div class=\"property_listing_blog\" data-link=\"https:\/\/bogazicisu.com\/emlak\/selling-properties\/manhattan-apartments\">\n        <div class=\"blog_unit_image\"><a href=\"https:\/\/bogazicisu.com\/emlak\/selling-properties\/manhattan-apartments\" ><img loading=\"lazy\" decoding=\"async\" width=\"525\" height=\"328\" src=\"https:\/\/bogazicisu.com\/emlak\/wp-content\/uploads\/2014\/05\/blue-1-7-4-525x328.jpg\" class=\"lazyload img-responsive wp-post-image\" alt=\"\" data-original=\"https:\/\/bogazicisu.com\/emlak\/wp-content\/uploads\/2014\/05\/blue-1-7-4-525x328.jpg\" \/><\/a><\/div>\n           <h4>\n               <a href=\"https:\/\/bogazicisu.com\/emlak\/selling-properties\/manhattan-apartments\" class=\"blog_unit_title\">Manhattan Apartments<\/a> \n           <\/h4>\n        \n           <div class=\"blog_unit_meta\">\n            Mar 04, 2016            \n           <\/div>\n           \n            <div class=\"listing_details the_grid_view\">\n                In Manhattan, uptown means north (more precisely north-northeast, which is the direction the island and its street  <a href=\"https:\/\/bogazicisu.com\/emlak\/selling-properties\/manhattan-apartments\" class=\"unit_more_x\">...<\/a>            <\/div>\n\n            <a class=\"read_more\" href=\"https:\/\/bogazicisu.com\/emlak\/selling-properties\/manhattan-apartments\"> Okumaya devam<i class=\"fas fa-angle-right\"><\/i> <\/a>\n\n        <\/div>          \n    <\/div>      <\/div><\/div><\/div><\/div>\t\t<\/div>\n\t\t\t\t<\/div>\n\t\t\t\t\t<\/div>\n\t\t<\/div>\n\t\t\t\t\t\t\t<\/div>\n\t\t<\/section>\n\t\t\t\t<section class=\"elementor-section elementor-top-section elementor-element elementor-element-3ed99c9a elementor-section-stretched elementor-section-boxed elementor-section-height-default elementor-section-height-default\" data-id=\"3ed99c9a\" data-element_type=\"section\" data-settings=\"{&quot;stretch_section&quot;:&quot;section-stretched&quot;,&quot;background_background&quot;:&quot;classic&quot;}\">\n\t\t\t\t\t\t<div class=\"elementor-container elementor-column-gap-default\">\n\t\t\t\t\t<div class=\"elementor-column elementor-col-100 elementor-top-column elementor-element elementor-element-3c999094\" data-id=\"3c999094\" data-element_type=\"column\">\n\t\t\t<div class=\"elementor-widget-wrap elementor-element-populated\">\n\t\t\t\t\t\t\t\t<div class=\"elementor-element elementor-element-2efba46b elementor-widget elementor-widget-WpResidence_Items_List\" data-id=\"2efba46b\" data-element_type=\"widget\" data-widget_type=\"WpResidence_Items_List.default\">\n\t\t\t\t<div class=\"elementor-widget-container\">\n\t\t\t<div id=\"wpestate_sh_anime_144\" class=\"article_container wpestate_anime wpestate_latest_listings_sh bottom-post  blogs_wrapper \"  data-type=\"post\" data-category_ids=\"\" data-action_ids=\"\" data-city_ids=\"\" data-area_ids=\"\" data-state_ids=\"\" data-status_ids=\"\" data-number=\"3\" data-row-number=\"3\" data-card-version=\"\" data-align=\"vertical\" data-show_featured_only=\"no\"  data-random_pick=\"no\"  data-featured_first=\"no\" data-sort-by=\"0\"data-page=\"1\" ><h2 class=\"shortcode_title\">Blog Posts lists<\/h2>  \n\n<div  class=\"col-md-4 shortcode-col  listing_wrapper blog2v\"> \n    <div class=\"property_listing_blog\" data-link=\"https:\/\/bogazicisu.com\/emlak\/genel\/merhaba-dunya\">\n        <div class=\"blog_unit_image\"><a href=\"https:\/\/bogazicisu.com\/emlak\/genel\/merhaba-dunya\" ><img decoding=\"async\" src=\"https:\/\/bogazicisu.com\/emlak\/wp-content\/themes\/wpresidence\/img\/defaults\/default_property_listings.jpg\" class=\"b-lazy img-responsive wp-post-image  lazy-hidden\" alt=\"kullan\u0131c\u0131 resmi\" \/><\/a><\/div>\n           <h4>\n               <a href=\"https:\/\/bogazicisu.com\/emlak\/genel\/merhaba-dunya\" class=\"blog_unit_title\">Merhaba d\u00fcnya!<\/a> \n           <\/h4>\n        \n           <div class=\"blog_unit_meta\">\n            A\u011fu 08, 2022            \n           <\/div>\n           \n            <div class=\"listing_details the_grid_view\">\n                WordPress&#8217;e ho\u015f geldiniz. Bu sizin ilk yaz\u0131n\u0131z. Bu yaz\u0131y\u0131 d\u00fczenleyin ya da silin. Sonra yazmaya ba\u015flay\u0131n!            <\/div>\n\n            <a class=\"read_more\" href=\"https:\/\/bogazicisu.com\/emlak\/genel\/merhaba-dunya\"> Okumaya devam<i class=\"fas fa-angle-right\"><\/i> <\/a>\n\n        <\/div>          \n    <\/div>        \n\n<div  class=\"col-md-4 shortcode-col  listing_wrapper blog2v\"> \n    <div class=\"property_listing_blog\" data-link=\"https:\/\/bogazicisu.com\/emlak\/selling-properties\/sidebar-on-the-right-search-widget\">\n        <div class=\"blog_unit_image\"><a href=\"https:\/\/bogazicisu.com\/emlak\/selling-properties\/sidebar-on-the-right-search-widget\" ><img loading=\"lazy\" decoding=\"async\" width=\"525\" height=\"328\" src=\"https:\/\/bogazicisu.com\/emlak\/wp-content\/uploads\/2017\/11\/interior28-4-525x328.jpg\" class=\"lazyload img-responsive wp-post-image\" alt=\"\" data-original=\"https:\/\/bogazicisu.com\/emlak\/wp-content\/uploads\/2017\/11\/interior28-4-525x328.jpg\" \/><\/a><\/div>\n           <h4>\n               <a href=\"https:\/\/bogazicisu.com\/emlak\/selling-properties\/sidebar-on-the-right-search-widget\" class=\"blog_unit_title\">Search widget on the right<\/a> \n           <\/h4>\n        \n           <div class=\"blog_unit_meta\">\n            Eyl 08, 2017            \n           <\/div>\n           \n            <div class=\"listing_details the_grid_view\">\n                \n\t\t\t\tA modern redrawing of the 1807 version of the Commissioner's Grid plan for Manhattan, a few years before it wa <a href=\"https:\/\/bogazicisu.com\/emlak\/selling-properties\/sidebar-on-the-right-search-widget\" class=\"unit_more_x\">...<\/a>            <\/div>\n\n            <a class=\"read_more\" href=\"https:\/\/bogazicisu.com\/emlak\/selling-properties\/sidebar-on-the-right-search-widget\"> Okumaya devam<i class=\"fas fa-angle-right\"><\/i> <\/a>\n\n        <\/div>          \n    <\/div>        \n\n<div  class=\"col-md-4 shortcode-col  listing_wrapper blog2v\"> \n    <div class=\"property_listing_blog\" data-link=\"https:\/\/bogazicisu.com\/emlak\/selling-properties\/why-live-in-new-york-2\">\n        <div class=\"blog_unit_image\"><a href=\"https:\/\/bogazicisu.com\/emlak\/selling-properties\/why-live-in-new-york-2\" ><img loading=\"lazy\" decoding=\"async\" width=\"525\" height=\"328\" src=\"https:\/\/bogazicisu.com\/emlak\/wp-content\/uploads\/2014\/05\/blue-1-7-4-525x328.jpg\" class=\"lazyload img-responsive wp-post-image\" alt=\"\" data-original=\"https:\/\/bogazicisu.com\/emlak\/wp-content\/uploads\/2014\/05\/blue-1-7-4-525x328.jpg\" \/><\/a><\/div>\n           <h4>\n               <a href=\"https:\/\/bogazicisu.com\/emlak\/selling-properties\/why-live-in-new-york-2\" class=\"blog_unit_title\">Why Live in New York<\/a> \n           <\/h4>\n        \n           <div class=\"blog_unit_meta\">\n            Mar 04, 2016            \n           <\/div>\n           \n            <div class=\"listing_details the_grid_view\">\n                In contrast with New York City&#8217;s urban atmosphere, the vast majority of the state is dominated by farms, fore <a href=\"https:\/\/bogazicisu.com\/emlak\/selling-properties\/why-live-in-new-york-2\" class=\"unit_more_x\">...<\/a>            <\/div>\n\n            <a class=\"read_more\" href=\"https:\/\/bogazicisu.com\/emlak\/selling-properties\/why-live-in-new-york-2\"> Okumaya devam<i class=\"fas fa-angle-right\"><\/i> <\/a>\n\n        <\/div>          \n    <\/div>      <div class=\"wpestate_listing_sh_loader\">\n       <div class=\"new_prelader\"><\/div>\n    <\/div><div class=\"listinglink-wrapper_sh_listings\">\n               <span class=\"wpresidence_button wpestate_item_list_sh\">  makaleler y\u00fckleyin <\/span>\n               <\/div><\/div>\t\t<\/div>\n\t\t\t\t<\/div>\n\t\t\t\t\t<\/div>\n\t\t<\/div>\n\t\t\t\t\t\t\t<\/div>\n\t\t<\/section>\n\t\t\t\t\t\t\t<\/div>\n\t\t","protected":false},"excerpt":{"rendered":"<p>Blog Posts Slider Hello world! Dec 10, 2021 Welcome to WordPress. This is your first post. Edit or delete it, then start writing! Continue reading Search widget on the right Sep 08, 2017 A modern redrawing of the 1807 version of the Commissioner&#8217;s Grid plan for Manhattan, a few years before it wa &#8230; Continue reading Why Live in New York Mar 04, 2016 &#8230;<\/p>\n","protected":false},"author":1,"featured_media":0,"parent":0,"menu_order":0,"comment_status":"closed","ping_status":"closed","template":"","meta":{"om_disable_all_campaigns":false,"footnotes":""},"class_list":["post-29208","page","type-page","status-publish","hentry"],"aioseo_notices":[],"_links":{"self":[{"href":"https:\/\/bogazicisu.com\/emlak\/wp-json\/wp\/v2\/pages\/29208","targetHints":{"allow":["GET"]}}],"collection":[{"href":"https:\/\/bogazicisu.com\/emlak\/wp-json\/wp\/v2\/pages"}],"about":[{"href":"https:\/\/bogazicisu.com\/emlak\/wp-json\/wp\/v2\/types\/page"}],"author":[{"embeddable":true,"href":"https:\/\/bogazicisu.com\/emlak\/wp-json\/wp\/v2\/users\/1"}],"replies":[{"embeddable":true,"href":"https:\/\/bogazicisu.com\/emlak\/wp-json\/wp\/v2\/comments?post=29208"}],"version-history":[{"count":0,"href":"https:\/\/bogazicisu.com\/emlak\/wp-json\/wp\/v2\/pages\/29208\/revisions"}],"wp:attachment":[{"href":"https:\/\/bogazicisu.com\/emlak\/wp-json\/wp\/v2\/media?parent=29208"}],"curies":[{"name":"wp","href":"https:\/\/api.w.org\/{rel}","templated":true}]}}